{"id":121,"date":"2018-11-29T15:13:34","date_gmt":"2018-11-29T15:13:34","guid":{"rendered":"https:\/\/www.maxpokerbonus.com\/de\/?page_id=121"},"modified":"2018-11-30T14:12:59","modified_gmt":"2018-11-30T14:12:59","slug":"neteller","status":"publish","type":"page","link":"https:\/\/www.maxpokerbonus.com\/de\/online-poker-echtgeld\/neteller\/","title":{"rendered":"NETeller"},"content":{"rendered":"<div class=\"content\">\n<h2>Allgemeine Informationen<\/h2>\n<p><img loading=\"lazy\" decoding=\"async\" class=\"alignright size-medium wp-image-122\" src=\"https:\/\/www.maxpokerbonus.com\/de\/wp-content\/uploads\/de\/neteller-logo-300x100-300x100.jpg\" alt=\"NETeller\" width=\"300\" height=\"100\" \/>NETeller\u00a0ist eine sogenannte E-Wallet, mithilfe derer Ihnen ein schneller und einfacher Weg geboten wird, Ihr Bankkonto bzw. Ihre Kredit-\/Debitkarte(n) zu verwenden, um Einzahlungen auf Ihr Poker-Konto vorzunehmen. NETeller akzeptiert auch Einzahlungen \u00fcber Internet-Banking aus Gro\u00dfbritannien, Deutschland, den Niederlanden, Schweden, Finnland, Norwegen, D\u00e4nemark, Frankreich und Spanien.<\/p>\n<\/div>\n<div class=\"content\">\n<h2>NETeller Account einrichten<\/h2>\n<ol class=\"ol_list\">\n<li>Auf\u00a0<a href=\"https:\/\/www.neteller.com\/de\/\" target=\"_blank\" rel=\"nofollow noopener\">www.neteller.com<\/a>\u00a0klicken Sie auf &#8222;Join Now&#8220;.<\/li>\n<li>Geben Sie Ihre E-mail Adresse und ein Passwort f\u00fcr Ihren NETeller Account ein. Suchen Sie sich eine Frage aus, f\u00fcr den Fall, da\u00df Sie Ihr Passwort verlieren sollten. W\u00e4hlen Sie Ihre gew\u00fcnschte W\u00e4hrung aus.<\/li>\n<li>Lesen Sie sich die Gesch\u00e4ftsbedingungen durch und fahren Sie fort, wenn Sie ihnen zustimmen.<\/li>\n<li>Geben Sie Ihre pers\u00f6nlichen Daten an (Name, Adresse, Telephonnummer, Geschlecht und Geburtsdatum) und klicken Sie anschlie\u00dfend auf &#8222;Fortfahren&#8220;.<\/li>\n<li>Ihr Konto ist eingerichtet! Sie erhalten nun Ihre &#8222;Konto-ID&#8220; und &#8222;Sichere ID&#8220;, die Sie sich notieren und aufbewahren sollten. Sie werden sie auch sicherheitshalber nochmals in der Best\u00e4tigungsmail erhalten.<\/li>\n<\/ol>\n<\/div>\n<div class=\"content\">\n<h2>Einzahlungen und \u00dcberweisungen<\/h2>\n<p>Nach erfolgter Einrichtung k\u00f6nnen Sie bereits von Ihrer Kundenkarte (VISA Debit oder VISA Electron) oder einer VISA Kreditkarte (bis zu einem Maximum von \u20ac100 pro \u00dcberweisung) respektive Ihrem Bankkonto auf Ihren Account einzahlen. Die Gutschriften bei Kunden- und Kreditkarte erfolgen sogleich, bei der Verwendung eines Bankkontos kann es ein paar Tage dauern, bis der Betrag aufscheint. Bei den \u00dcberweisungen liegt der Mindestbetrag bei \u20ac15. Die Bearbeitungsgeb\u00fchren f\u00fcr Einzahlungen auf Ihren NETeller Account:<\/p>\n<ul class=\"ul_list\">\n<li><strong>Konto:<\/strong>\u00a0gratis<\/li>\n<li><strong>Kundenkarte:<\/strong>\u00a01,75%<\/li>\n<li><strong>Kreditkarte:<\/strong>\u00a01,75%<\/li>\n<\/ul>\n<\/div>\n<div class=\"content\">\n<h2>Poker Auszahlungen mit NETeller<\/h2>\n<p>Um Geld von Ihrem\u00a0NETeller\u00a0Account abzuheben, m\u00fcssen Sie diesen erst zu einem NETeller Extended Account hochstufen. Dies geschieht gratis und dient lediglich der endg\u00fcltigen Verifizierung Ihres Accounts. Sie werden hierzu auch vom Kundendienst von NETeller angerufen.<\/p>\n<p>Die Auszahlung erfolgt entweder per Scheck, auf Ihr Bankkonto oder eine NETeller Prepaid Card, die Gutschrift auf eine Kreditkarte ist leider nicht m\u00f6glich. Die dabei anfallenden Geb\u00fchren sind wie folgt:<\/p>\n<ul class=\"ul_list\">\n<li><strong>Konto:<\/strong>\u00a0\u20ac7,5 ($10) Pauschale<\/li>\n<li><strong>Scheck:<\/strong>\u00a0\u20ac7,5 ($10) Pauschale<\/li>\n<li><strong>Prepaid Card:<\/strong>\u00a0\u20ac0,75 ($1) Pauschale<\/li>\n<\/ul>\n<\/div>\n<div class=\"content\">\n<h2>Tipps und Hinweise<\/h2>\n<p>Bitte beachten Sie, da\u00df bei vielen Poker Seiten die E-Mail Adresse, die Sie bei NETeller angegeben haben, mit derjenigen, die Sie beim Poker Seite verwenden, abgeglichen wird. Wenn diese nicht \u00fcbereinstimmen, kann es sein, da\u00df Sie mit NETeller nicht auf Ihren Pokeraccount einzahlen k\u00f6nnen! Informieren Sie sich sicherheitshalber vorher beim jeweiligen Poker Seite!<\/p>\n<p>Sie k\u00f6nnen der Einfachheit halber bei der W\u00e4hrung gleich U.S. Dollar w\u00e4hlen, wenn Sie vorwiegend bei Poker Seiten spielen wollen, die $ als ihre W\u00e4hrung verwenden (nach wie vor der Gro\u00dfteil) und Sie den NETeller Account prim\u00e4r zum Pokern verwenden wollen.<\/p>\n<p>Mit dem kostenlosen Hochstufen Ihres NETeller Accounts erh\u00f6ht sich auch das Limit des Einzahlungsrahmens.<\/p>\n<\/div>\n","protected":false},"excerpt":{"rendered":"<p>Allgemeine Informationen NETeller\u00a0ist eine sogenannte E-Wallet, mithilfe derer Ihnen ein schneller und einfacher Weg geboten wird, Ihr Bankkonto bzw. Ihre Kredit-\/Debitkarte(n) zu verwenden, um Einzahlungen auf Ihr Poker-Konto vorzunehmen. NETeller akzeptiert auch Einzahlungen \u00fcber Internet-Banking aus Gro\u00dfbritannien, Deutschland, den Niederlanden, Schweden, Finnland, Norwegen, D\u00e4nemark, Frankreich und Spanien. NETeller Account einrichten Auf\u00a0www.neteller.com\u00a0klicken Sie auf &#8222;Join Now&#8220;. [&hellip;]<\/p>\n","protected":false},"author":1,"featured_media":0,"parent":17,"menu_order":0,"comment_status":"closed","ping_status":"closed","template":"","meta":{"_monsterinsights_skip_tracking":false,"_monsterinsights_sitenote_active":false,"_monsterinsights_sitenote_note":"","_monsterinsights_sitenote_category":0,"footnotes":""},"class_list":["post-121","page","type-page","status-publish","hentry"],"yoast_head":"<!-- This site is optimized with the Yoast SEO plugin v27.4 - https:\/\/yoast.com\/product\/yoast-seo-wordpress\/ -->\n<title>NETeller | Max Poker Bonus Deutschland<\/title>\n<meta name=\"robots\" content=\"index, follow, max-snippet:-1, max-image-preview:large, max-video-preview:-1\" \/>\n<link rel=\"canonical\" href=\"https:\/\/www.maxpokerbonus.com\/de\/online-poker-echtgeld\/neteller\/\" \/>\n<meta property=\"og:locale\" content=\"de_DE\" \/>\n<meta property=\"og:type\" content=\"article\" \/>\n<meta property=\"og:title\" content=\"NETeller | Max Poker Bonus Deutschland\" \/>\n<meta property=\"og:description\" content=\"Allgemeine Informationen NETeller\u00a0ist eine sogenannte E-Wallet, mithilfe derer Ihnen ein schneller und einfacher Weg geboten wird, Ihr Bankkonto bzw. Ihre Kredit-\/Debitkarte(n) zu verwenden, um Einzahlungen auf Ihr Poker-Konto vorzunehmen. NETeller akzeptiert auch Einzahlungen \u00fcber Internet-Banking aus Gro\u00dfbritannien, Deutschland, den Niederlanden, Schweden, Finnland, Norwegen, D\u00e4nemark, Frankreich und Spanien. NETeller Account einrichten Auf\u00a0www.neteller.com\u00a0klicken Sie auf &#8222;Join Now&#8220;. [&hellip;]\" \/>\n<meta property=\"og:url\" content=\"https:\/\/www.maxpokerbonus.com\/de\/online-poker-echtgeld\/neteller\/\" \/>\n<meta property=\"og:site_name\" content=\"Max Poker Bonus Deutschland\" \/>\n<meta property=\"article:modified_time\" content=\"2018-11-30T14:12:59+00:00\" \/>\n<meta property=\"og:image\" content=\"https:\/\/www.maxpokerbonus.com\/de\/wp-content\/uploads\/de\/2018\/11\/neteller-logo-300x100.jpg\" \/>\n\t<meta property=\"og:image:width\" content=\"300\" \/>\n\t<meta property=\"og:image:height\" content=\"100\" \/>\n\t<meta property=\"og:image:type\" content=\"image\/jpeg\" \/>\n<meta name=\"twitter:card\" content=\"summary_large_image\" \/>\n<meta name=\"twitter:label1\" content=\"Gesch\u00e4tzte Lesezeit\" \/>\n\t<meta name=\"twitter:data1\" content=\"2\u00a0Minuten\" \/>\n<script type=\"application\/ld+json\" class=\"yoast-schema-graph\">{\"@context\":\"https:\\\/\\\/schema.org\",\"@graph\":[{\"@type\":\"WebPage\",\"@id\":\"https:\\\/\\\/www.maxpokerbonus.com\\\/de\\\/online-poker-echtgeld\\\/neteller\\\/\",\"url\":\"https:\\\/\\\/www.maxpokerbonus.com\\\/de\\\/online-poker-echtgeld\\\/neteller\\\/\",\"name\":\"NETeller | Max Poker Bonus Deutschland\",\"isPartOf\":{\"@id\":\"https:\\\/\\\/www.maxpokerbonus.com\\\/de\\\/#website\"},\"primaryImageOfPage\":{\"@id\":\"https:\\\/\\\/www.maxpokerbonus.com\\\/de\\\/online-poker-echtgeld\\\/neteller\\\/#primaryimage\"},\"image\":{\"@id\":\"https:\\\/\\\/www.maxpokerbonus.com\\\/de\\\/online-poker-echtgeld\\\/neteller\\\/#primaryimage\"},\"thumbnailUrl\":\"https:\\\/\\\/www.maxpokerbonus.com\\\/de\\\/wp-content\\\/uploads\\\/de\\\/neteller-logo-300x100-300x100.jpg\",\"datePublished\":\"2018-11-29T15:13:34+00:00\",\"dateModified\":\"2018-11-30T14:12:59+00:00\",\"breadcrumb\":{\"@id\":\"https:\\\/\\\/www.maxpokerbonus.com\\\/de\\\/online-poker-echtgeld\\\/neteller\\\/#breadcrumb\"},\"inLanguage\":\"de\",\"potentialAction\":[{\"@type\":\"ReadAction\",\"target\":[\"https:\\\/\\\/www.maxpokerbonus.com\\\/de\\\/online-poker-echtgeld\\\/neteller\\\/\"]}]},{\"@type\":\"ImageObject\",\"inLanguage\":\"de\",\"@id\":\"https:\\\/\\\/www.maxpokerbonus.com\\\/de\\\/online-poker-echtgeld\\\/neteller\\\/#primaryimage\",\"url\":\"https:\\\/\\\/www.maxpokerbonus.com\\\/de\\\/wp-content\\\/uploads\\\/de\\\/2018\\\/11\\\/neteller-logo-300x100.jpg\",\"contentUrl\":\"https:\\\/\\\/www.maxpokerbonus.com\\\/de\\\/wp-content\\\/uploads\\\/de\\\/2018\\\/11\\\/neteller-logo-300x100.jpg\",\"width\":300,\"height\":100,\"caption\":\"NETeller\"},{\"@type\":\"BreadcrumbList\",\"@id\":\"https:\\\/\\\/www.maxpokerbonus.com\\\/de\\\/online-poker-echtgeld\\\/neteller\\\/#breadcrumb\",\"itemListElement\":[{\"@type\":\"ListItem\",\"position\":1,\"name\":\"Startseite\",\"item\":\"https:\\\/\\\/www.maxpokerbonus.com\\\/de\\\/\"},{\"@type\":\"ListItem\",\"position\":2,\"name\":\"Online Poker mit Echtgeld\",\"item\":\"https:\\\/\\\/www.maxpokerbonus.com\\\/de\\\/online-poker-echtgeld\\\/\"},{\"@type\":\"ListItem\",\"position\":3,\"name\":\"NETeller\"}]},{\"@type\":\"WebSite\",\"@id\":\"https:\\\/\\\/www.maxpokerbonus.com\\\/de\\\/#website\",\"url\":\"https:\\\/\\\/www.maxpokerbonus.com\\\/de\\\/\",\"name\":\"Max Poker Bonus Deutschland\",\"description\":\"\",\"potentialAction\":[{\"@type\":\"SearchAction\",\"target\":{\"@type\":\"EntryPoint\",\"urlTemplate\":\"https:\\\/\\\/www.maxpokerbonus.com\\\/de\\\/?s={search_term_string}\"},\"query-input\":{\"@type\":\"PropertyValueSpecification\",\"valueRequired\":true,\"valueName\":\"search_term_string\"}}],\"inLanguage\":\"de\"}]}<\/script>\n<!-- \/ Yoast SEO plugin. -->","yoast_head_json":{"title":"NETeller | Max Poker Bonus Deutschland","robots":{"index":"index","follow":"follow","max-snippet":"max-snippet:-1","max-image-preview":"max-image-preview:large","max-video-preview":"max-video-preview:-1"},"canonical":"https:\/\/www.maxpokerbonus.com\/de\/online-poker-echtgeld\/neteller\/","og_locale":"de_DE","og_type":"article","og_title":"NETeller | Max Poker Bonus Deutschland","og_description":"Allgemeine Informationen NETeller\u00a0ist eine sogenannte E-Wallet, mithilfe derer Ihnen ein schneller und einfacher Weg geboten wird, Ihr Bankkonto bzw. Ihre Kredit-\/Debitkarte(n) zu verwenden, um Einzahlungen auf Ihr Poker-Konto vorzunehmen. NETeller akzeptiert auch Einzahlungen \u00fcber Internet-Banking aus Gro\u00dfbritannien, Deutschland, den Niederlanden, Schweden, Finnland, Norwegen, D\u00e4nemark, Frankreich und Spanien. NETeller Account einrichten Auf\u00a0www.neteller.com\u00a0klicken Sie auf &#8222;Join Now&#8220;. [&hellip;]","og_url":"https:\/\/www.maxpokerbonus.com\/de\/online-poker-echtgeld\/neteller\/","og_site_name":"Max Poker Bonus Deutschland","article_modified_time":"2018-11-30T14:12:59+00:00","og_image":[{"width":300,"height":100,"url":"https:\/\/www.maxpokerbonus.com\/de\/wp-content\/uploads\/de\/2018\/11\/neteller-logo-300x100.jpg","type":"image\/jpeg"}],"twitter_card":"summary_large_image","twitter_misc":{"Gesch\u00e4tzte Lesezeit":"2\u00a0Minuten"},"schema":{"@context":"https:\/\/schema.org","@graph":[{"@type":"WebPage","@id":"https:\/\/www.maxpokerbonus.com\/de\/online-poker-echtgeld\/neteller\/","url":"https:\/\/www.maxpokerbonus.com\/de\/online-poker-echtgeld\/neteller\/","name":"NETeller | Max Poker Bonus Deutschland","isPartOf":{"@id":"https:\/\/www.maxpokerbonus.com\/de\/#website"},"primaryImageOfPage":{"@id":"https:\/\/www.maxpokerbonus.com\/de\/online-poker-echtgeld\/neteller\/#primaryimage"},"image":{"@id":"https:\/\/www.maxpokerbonus.com\/de\/online-poker-echtgeld\/neteller\/#primaryimage"},"thumbnailUrl":"https:\/\/www.maxpokerbonus.com\/de\/wp-content\/uploads\/de\/neteller-logo-300x100-300x100.jpg","datePublished":"2018-11-29T15:13:34+00:00","dateModified":"2018-11-30T14:12:59+00:00","breadcrumb":{"@id":"https:\/\/www.maxpokerbonus.com\/de\/online-poker-echtgeld\/neteller\/#breadcrumb"},"inLanguage":"de","potentialAction":[{"@type":"ReadAction","target":["https:\/\/www.maxpokerbonus.com\/de\/online-poker-echtgeld\/neteller\/"]}]},{"@type":"ImageObject","inLanguage":"de","@id":"https:\/\/www.maxpokerbonus.com\/de\/online-poker-echtgeld\/neteller\/#primaryimage","url":"https:\/\/www.maxpokerbonus.com\/de\/wp-content\/uploads\/de\/2018\/11\/neteller-logo-300x100.jpg","contentUrl":"https:\/\/www.maxpokerbonus.com\/de\/wp-content\/uploads\/de\/2018\/11\/neteller-logo-300x100.jpg","width":300,"height":100,"caption":"NETeller"},{"@type":"BreadcrumbList","@id":"https:\/\/www.maxpokerbonus.com\/de\/online-poker-echtgeld\/neteller\/#breadcrumb","itemListElement":[{"@type":"ListItem","position":1,"name":"Startseite","item":"https:\/\/www.maxpokerbonus.com\/de\/"},{"@type":"ListItem","position":2,"name":"Online Poker mit Echtgeld","item":"https:\/\/www.maxpokerbonus.com\/de\/online-poker-echtgeld\/"},{"@type":"ListItem","position":3,"name":"NETeller"}]},{"@type":"WebSite","@id":"https:\/\/www.maxpokerbonus.com\/de\/#website","url":"https:\/\/www.maxpokerbonus.com\/de\/","name":"Max Poker Bonus Deutschland","description":"","potentialAction":[{"@type":"SearchAction","target":{"@type":"EntryPoint","urlTemplate":"https:\/\/www.maxpokerbonus.com\/de\/?s={search_term_string}"},"query-input":{"@type":"PropertyValueSpecification","valueRequired":true,"valueName":"search_term_string"}}],"inLanguage":"de"}]}},"_links":{"self":[{"href":"https:\/\/www.maxpokerbonus.com\/de\/wp-json\/wp\/v2\/pages\/121","targetHints":{"allow":["GET"]}}],"collection":[{"href":"https:\/\/www.maxpokerbonus.com\/de\/wp-json\/wp\/v2\/pages"}],"about":[{"href":"https:\/\/www.maxpokerbonus.com\/de\/wp-json\/wp\/v2\/types\/page"}],"author":[{"embeddable":true,"href":"https:\/\/www.maxpokerbonus.com\/de\/wp-json\/wp\/v2\/users\/1"}],"replies":[{"embeddable":true,"href":"https:\/\/www.maxpokerbonus.com\/de\/wp-json\/wp\/v2\/comments?post=121"}],"version-history":[{"count":0,"href":"https:\/\/www.maxpokerbonus.com\/de\/wp-json\/wp\/v2\/pages\/121\/revisions"}],"up":[{"embeddable":true,"href":"https:\/\/www.maxpokerbonus.com\/de\/wp-json\/wp\/v2\/pages\/17"}],"wp:attachment":[{"href":"https:\/\/www.maxpokerbonus.com\/de\/wp-json\/wp\/v2\/media?parent=121"}],"curies":[{"name":"wp","href":"https:\/\/api.w.org\/{rel}","templated":true}]}}