{"id":128,"date":"2018-11-29T15:29:02","date_gmt":"2018-11-29T15:29:02","guid":{"rendered":"https:\/\/www.maxpokerbonus.com\/de\/?page_id=128"},"modified":"2021-11-02T15:16:14","modified_gmt":"2021-11-02T15:16:14","slug":"visa","status":"publish","type":"page","link":"https:\/\/www.maxpokerbonus.com\/de\/online-poker-echtgeld\/visa\/","title":{"rendered":"Visa"},"content":{"rendered":"<h2>Allgemeine Informationen<\/h2>\n<p><img loading=\"lazy\" decoding=\"async\" class=\"alignright size-medium wp-image-129\" src=\"https:\/\/www.maxpokerbonus.com\/de\/wp-content\/uploads\/de\/visa-logo-300x100-300x100.jpg\" alt=\"Visa\" width=\"300\" height=\"100\" \/>Sie k\u00f6nnen mit\u00a0Visa\u00a0Geld auf Ihr Spielerkonto bei diversen Poker Seiten einzahlen. Wenn aus irgendwelchen Umst\u00e4nden Ihre Einzahlung per Visa abgelehnt wird, m\u00fcssen Sie auf eine der sogenannten E-Wallets (<a href=\"https:\/\/www.maxpokerbonus.com\/de\/online-poker-echtgeld\/neteller\/\">NETeller<\/a>, <a href=\"https:\/\/www.maxpokerbonus.com\/de\/online-poker-echtgeld\/skrill\/\">Skrill<\/a>, &#8230;) zur\u00fcckgreifen.<\/p>\n<h2>Einzahlungen und \u00dcberweisungen<\/h2>\n<p>Bei Einzahlungen mit Ihrer Visa Karte m\u00fcssen Sie zu einem bestimmten Zeitpunkt Ihren Card Verification Code (CVC2) eingeben, um zu verifizieren, da\u00df Sie tats\u00e4chlich der Karteninhaber sind. Der CVC2 ist eine dreistellige Pr\u00fcfnummer auf der R\u00fcckseite Ihrer Karte. Diese Methode ist deshalb eine gute Sicherheitsma\u00dfnahme, weil diese Nummer auf keinen Kartenbelegen aufscheint und Sie durch die Angabe best\u00e4tigen, da\u00df Sie die Karte in H\u00e4nden halten.<\/p>\n<h2>Poker Auszahlungen mit Visa<\/h2>\n<p>F\u00fcr nicht amerikanische\u00a0Visa\u00a0Kartenbesitzer ist es im Normalfall kein Problem, von Poker Seiten eine Guthaben\u00fcberweisung anzufordern. Damit k\u00f6nnen Sie sich Geld von Ihrem Poker Account direkt auf Ihre Visa Karte \u00fcberweisen lassen. Erkundigen Sie sich diesbez\u00fcglich aber auch direkt bei Ihrem Visa Anbieter \u00fcber diese M\u00f6glichkeit.<\/p>\n<p>Wenn es bei der \u00dcberweisung Probleme geben sollte, k\u00f6nnen Sie auch auf eine der anderen Auszahlungsm\u00f6glichkeiten zur\u00fcckgreifen.<\/p>\n<h2>Tipps und Hinweise<\/h2>\n<p>Alle Poker Seiten, die Sie auf unserer Website sehen, sind angesehen und genie\u00dfen einen guten Ruf. Achten Sie bitte dennoch, ob auf Ihrem Kreditkartenauszug zu irgendeinem Zeitpunkt Unregelm\u00e4\u00dfigkeiten auftreten und nehmen Sie im Zweifelsfall sofort mit MasterCard Kontakt auf.<\/p>\n<p>Legen Sie stets Augenmerk darauf, ob Sie nicht eventuell (beispielsweise durch Tippfehler bei h\u00e4ndischer Eingabe der URL) auf einer falschen Seite gelandet sind, die sich f\u00e4lschlicherweise als ein seri\u00f6ses Unternehmen ausgibt. Dies gilt generell bei \u00dcberweisungen im Internet, egal an wen und mit welcher Methode.<\/p>\n<p>Viele Seiten werden bei Bezahlung mit Kreditkarte einen zus\u00e4tzlichen Schutz durch Secure Socket Layer (SSL) anbieten. Dies bedeutet, da\u00df die Kartendetails verschl\u00fcsselt zwischen Ihnen und der Pokerseite (oder dem Internetshop) \u00fcbertragen werden. Sie erkennen SSL-gesch\u00fctzte Seiten daran, da\u00df ein Security Symbol (Schlo\u00df) in Ihrem Browser Fenster angezeigt wird (zumeist im unteren Bereich des Browserrahmens) oder aber, da\u00df die aufgerufene Internetadresse mit &#8222;https&#8220; statt &#8222;http&#8220; beginnt.<\/p>\n","protected":false},"excerpt":{"rendered":"<p>Allgemeine Informationen Sie k\u00f6nnen mit\u00a0Visa\u00a0Geld auf Ihr Spielerkonto bei diversen Poker Seiten einzahlen. Wenn aus irgendwelchen Umst\u00e4nden Ihre Einzahlung per Visa abgelehnt wird, m\u00fcssen Sie auf eine der sogenannten E-Wallets (NETeller, Skrill, &#8230;) zur\u00fcckgreifen. Einzahlungen und \u00dcberweisungen Bei Einzahlungen mit Ihrer Visa Karte m\u00fcssen Sie zu einem bestimmten Zeitpunkt Ihren Card Verification Code (CVC2) eingeben, [&hellip;]<\/p>\n","protected":false},"author":1,"featured_media":0,"parent":17,"menu_order":0,"comment_status":"closed","ping_status":"closed","template":"","meta":{"_monsterinsights_skip_tracking":false,"_monsterinsights_sitenote_active":false,"_monsterinsights_sitenote_note":"","_monsterinsights_sitenote_category":0,"footnotes":""},"class_list":["post-128","page","type-page","status-publish","hentry"],"yoast_head":"<!-- This site is optimized with the Yoast SEO plugin v27.4 - https:\/\/yoast.com\/product\/yoast-seo-wordpress\/ -->\n<title>Visa | Max Poker Bonus Deutschland<\/title>\n<meta name=\"robots\" content=\"index, follow, max-snippet:-1, max-image-preview:large, max-video-preview:-1\" \/>\n<link rel=\"canonical\" href=\"https:\/\/www.maxpokerbonus.com\/de\/online-poker-echtgeld\/visa\/\" \/>\n<meta property=\"og:locale\" content=\"de_DE\" \/>\n<meta property=\"og:type\" content=\"article\" \/>\n<meta property=\"og:title\" content=\"Visa | Max Poker Bonus Deutschland\" \/>\n<meta property=\"og:description\" content=\"Allgemeine Informationen Sie k\u00f6nnen mit\u00a0Visa\u00a0Geld auf Ihr Spielerkonto bei diversen Poker Seiten einzahlen. Wenn aus irgendwelchen Umst\u00e4nden Ihre Einzahlung per Visa abgelehnt wird, m\u00fcssen Sie auf eine der sogenannten E-Wallets (NETeller, Skrill, &#8230;) zur\u00fcckgreifen. Einzahlungen und \u00dcberweisungen Bei Einzahlungen mit Ihrer Visa Karte m\u00fcssen Sie zu einem bestimmten Zeitpunkt Ihren Card Verification Code (CVC2) eingeben, [&hellip;]\" \/>\n<meta property=\"og:url\" content=\"https:\/\/www.maxpokerbonus.com\/de\/online-poker-echtgeld\/visa\/\" \/>\n<meta property=\"og:site_name\" content=\"Max Poker Bonus Deutschland\" \/>\n<meta property=\"article:modified_time\" content=\"2021-11-02T15:16:14+00:00\" \/>\n<meta property=\"og:image\" content=\"https:\/\/www.maxpokerbonus.com\/de\/wp-content\/uploads\/de\/visa-logo-300x100-300x100.jpg\" \/>\n<meta name=\"twitter:card\" content=\"summary_large_image\" \/>\n<meta name=\"twitter:label1\" content=\"Gesch\u00e4tzte Lesezeit\" \/>\n\t<meta name=\"twitter:data1\" content=\"2\u00a0Minuten\" \/>\n<script type=\"application\/ld+json\" class=\"yoast-schema-graph\">{\"@context\":\"https:\\\/\\\/schema.org\",\"@graph\":[{\"@type\":\"WebPage\",\"@id\":\"https:\\\/\\\/www.maxpokerbonus.com\\\/de\\\/online-poker-echtgeld\\\/visa\\\/\",\"url\":\"https:\\\/\\\/www.maxpokerbonus.com\\\/de\\\/online-poker-echtgeld\\\/visa\\\/\",\"name\":\"Visa | Max Poker Bonus Deutschland\",\"isPartOf\":{\"@id\":\"https:\\\/\\\/www.maxpokerbonus.com\\\/de\\\/#website\"},\"primaryImageOfPage\":{\"@id\":\"https:\\\/\\\/www.maxpokerbonus.com\\\/de\\\/online-poker-echtgeld\\\/visa\\\/#primaryimage\"},\"image\":{\"@id\":\"https:\\\/\\\/www.maxpokerbonus.com\\\/de\\\/online-poker-echtgeld\\\/visa\\\/#primaryimage\"},\"thumbnailUrl\":\"https:\\\/\\\/www.maxpokerbonus.com\\\/de\\\/wp-content\\\/uploads\\\/de\\\/visa-logo-300x100-300x100.jpg\",\"datePublished\":\"2018-11-29T15:29:02+00:00\",\"dateModified\":\"2021-11-02T15:16:14+00:00\",\"breadcrumb\":{\"@id\":\"https:\\\/\\\/www.maxpokerbonus.com\\\/de\\\/online-poker-echtgeld\\\/visa\\\/#breadcrumb\"},\"inLanguage\":\"de\",\"potentialAction\":[{\"@type\":\"ReadAction\",\"target\":[\"https:\\\/\\\/www.maxpokerbonus.com\\\/de\\\/online-poker-echtgeld\\\/visa\\\/\"]}]},{\"@type\":\"ImageObject\",\"inLanguage\":\"de\",\"@id\":\"https:\\\/\\\/www.maxpokerbonus.com\\\/de\\\/online-poker-echtgeld\\\/visa\\\/#primaryimage\",\"url\":\"https:\\\/\\\/www.maxpokerbonus.com\\\/de\\\/wp-content\\\/uploads\\\/de\\\/visa-logo-300x100-300x100.jpg\",\"contentUrl\":\"https:\\\/\\\/www.maxpokerbonus.com\\\/de\\\/wp-content\\\/uploads\\\/de\\\/visa-logo-300x100-300x100.jpg\"},{\"@type\":\"BreadcrumbList\",\"@id\":\"https:\\\/\\\/www.maxpokerbonus.com\\\/de\\\/online-poker-echtgeld\\\/visa\\\/#breadcrumb\",\"itemListElement\":[{\"@type\":\"ListItem\",\"position\":1,\"name\":\"Startseite\",\"item\":\"https:\\\/\\\/www.maxpokerbonus.com\\\/de\\\/\"},{\"@type\":\"ListItem\",\"position\":2,\"name\":\"Online Poker mit Echtgeld\",\"item\":\"https:\\\/\\\/www.maxpokerbonus.com\\\/de\\\/online-poker-echtgeld\\\/\"},{\"@type\":\"ListItem\",\"position\":3,\"name\":\"Visa\"}]},{\"@type\":\"WebSite\",\"@id\":\"https:\\\/\\\/www.maxpokerbonus.com\\\/de\\\/#website\",\"url\":\"https:\\\/\\\/www.maxpokerbonus.com\\\/de\\\/\",\"name\":\"Max Poker Bonus Deutschland\",\"description\":\"\",\"potentialAction\":[{\"@type\":\"SearchAction\",\"target\":{\"@type\":\"EntryPoint\",\"urlTemplate\":\"https:\\\/\\\/www.maxpokerbonus.com\\\/de\\\/?s={search_term_string}\"},\"query-input\":{\"@type\":\"PropertyValueSpecification\",\"valueRequired\":true,\"valueName\":\"search_term_string\"}}],\"inLanguage\":\"de\"}]}<\/script>\n<!-- \/ Yoast SEO plugin. -->","yoast_head_json":{"title":"Visa | Max Poker Bonus Deutschland","robots":{"index":"index","follow":"follow","max-snippet":"max-snippet:-1","max-image-preview":"max-image-preview:large","max-video-preview":"max-video-preview:-1"},"canonical":"https:\/\/www.maxpokerbonus.com\/de\/online-poker-echtgeld\/visa\/","og_locale":"de_DE","og_type":"article","og_title":"Visa | Max Poker Bonus Deutschland","og_description":"Allgemeine Informationen Sie k\u00f6nnen mit\u00a0Visa\u00a0Geld auf Ihr Spielerkonto bei diversen Poker Seiten einzahlen. Wenn aus irgendwelchen Umst\u00e4nden Ihre Einzahlung per Visa abgelehnt wird, m\u00fcssen Sie auf eine der sogenannten E-Wallets (NETeller, Skrill, &#8230;) zur\u00fcckgreifen. Einzahlungen und \u00dcberweisungen Bei Einzahlungen mit Ihrer Visa Karte m\u00fcssen Sie zu einem bestimmten Zeitpunkt Ihren Card Verification Code (CVC2) eingeben, [&hellip;]","og_url":"https:\/\/www.maxpokerbonus.com\/de\/online-poker-echtgeld\/visa\/","og_site_name":"Max Poker Bonus Deutschland","article_modified_time":"2021-11-02T15:16:14+00:00","og_image":[{"url":"https:\/\/www.maxpokerbonus.com\/de\/wp-content\/uploads\/de\/visa-logo-300x100-300x100.jpg","type":"","width":"","height":""}],"twitter_card":"summary_large_image","twitter_misc":{"Gesch\u00e4tzte Lesezeit":"2\u00a0Minuten"},"schema":{"@context":"https:\/\/schema.org","@graph":[{"@type":"WebPage","@id":"https:\/\/www.maxpokerbonus.com\/de\/online-poker-echtgeld\/visa\/","url":"https:\/\/www.maxpokerbonus.com\/de\/online-poker-echtgeld\/visa\/","name":"Visa | Max Poker Bonus Deutschland","isPartOf":{"@id":"https:\/\/www.maxpokerbonus.com\/de\/#website"},"primaryImageOfPage":{"@id":"https:\/\/www.maxpokerbonus.com\/de\/online-poker-echtgeld\/visa\/#primaryimage"},"image":{"@id":"https:\/\/www.maxpokerbonus.com\/de\/online-poker-echtgeld\/visa\/#primaryimage"},"thumbnailUrl":"https:\/\/www.maxpokerbonus.com\/de\/wp-content\/uploads\/de\/visa-logo-300x100-300x100.jpg","datePublished":"2018-11-29T15:29:02+00:00","dateModified":"2021-11-02T15:16:14+00:00","breadcrumb":{"@id":"https:\/\/www.maxpokerbonus.com\/de\/online-poker-echtgeld\/visa\/#breadcrumb"},"inLanguage":"de","potentialAction":[{"@type":"ReadAction","target":["https:\/\/www.maxpokerbonus.com\/de\/online-poker-echtgeld\/visa\/"]}]},{"@type":"ImageObject","inLanguage":"de","@id":"https:\/\/www.maxpokerbonus.com\/de\/online-poker-echtgeld\/visa\/#primaryimage","url":"https:\/\/www.maxpokerbonus.com\/de\/wp-content\/uploads\/de\/visa-logo-300x100-300x100.jpg","contentUrl":"https:\/\/www.maxpokerbonus.com\/de\/wp-content\/uploads\/de\/visa-logo-300x100-300x100.jpg"},{"@type":"BreadcrumbList","@id":"https:\/\/www.maxpokerbonus.com\/de\/online-poker-echtgeld\/visa\/#breadcrumb","itemListElement":[{"@type":"ListItem","position":1,"name":"Startseite","item":"https:\/\/www.maxpokerbonus.com\/de\/"},{"@type":"ListItem","position":2,"name":"Online Poker mit Echtgeld","item":"https:\/\/www.maxpokerbonus.com\/de\/online-poker-echtgeld\/"},{"@type":"ListItem","position":3,"name":"Visa"}]},{"@type":"WebSite","@id":"https:\/\/www.maxpokerbonus.com\/de\/#website","url":"https:\/\/www.maxpokerbonus.com\/de\/","name":"Max Poker Bonus Deutschland","description":"","potentialAction":[{"@type":"SearchAction","target":{"@type":"EntryPoint","urlTemplate":"https:\/\/www.maxpokerbonus.com\/de\/?s={search_term_string}"},"query-input":{"@type":"PropertyValueSpecification","valueRequired":true,"valueName":"search_term_string"}}],"inLanguage":"de"}]}},"_links":{"self":[{"href":"https:\/\/www.maxpokerbonus.com\/de\/wp-json\/wp\/v2\/pages\/128","targetHints":{"allow":["GET"]}}],"collection":[{"href":"https:\/\/www.maxpokerbonus.com\/de\/wp-json\/wp\/v2\/pages"}],"about":[{"href":"https:\/\/www.maxpokerbonus.com\/de\/wp-json\/wp\/v2\/types\/page"}],"author":[{"embeddable":true,"href":"https:\/\/www.maxpokerbonus.com\/de\/wp-json\/wp\/v2\/users\/1"}],"replies":[{"embeddable":true,"href":"https:\/\/www.maxpokerbonus.com\/de\/wp-json\/wp\/v2\/comments?post=128"}],"version-history":[{"count":1,"href":"https:\/\/www.maxpokerbonus.com\/de\/wp-json\/wp\/v2\/pages\/128\/revisions"}],"predecessor-version":[{"id":410,"href":"https:\/\/www.maxpokerbonus.com\/de\/wp-json\/wp\/v2\/pages\/128\/revisions\/410"}],"up":[{"embeddable":true,"href":"https:\/\/www.maxpokerbonus.com\/de\/wp-json\/wp\/v2\/pages\/17"}],"wp:attachment":[{"href":"https:\/\/www.maxpokerbonus.com\/de\/wp-json\/wp\/v2\/media?parent=128"}],"curies":[{"name":"wp","href":"https:\/\/api.w.org\/{rel}","templated":true}]}}