{"id":132,"date":"2018-11-29T15:44:34","date_gmt":"2018-11-29T15:44:34","guid":{"rendered":"https:\/\/www.maxpokerbonus.com\/de\/?page_id=132"},"modified":"2018-11-29T15:56:48","modified_gmt":"2018-11-29T15:56:48","slug":"mastercard","status":"publish","type":"page","link":"https:\/\/www.maxpokerbonus.com\/de\/online-poker-echtgeld\/mastercard\/","title":{"rendered":"Mastercard"},"content":{"rendered":"<h2>Allgemeine Informationen<\/h2>\n<p><img loading=\"lazy\" decoding=\"async\" class=\"alignright size-medium wp-image-136\" src=\"https:\/\/www.maxpokerbonus.com\/de\/wp-content\/uploads\/de\/mastercard-logo-300x100-300x100.jpg\" alt=\"Mastercard\" width=\"300\" height=\"100\" \/>Wohl jeder wei\u00df von der M\u00f6glichkeit, mit Kreditkarte im Internet Eink\u00e4ufe zu t\u00e4tigen oder bei Versteigerungen teilzunehmen. Mit\u00a0Mastercard\u00a0k\u00f6nnen Sie zus\u00e4tzlich bei den meisten Poker Seiten problemlos direkt auf Ihren Spieleraccount einzahlen. Die Methoden unterscheiden sich dabei von Poker Seite zu Poker Seite meist nur geringf\u00fcgig.<\/p>\n<h2>Einzahlungen und \u00dcberweisungen<\/h2>\n<p>Wenn Sie eine Einzahlung t\u00e4tigen, werden Sie zu irgendeinem Zeitpunkt aufgefordert, die Kartenpr\u00fcfnummer einzugeben; dies sind die letzten 3 Ziffern auf der R\u00fcckseite Ihrer Mastercard. Mit diesem Card Verification Code (CVC2) wird gew\u00e4hrleistet, da\u00df sich nicht jemand alter Kartenbelege bedient (wo diese Pr\u00fcfnummer nicht vermerkt wird), sondern die Kreditkarte tats\u00e4chlich in H\u00e4nden h\u00e4lt.<\/p>\n<h2>Poker Auszahlungen mit Mastercard<\/h2>\n<p>Derzeit bieten die von uns pr\u00e4sentierten Poker Seiten keine M\u00f6glichkeit, sich Geld direkt auf die\u00a0Mastercard\u00a0gutschreiben zu lassen. W\u00e4hlen Sie hierzu bitte eine der zahlreichen anderen Methoden, die wir unter den Auszahlungsm\u00f6glichkeiten aufgelistet haben.<\/p>\n<h2>Tipps und Hinweise<\/h2>\n<p>Alle Poker Seiten, die Sie auf unserer Website sehen, sind angesehen und genie\u00dfen einen guten Ruf. Achten Sie bitte dennoch, ob auf Ihrem Kreditkartenauszug zu irgendeinem Zeitpunkt Unregelm\u00e4\u00dfigkeiten auftreten und nehmen Sie im Zweifelsfall sofort mit Mastercard Kontakt auf.<\/p>\n<p>Legen Sie stets Augenmerk darauf, ob Sie nicht eventuell (beispielsweise durch Tippfehler bei h\u00e4ndischer Eingabe der URL) auf einer falschen Seite gelandet sind, die sich f\u00e4lschlicherweise als ein seri\u00f6ses Unternehmen ausgibt. Dies gilt generell bei \u00dcberweisungen im Internet, egal an wen und mit welcher Methode.<\/p>\n<p>Viele Seiten werden bei Bezahlung mit Kreditkarte einen zus\u00e4tzlichen Schutz durch Secure Socket Layer (SSL) anbieten. Dies bedeutet, da\u00df die Kartendetails verschl\u00fcsselt zwischen Ihnen und der Pokerseite (oder dem Internetshop) \u00fcbertragen werden. Sie erkennen SSL-gesch\u00fctzte Seiten daran, da\u00df ein Security Symbol (Schlo\u00df) in Ihrem Browser Fenster angezeigt wird (zumeist im unteren Bereich des Browserrahmens) oder aber, da\u00df die aufgerufene Internetadresse mit &#8222;https&#8220; statt &#8222;http&#8220; beginnt.<\/p>\n","protected":false},"excerpt":{"rendered":"<p>Allgemeine Informationen Wohl jeder wei\u00df von der M\u00f6glichkeit, mit Kreditkarte im Internet Eink\u00e4ufe zu t\u00e4tigen oder bei Versteigerungen teilzunehmen. Mit\u00a0Mastercard\u00a0k\u00f6nnen Sie zus\u00e4tzlich bei den meisten Poker Seiten problemlos direkt auf Ihren Spieleraccount einzahlen. Die Methoden unterscheiden sich dabei von Poker Seite zu Poker Seite meist nur geringf\u00fcgig. Einzahlungen und \u00dcberweisungen Wenn Sie eine Einzahlung t\u00e4tigen, [&hellip;]<\/p>\n","protected":false},"author":1,"featured_media":0,"parent":17,"menu_order":0,"comment_status":"closed","ping_status":"closed","template":"","meta":{"_monsterinsights_skip_tracking":false,"_monsterinsights_sitenote_active":false,"_monsterinsights_sitenote_note":"","_monsterinsights_sitenote_category":0,"footnotes":""},"class_list":["post-132","page","type-page","status-publish","hentry"],"yoast_head":"<!-- This site is optimized with the Yoast SEO plugin v27.5 - https:\/\/yoast.com\/product\/yoast-seo-wordpress\/ -->\n<title>Mastercard | Max Poker Bonus Deutschland<\/title>\n<meta name=\"robots\" content=\"index, follow, max-snippet:-1, max-image-preview:large, max-video-preview:-1\" \/>\n<link rel=\"canonical\" href=\"https:\/\/www.maxpokerbonus.com\/de\/online-poker-echtgeld\/mastercard\/\" \/>\n<meta property=\"og:locale\" content=\"de_DE\" \/>\n<meta property=\"og:type\" content=\"article\" \/>\n<meta property=\"og:title\" content=\"Mastercard | Max Poker Bonus Deutschland\" \/>\n<meta property=\"og:description\" content=\"Allgemeine Informationen Wohl jeder wei\u00df von der M\u00f6glichkeit, mit Kreditkarte im Internet Eink\u00e4ufe zu t\u00e4tigen oder bei Versteigerungen teilzunehmen. Mit\u00a0Mastercard\u00a0k\u00f6nnen Sie zus\u00e4tzlich bei den meisten Poker Seiten problemlos direkt auf Ihren Spieleraccount einzahlen. Die Methoden unterscheiden sich dabei von Poker Seite zu Poker Seite meist nur geringf\u00fcgig. Einzahlungen und \u00dcberweisungen Wenn Sie eine Einzahlung t\u00e4tigen, [&hellip;]\" \/>\n<meta property=\"og:url\" content=\"https:\/\/www.maxpokerbonus.com\/de\/online-poker-echtgeld\/mastercard\/\" \/>\n<meta property=\"og:site_name\" content=\"Max Poker Bonus Deutschland\" \/>\n<meta property=\"article:modified_time\" content=\"2018-11-29T15:56:48+00:00\" \/>\n<meta property=\"og:image\" content=\"https:\/\/www.maxpokerbonus.com\/de\/wp-content\/uploads\/de\/2018\/11\/mastercard-logo-300x100.jpg\" \/>\n\t<meta property=\"og:image:width\" content=\"300\" \/>\n\t<meta property=\"og:image:height\" content=\"100\" \/>\n\t<meta property=\"og:image:type\" content=\"image\/jpeg\" \/>\n<meta name=\"twitter:card\" content=\"summary_large_image\" \/>\n<meta name=\"twitter:label1\" content=\"Gesch\u00e4tzte Lesezeit\" \/>\n\t<meta name=\"twitter:data1\" content=\"2\u00a0Minuten\" \/>\n<script type=\"application\/ld+json\" class=\"yoast-schema-graph\">{\"@context\":\"https:\\\/\\\/schema.org\",\"@graph\":[{\"@type\":\"WebPage\",\"@id\":\"https:\\\/\\\/www.maxpokerbonus.com\\\/de\\\/online-poker-echtgeld\\\/mastercard\\\/\",\"url\":\"https:\\\/\\\/www.maxpokerbonus.com\\\/de\\\/online-poker-echtgeld\\\/mastercard\\\/\",\"name\":\"Mastercard | Max Poker Bonus Deutschland\",\"isPartOf\":{\"@id\":\"https:\\\/\\\/www.maxpokerbonus.com\\\/de\\\/#website\"},\"primaryImageOfPage\":{\"@id\":\"https:\\\/\\\/www.maxpokerbonus.com\\\/de\\\/online-poker-echtgeld\\\/mastercard\\\/#primaryimage\"},\"image\":{\"@id\":\"https:\\\/\\\/www.maxpokerbonus.com\\\/de\\\/online-poker-echtgeld\\\/mastercard\\\/#primaryimage\"},\"thumbnailUrl\":\"https:\\\/\\\/www.maxpokerbonus.com\\\/de\\\/wp-content\\\/uploads\\\/de\\\/mastercard-logo-300x100-300x100.jpg\",\"datePublished\":\"2018-11-29T15:44:34+00:00\",\"dateModified\":\"2018-11-29T15:56:48+00:00\",\"breadcrumb\":{\"@id\":\"https:\\\/\\\/www.maxpokerbonus.com\\\/de\\\/online-poker-echtgeld\\\/mastercard\\\/#breadcrumb\"},\"inLanguage\":\"de\",\"potentialAction\":[{\"@type\":\"ReadAction\",\"target\":[\"https:\\\/\\\/www.maxpokerbonus.com\\\/de\\\/online-poker-echtgeld\\\/mastercard\\\/\"]}]},{\"@type\":\"ImageObject\",\"inLanguage\":\"de\",\"@id\":\"https:\\\/\\\/www.maxpokerbonus.com\\\/de\\\/online-poker-echtgeld\\\/mastercard\\\/#primaryimage\",\"url\":\"https:\\\/\\\/www.maxpokerbonus.com\\\/de\\\/wp-content\\\/uploads\\\/de\\\/2018\\\/11\\\/mastercard-logo-300x100.jpg\",\"contentUrl\":\"https:\\\/\\\/www.maxpokerbonus.com\\\/de\\\/wp-content\\\/uploads\\\/de\\\/2018\\\/11\\\/mastercard-logo-300x100.jpg\",\"width\":300,\"height\":100,\"caption\":\"Mastercard\"},{\"@type\":\"BreadcrumbList\",\"@id\":\"https:\\\/\\\/www.maxpokerbonus.com\\\/de\\\/online-poker-echtgeld\\\/mastercard\\\/#breadcrumb\",\"itemListElement\":[{\"@type\":\"ListItem\",\"position\":1,\"name\":\"Startseite\",\"item\":\"https:\\\/\\\/www.maxpokerbonus.com\\\/de\\\/\"},{\"@type\":\"ListItem\",\"position\":2,\"name\":\"Online Poker mit Echtgeld\",\"item\":\"https:\\\/\\\/www.maxpokerbonus.com\\\/de\\\/online-poker-echtgeld\\\/\"},{\"@type\":\"ListItem\",\"position\":3,\"name\":\"Mastercard\"}]},{\"@type\":\"WebSite\",\"@id\":\"https:\\\/\\\/www.maxpokerbonus.com\\\/de\\\/#website\",\"url\":\"https:\\\/\\\/www.maxpokerbonus.com\\\/de\\\/\",\"name\":\"Max Poker Bonus Deutschland\",\"description\":\"\",\"potentialAction\":[{\"@type\":\"SearchAction\",\"target\":{\"@type\":\"EntryPoint\",\"urlTemplate\":\"https:\\\/\\\/www.maxpokerbonus.com\\\/de\\\/?s={search_term_string}\"},\"query-input\":{\"@type\":\"PropertyValueSpecification\",\"valueRequired\":true,\"valueName\":\"search_term_string\"}}],\"inLanguage\":\"de\"}]}<\/script>\n<!-- \/ Yoast SEO plugin. -->","yoast_head_json":{"title":"Mastercard | Max Poker Bonus Deutschland","robots":{"index":"index","follow":"follow","max-snippet":"max-snippet:-1","max-image-preview":"max-image-preview:large","max-video-preview":"max-video-preview:-1"},"canonical":"https:\/\/www.maxpokerbonus.com\/de\/online-poker-echtgeld\/mastercard\/","og_locale":"de_DE","og_type":"article","og_title":"Mastercard | Max Poker Bonus Deutschland","og_description":"Allgemeine Informationen Wohl jeder wei\u00df von der M\u00f6glichkeit, mit Kreditkarte im Internet Eink\u00e4ufe zu t\u00e4tigen oder bei Versteigerungen teilzunehmen. Mit\u00a0Mastercard\u00a0k\u00f6nnen Sie zus\u00e4tzlich bei den meisten Poker Seiten problemlos direkt auf Ihren Spieleraccount einzahlen. Die Methoden unterscheiden sich dabei von Poker Seite zu Poker Seite meist nur geringf\u00fcgig. Einzahlungen und \u00dcberweisungen Wenn Sie eine Einzahlung t\u00e4tigen, [&hellip;]","og_url":"https:\/\/www.maxpokerbonus.com\/de\/online-poker-echtgeld\/mastercard\/","og_site_name":"Max Poker Bonus Deutschland","article_modified_time":"2018-11-29T15:56:48+00:00","og_image":[{"width":300,"height":100,"url":"https:\/\/www.maxpokerbonus.com\/de\/wp-content\/uploads\/de\/2018\/11\/mastercard-logo-300x100.jpg","type":"image\/jpeg"}],"twitter_card":"summary_large_image","twitter_misc":{"Gesch\u00e4tzte Lesezeit":"2\u00a0Minuten"},"schema":{"@context":"https:\/\/schema.org","@graph":[{"@type":"WebPage","@id":"https:\/\/www.maxpokerbonus.com\/de\/online-poker-echtgeld\/mastercard\/","url":"https:\/\/www.maxpokerbonus.com\/de\/online-poker-echtgeld\/mastercard\/","name":"Mastercard | Max Poker Bonus Deutschland","isPartOf":{"@id":"https:\/\/www.maxpokerbonus.com\/de\/#website"},"primaryImageOfPage":{"@id":"https:\/\/www.maxpokerbonus.com\/de\/online-poker-echtgeld\/mastercard\/#primaryimage"},"image":{"@id":"https:\/\/www.maxpokerbonus.com\/de\/online-poker-echtgeld\/mastercard\/#primaryimage"},"thumbnailUrl":"https:\/\/www.maxpokerbonus.com\/de\/wp-content\/uploads\/de\/mastercard-logo-300x100-300x100.jpg","datePublished":"2018-11-29T15:44:34+00:00","dateModified":"2018-11-29T15:56:48+00:00","breadcrumb":{"@id":"https:\/\/www.maxpokerbonus.com\/de\/online-poker-echtgeld\/mastercard\/#breadcrumb"},"inLanguage":"de","potentialAction":[{"@type":"ReadAction","target":["https:\/\/www.maxpokerbonus.com\/de\/online-poker-echtgeld\/mastercard\/"]}]},{"@type":"ImageObject","inLanguage":"de","@id":"https:\/\/www.maxpokerbonus.com\/de\/online-poker-echtgeld\/mastercard\/#primaryimage","url":"https:\/\/www.maxpokerbonus.com\/de\/wp-content\/uploads\/de\/2018\/11\/mastercard-logo-300x100.jpg","contentUrl":"https:\/\/www.maxpokerbonus.com\/de\/wp-content\/uploads\/de\/2018\/11\/mastercard-logo-300x100.jpg","width":300,"height":100,"caption":"Mastercard"},{"@type":"BreadcrumbList","@id":"https:\/\/www.maxpokerbonus.com\/de\/online-poker-echtgeld\/mastercard\/#breadcrumb","itemListElement":[{"@type":"ListItem","position":1,"name":"Startseite","item":"https:\/\/www.maxpokerbonus.com\/de\/"},{"@type":"ListItem","position":2,"name":"Online Poker mit Echtgeld","item":"https:\/\/www.maxpokerbonus.com\/de\/online-poker-echtgeld\/"},{"@type":"ListItem","position":3,"name":"Mastercard"}]},{"@type":"WebSite","@id":"https:\/\/www.maxpokerbonus.com\/de\/#website","url":"https:\/\/www.maxpokerbonus.com\/de\/","name":"Max Poker Bonus Deutschland","description":"","potentialAction":[{"@type":"SearchAction","target":{"@type":"EntryPoint","urlTemplate":"https:\/\/www.maxpokerbonus.com\/de\/?s={search_term_string}"},"query-input":{"@type":"PropertyValueSpecification","valueRequired":true,"valueName":"search_term_string"}}],"inLanguage":"de"}]}},"_links":{"self":[{"href":"https:\/\/www.maxpokerbonus.com\/de\/wp-json\/wp\/v2\/pages\/132","targetHints":{"allow":["GET"]}}],"collection":[{"href":"https:\/\/www.maxpokerbonus.com\/de\/wp-json\/wp\/v2\/pages"}],"about":[{"href":"https:\/\/www.maxpokerbonus.com\/de\/wp-json\/wp\/v2\/types\/page"}],"author":[{"embeddable":true,"href":"https:\/\/www.maxpokerbonus.com\/de\/wp-json\/wp\/v2\/users\/1"}],"replies":[{"embeddable":true,"href":"https:\/\/www.maxpokerbonus.com\/de\/wp-json\/wp\/v2\/comments?post=132"}],"version-history":[{"count":0,"href":"https:\/\/www.maxpokerbonus.com\/de\/wp-json\/wp\/v2\/pages\/132\/revisions"}],"up":[{"embeddable":true,"href":"https:\/\/www.maxpokerbonus.com\/de\/wp-json\/wp\/v2\/pages\/17"}],"wp:attachment":[{"href":"https:\/\/www.maxpokerbonus.com\/de\/wp-json\/wp\/v2\/media?parent=132"}],"curies":[{"name":"wp","href":"https:\/\/api.w.org\/{rel}","templated":true}]}}