{"id":140,"date":"2018-11-29T16:07:04","date_gmt":"2018-11-29T16:07:04","guid":{"rendered":"https:\/\/www.maxpokerbonus.com\/de\/?page_id=140"},"modified":"2018-11-30T14:11:30","modified_gmt":"2018-11-30T14:11:30","slug":"ecopayz","status":"publish","type":"page","link":"https:\/\/www.maxpokerbonus.com\/de\/online-poker-echtgeld\/ecopayz\/","title":{"rendered":"ecoPayz"},"content":{"rendered":"<h2>Allgemeine Informationen<\/h2>\n<p><img loading=\"lazy\" decoding=\"async\" class=\"alignright size-medium wp-image-141\" src=\"https:\/\/www.maxpokerbonus.com\/de\/wp-content\/uploads\/de\/ecopayz-logo-300x100-300x100.jpg\" alt=\"ecoPayz\" width=\"300\" height=\"100\" \/>ecoPayz\u00a0ist eine E-Wallet, zu deutsch also so etwas wie eine elektronische Geldb\u00f6rse. So wie Sie auch Geld in Ihre tats\u00e4chliche Geldb\u00f6rse geben k\u00f6nnen, um dann damit in diversen Gesch\u00e4ften zu zahlen, k\u00f6nnen Sie bei ecoPayz ebenfalls Geld einzahlen, um auf dieses System zur\u00fcckgreifen zu k\u00f6nnen, wenn Sie beispielsweise im Internet einkaufen oder aber auf Ihren Pokeraccount einzahlen wollen. Um ecoPayz verwenden zu k\u00f6nnen, ist lediglich eine kostenlose Registrierung auf deren Homepage n\u00f6tig.<\/p>\n<h2>ecoPayz Account einrichten<\/h2>\n<p>Das Einrichten eines ecoPayz Accounts ist in wenigen Schritten erledigt und erfolgt v\u00f6llig kostenlos:<\/p>\n<ol>\n<li>Gehen Sie auf\u00a0<a href=\"https:\/\/www.ecopayz.com\/de\/\" target=\"_blank\" rel=\"nofollow noopener\">www.ecopayz.com<\/a>\u00a0und klicken Sie auf &#8222;Registration&#8220;.<\/li>\n<li>Geben Sie die ben\u00f6tigten Daten an (E-mail Adresse, Usernamen, Passwort, &#8230;) und w\u00e4hlen Sie Ihre bevorzugte W\u00e4hrung.<\/li>\n<li>Sie erhalten eine Aktivierungsmail an die angegebene E-Mail Adresse.<\/li>\n<\/ol>\n<h2>Einzahlungen und \u00dcberweisungen<\/h2>\n<ol>\n<li>Loggen Sie sich bei Ihrem ecoPayz Account ein.<\/li>\n<li>W\u00e4hlen Sie den Men\u00fcpunkt &#8222;Money Deposits&#8220;.<\/li>\n<li>W\u00e4hlen Sie die Methode der Einzahlung.<\/li>\n<li>T\u00e4tigen Sie eine Einzahlung anhand der Instruktionen (n\u00f6tigenfalls drucken Sie sich diese aus).<\/li>\n<li>Best\u00e4tigen Sie Ihre Einzahlung.<\/li>\n<\/ol>\n<h2>Poker Auszahlungen mit ecoPayz<\/h2>\n<p>Sie k\u00f6nnen bei den rechts angegebenen Poker Seiten von Ihrem Poker Account Geld auf Ihr\u00a0ecoPayz\u00a0Konto \u00fcberweisen lassen. Hierbei fallen keine Extrakosten f\u00fcr Sie an.<\/p>\n<p>Von Ihrem ecoPayz Account k\u00f6nnen Sie sich Ihr Geld durch eine \u00dcberweisung auf Ihr Bankkonto auszahlen lassen.<\/p>\n<h2>Tips und Hinweise<\/h2>\n<p>Bitte beachten Sie, da\u00df unter Umst\u00e4nden bei Poker Seiten die E-Mail Adresse, die Sie bei ecoPayz angegeben haben, mit derjenigen, die Sie beim Poker Seite verwenden, abgeglichen wird. Wenn diese nicht \u00fcbereinstimmen, kann es sein, da\u00df Sie mit ecoPayz nicht auf Ihren Pokeraccount einzahlen k\u00f6nnen! W\u00e4hlen Sie also am besten dieselbe E-Mail Adresse f\u00fcr ecoPayz und den Poker Seite Ihrer Wahl.<\/p>\n<p>Sie k\u00f6nnen der Einfachheit halber bei der W\u00e4hrung gleich U.S. Dollar w\u00e4hlen, wenn Sie vorwiegend bei Poker Seiten spielen wollen, die $ als ihre W\u00e4hrung verwenden (nach wie vor der Gro\u00dfteil) und Sie den ecoPayz Account prim\u00e4r zum Pokern verwenden wollen.<\/p>\n<p>Sie erhalten bei ecoPayz eine 10-stellige Account ID, die Sie bei Einzahlungen und \u00dcberweisungen im Normalfall h\u00e4ndisch einzugeben haben. Bewahren Sie diese Information also gut auf.<\/p>\n<p>Durch Verwendung von ecoPayz wird eine Einzahlung auf einen Pokeraccount in der Regel sofort get\u00e4tigt und Sie k\u00f6nnen gleich drauf loslegen.<\/p>\n<p>Sie k\u00f6nnen von Ihrem ecoPayz Account aus auch problemlos Geld auf andere ecoPayz Accounts \u00fcberweisen.<\/p>\n","protected":false},"excerpt":{"rendered":"<p>Allgemeine Informationen ecoPayz\u00a0ist eine E-Wallet, zu deutsch also so etwas wie eine elektronische Geldb\u00f6rse. So wie Sie auch Geld in Ihre tats\u00e4chliche Geldb\u00f6rse geben k\u00f6nnen, um dann damit in diversen Gesch\u00e4ften zu zahlen, k\u00f6nnen Sie bei ecoPayz ebenfalls Geld einzahlen, um auf dieses System zur\u00fcckgreifen zu k\u00f6nnen, wenn Sie beispielsweise im Internet einkaufen oder aber [&hellip;]<\/p>\n","protected":false},"author":1,"featured_media":0,"parent":17,"menu_order":0,"comment_status":"closed","ping_status":"closed","template":"","meta":{"_monsterinsights_skip_tracking":false,"_monsterinsights_sitenote_active":false,"_monsterinsights_sitenote_note":"","_monsterinsights_sitenote_category":0,"footnotes":""},"class_list":["post-140","page","type-page","status-publish","hentry"],"yoast_head":"<!-- This site is optimized with the Yoast SEO plugin v27.4 - https:\/\/yoast.com\/product\/yoast-seo-wordpress\/ -->\n<title>ecoPayz | Max Poker Bonus Deutschland<\/title>\n<meta name=\"robots\" content=\"index, follow, max-snippet:-1, max-image-preview:large, max-video-preview:-1\" \/>\n<link rel=\"canonical\" href=\"https:\/\/www.maxpokerbonus.com\/de\/online-poker-echtgeld\/ecopayz\/\" \/>\n<meta property=\"og:locale\" content=\"de_DE\" \/>\n<meta property=\"og:type\" content=\"article\" \/>\n<meta property=\"og:title\" content=\"ecoPayz | Max Poker Bonus Deutschland\" \/>\n<meta property=\"og:description\" content=\"Allgemeine Informationen ecoPayz\u00a0ist eine E-Wallet, zu deutsch also so etwas wie eine elektronische Geldb\u00f6rse. So wie Sie auch Geld in Ihre tats\u00e4chliche Geldb\u00f6rse geben k\u00f6nnen, um dann damit in diversen Gesch\u00e4ften zu zahlen, k\u00f6nnen Sie bei ecoPayz ebenfalls Geld einzahlen, um auf dieses System zur\u00fcckgreifen zu k\u00f6nnen, wenn Sie beispielsweise im Internet einkaufen oder aber [&hellip;]\" \/>\n<meta property=\"og:url\" content=\"https:\/\/www.maxpokerbonus.com\/de\/online-poker-echtgeld\/ecopayz\/\" \/>\n<meta property=\"og:site_name\" content=\"Max Poker Bonus Deutschland\" \/>\n<meta property=\"article:modified_time\" content=\"2018-11-30T14:11:30+00:00\" \/>\n<meta property=\"og:image\" content=\"https:\/\/www.maxpokerbonus.com\/de\/wp-content\/uploads\/de\/2018\/11\/ecopayz-logo-300x100.jpg\" \/>\n\t<meta property=\"og:image:width\" content=\"300\" \/>\n\t<meta property=\"og:image:height\" content=\"100\" \/>\n\t<meta property=\"og:image:type\" content=\"image\/jpeg\" \/>\n<meta name=\"twitter:card\" content=\"summary_large_image\" \/>\n<meta name=\"twitter:label1\" content=\"Gesch\u00e4tzte Lesezeit\" \/>\n\t<meta name=\"twitter:data1\" content=\"2\u00a0Minuten\" \/>\n<script type=\"application\/ld+json\" class=\"yoast-schema-graph\">{\"@context\":\"https:\\\/\\\/schema.org\",\"@graph\":[{\"@type\":\"WebPage\",\"@id\":\"https:\\\/\\\/www.maxpokerbonus.com\\\/de\\\/online-poker-echtgeld\\\/ecopayz\\\/\",\"url\":\"https:\\\/\\\/www.maxpokerbonus.com\\\/de\\\/online-poker-echtgeld\\\/ecopayz\\\/\",\"name\":\"ecoPayz | Max Poker Bonus Deutschland\",\"isPartOf\":{\"@id\":\"https:\\\/\\\/www.maxpokerbonus.com\\\/de\\\/#website\"},\"primaryImageOfPage\":{\"@id\":\"https:\\\/\\\/www.maxpokerbonus.com\\\/de\\\/online-poker-echtgeld\\\/ecopayz\\\/#primaryimage\"},\"image\":{\"@id\":\"https:\\\/\\\/www.maxpokerbonus.com\\\/de\\\/online-poker-echtgeld\\\/ecopayz\\\/#primaryimage\"},\"thumbnailUrl\":\"https:\\\/\\\/www.maxpokerbonus.com\\\/de\\\/wp-content\\\/uploads\\\/de\\\/ecopayz-logo-300x100-300x100.jpg\",\"datePublished\":\"2018-11-29T16:07:04+00:00\",\"dateModified\":\"2018-11-30T14:11:30+00:00\",\"breadcrumb\":{\"@id\":\"https:\\\/\\\/www.maxpokerbonus.com\\\/de\\\/online-poker-echtgeld\\\/ecopayz\\\/#breadcrumb\"},\"inLanguage\":\"de\",\"potentialAction\":[{\"@type\":\"ReadAction\",\"target\":[\"https:\\\/\\\/www.maxpokerbonus.com\\\/de\\\/online-poker-echtgeld\\\/ecopayz\\\/\"]}]},{\"@type\":\"ImageObject\",\"inLanguage\":\"de\",\"@id\":\"https:\\\/\\\/www.maxpokerbonus.com\\\/de\\\/online-poker-echtgeld\\\/ecopayz\\\/#primaryimage\",\"url\":\"https:\\\/\\\/www.maxpokerbonus.com\\\/de\\\/wp-content\\\/uploads\\\/de\\\/2018\\\/11\\\/ecopayz-logo-300x100.jpg\",\"contentUrl\":\"https:\\\/\\\/www.maxpokerbonus.com\\\/de\\\/wp-content\\\/uploads\\\/de\\\/2018\\\/11\\\/ecopayz-logo-300x100.jpg\",\"width\":300,\"height\":100,\"caption\":\"ecoPayz\"},{\"@type\":\"BreadcrumbList\",\"@id\":\"https:\\\/\\\/www.maxpokerbonus.com\\\/de\\\/online-poker-echtgeld\\\/ecopayz\\\/#breadcrumb\",\"itemListElement\":[{\"@type\":\"ListItem\",\"position\":1,\"name\":\"Startseite\",\"item\":\"https:\\\/\\\/www.maxpokerbonus.com\\\/de\\\/\"},{\"@type\":\"ListItem\",\"position\":2,\"name\":\"Online Poker mit Echtgeld\",\"item\":\"https:\\\/\\\/www.maxpokerbonus.com\\\/de\\\/online-poker-echtgeld\\\/\"},{\"@type\":\"ListItem\",\"position\":3,\"name\":\"ecoPayz\"}]},{\"@type\":\"WebSite\",\"@id\":\"https:\\\/\\\/www.maxpokerbonus.com\\\/de\\\/#website\",\"url\":\"https:\\\/\\\/www.maxpokerbonus.com\\\/de\\\/\",\"name\":\"Max Poker Bonus Deutschland\",\"description\":\"\",\"potentialAction\":[{\"@type\":\"SearchAction\",\"target\":{\"@type\":\"EntryPoint\",\"urlTemplate\":\"https:\\\/\\\/www.maxpokerbonus.com\\\/de\\\/?s={search_term_string}\"},\"query-input\":{\"@type\":\"PropertyValueSpecification\",\"valueRequired\":true,\"valueName\":\"search_term_string\"}}],\"inLanguage\":\"de\"}]}<\/script>\n<!-- \/ Yoast SEO plugin. -->","yoast_head_json":{"title":"ecoPayz | Max Poker Bonus Deutschland","robots":{"index":"index","follow":"follow","max-snippet":"max-snippet:-1","max-image-preview":"max-image-preview:large","max-video-preview":"max-video-preview:-1"},"canonical":"https:\/\/www.maxpokerbonus.com\/de\/online-poker-echtgeld\/ecopayz\/","og_locale":"de_DE","og_type":"article","og_title":"ecoPayz | Max Poker Bonus Deutschland","og_description":"Allgemeine Informationen ecoPayz\u00a0ist eine E-Wallet, zu deutsch also so etwas wie eine elektronische Geldb\u00f6rse. So wie Sie auch Geld in Ihre tats\u00e4chliche Geldb\u00f6rse geben k\u00f6nnen, um dann damit in diversen Gesch\u00e4ften zu zahlen, k\u00f6nnen Sie bei ecoPayz ebenfalls Geld einzahlen, um auf dieses System zur\u00fcckgreifen zu k\u00f6nnen, wenn Sie beispielsweise im Internet einkaufen oder aber [&hellip;]","og_url":"https:\/\/www.maxpokerbonus.com\/de\/online-poker-echtgeld\/ecopayz\/","og_site_name":"Max Poker Bonus Deutschland","article_modified_time":"2018-11-30T14:11:30+00:00","og_image":[{"width":300,"height":100,"url":"https:\/\/www.maxpokerbonus.com\/de\/wp-content\/uploads\/de\/2018\/11\/ecopayz-logo-300x100.jpg","type":"image\/jpeg"}],"twitter_card":"summary_large_image","twitter_misc":{"Gesch\u00e4tzte Lesezeit":"2\u00a0Minuten"},"schema":{"@context":"https:\/\/schema.org","@graph":[{"@type":"WebPage","@id":"https:\/\/www.maxpokerbonus.com\/de\/online-poker-echtgeld\/ecopayz\/","url":"https:\/\/www.maxpokerbonus.com\/de\/online-poker-echtgeld\/ecopayz\/","name":"ecoPayz | Max Poker Bonus Deutschland","isPartOf":{"@id":"https:\/\/www.maxpokerbonus.com\/de\/#website"},"primaryImageOfPage":{"@id":"https:\/\/www.maxpokerbonus.com\/de\/online-poker-echtgeld\/ecopayz\/#primaryimage"},"image":{"@id":"https:\/\/www.maxpokerbonus.com\/de\/online-poker-echtgeld\/ecopayz\/#primaryimage"},"thumbnailUrl":"https:\/\/www.maxpokerbonus.com\/de\/wp-content\/uploads\/de\/ecopayz-logo-300x100-300x100.jpg","datePublished":"2018-11-29T16:07:04+00:00","dateModified":"2018-11-30T14:11:30+00:00","breadcrumb":{"@id":"https:\/\/www.maxpokerbonus.com\/de\/online-poker-echtgeld\/ecopayz\/#breadcrumb"},"inLanguage":"de","potentialAction":[{"@type":"ReadAction","target":["https:\/\/www.maxpokerbonus.com\/de\/online-poker-echtgeld\/ecopayz\/"]}]},{"@type":"ImageObject","inLanguage":"de","@id":"https:\/\/www.maxpokerbonus.com\/de\/online-poker-echtgeld\/ecopayz\/#primaryimage","url":"https:\/\/www.maxpokerbonus.com\/de\/wp-content\/uploads\/de\/2018\/11\/ecopayz-logo-300x100.jpg","contentUrl":"https:\/\/www.maxpokerbonus.com\/de\/wp-content\/uploads\/de\/2018\/11\/ecopayz-logo-300x100.jpg","width":300,"height":100,"caption":"ecoPayz"},{"@type":"BreadcrumbList","@id":"https:\/\/www.maxpokerbonus.com\/de\/online-poker-echtgeld\/ecopayz\/#breadcrumb","itemListElement":[{"@type":"ListItem","position":1,"name":"Startseite","item":"https:\/\/www.maxpokerbonus.com\/de\/"},{"@type":"ListItem","position":2,"name":"Online Poker mit Echtgeld","item":"https:\/\/www.maxpokerbonus.com\/de\/online-poker-echtgeld\/"},{"@type":"ListItem","position":3,"name":"ecoPayz"}]},{"@type":"WebSite","@id":"https:\/\/www.maxpokerbonus.com\/de\/#website","url":"https:\/\/www.maxpokerbonus.com\/de\/","name":"Max Poker Bonus Deutschland","description":"","potentialAction":[{"@type":"SearchAction","target":{"@type":"EntryPoint","urlTemplate":"https:\/\/www.maxpokerbonus.com\/de\/?s={search_term_string}"},"query-input":{"@type":"PropertyValueSpecification","valueRequired":true,"valueName":"search_term_string"}}],"inLanguage":"de"}]}},"_links":{"self":[{"href":"https:\/\/www.maxpokerbonus.com\/de\/wp-json\/wp\/v2\/pages\/140","targetHints":{"allow":["GET"]}}],"collection":[{"href":"https:\/\/www.maxpokerbonus.com\/de\/wp-json\/wp\/v2\/pages"}],"about":[{"href":"https:\/\/www.maxpokerbonus.com\/de\/wp-json\/wp\/v2\/types\/page"}],"author":[{"embeddable":true,"href":"https:\/\/www.maxpokerbonus.com\/de\/wp-json\/wp\/v2\/users\/1"}],"replies":[{"embeddable":true,"href":"https:\/\/www.maxpokerbonus.com\/de\/wp-json\/wp\/v2\/comments?post=140"}],"version-history":[{"count":0,"href":"https:\/\/www.maxpokerbonus.com\/de\/wp-json\/wp\/v2\/pages\/140\/revisions"}],"up":[{"embeddable":true,"href":"https:\/\/www.maxpokerbonus.com\/de\/wp-json\/wp\/v2\/pages\/17"}],"wp:attachment":[{"href":"https:\/\/www.maxpokerbonus.com\/de\/wp-json\/wp\/v2\/media?parent=140"}],"curies":[{"name":"wp","href":"https:\/\/api.w.org\/{rel}","templated":true}]}}