{"id":19,"date":"2018-11-26T13:32:31","date_gmt":"2018-11-26T13:32:31","guid":{"rendered":"https:\/\/www.maxpokerbonus.com\/de\/?page_id=19"},"modified":"2018-11-30T14:13:10","modified_gmt":"2018-11-30T14:13:10","slug":"online-poker-turniere","status":"publish","type":"page","link":"https:\/\/www.maxpokerbonus.com\/de\/online-poker-turniere\/","title":{"rendered":"Online Poker Turniere"},"content":{"rendered":"<p>Wir haben aufgrund des Feedbacks unserer Besucher eine interaktive Liste f\u00fcr\u00a0Online Poker Turniere\u00a0erstellt, um Ihnen beim Suchen nach dem passenden Poker Turnier zu helfen. Wir alle wissen, da\u00df man leicht den \u00dcberblick \u00fcber die Poker Turniere verlieren kann &#8211; vor allem, wenn man in mehreren Poker Seiten Accounts hat.<\/p>\n<p>Mit unserem kleinen Tool k\u00f6nnen Sie jederzeit nach Belieben das minimale und maximale Buy-In eines Pokerturniers w\u00e4hlen und sich die \u00dcbersicht \u00fcber alle gew\u00fcnschten Pokerturniere f\u00fcr alle\u00a0<a href=\"https:\/\/www.maxpokerbonus.com\/de\/online-poker-seiten\/\">Poker Seiten<\/a>\u00a0bei Max Poker Bonus anzeigen lassen. Sie k\u00f6nnen au\u00dferdem zus\u00e4tzlich bei Bedarf die Art des Online Poker Turniers w\u00e4hlen (Texas Hold&#8217;em, Omaha oder Seven Stud) und die Turnierliste nach Belieben sortieren lassen, um so am schnellsten\u00a0die besten Pokerturniereherauszufiltern.<\/p>\n<p>Ein weiteres Feature unserer Online Poker Turnier Liste ist die M\u00f6glichkeit, bei jedem Pokerturnier eine n\u00e4here Info abzufragen und diese Info-Fenster nebeneinander zu stellen. Klicken Sie einfach auf\u00a0Info\u00a0bei einem beliebigen Turnier und Sie sehen beispielsweise, in wie vielen Minuten das Turnier startet, ob es ein Limit oder No-Limit Pokerturnier ist und \u00e4hnliches.<\/p>\n","protected":false},"excerpt":{"rendered":"<p>Wir haben aufgrund des Feedbacks unserer Besucher eine interaktive Liste f\u00fcr\u00a0Online Poker Turniere\u00a0erstellt, um Ihnen beim Suchen nach dem passenden Poker Turnier zu helfen. Wir alle wissen, da\u00df man leicht den \u00dcberblick \u00fcber die Poker Turniere verlieren kann &#8211; vor allem, wenn man in mehreren Poker Seiten Accounts hat. Mit unserem kleinen Tool k\u00f6nnen Sie [&hellip;]<\/p>\n","protected":false},"author":1,"featured_media":0,"parent":0,"menu_order":0,"comment_status":"closed","ping_status":"closed","template":"","meta":{"_monsterinsights_skip_tracking":false,"_monsterinsights_sitenote_active":false,"_monsterinsights_sitenote_note":"","_monsterinsights_sitenote_category":0,"footnotes":""},"class_list":["post-19","page","type-page","status-publish","hentry"],"yoast_head":"<!-- This site is optimized with the Yoast SEO plugin v27.4 - https:\/\/yoast.com\/product\/yoast-seo-wordpress\/ -->\n<title>Online Poker Turniere | die besten Pokerturniere | Max Poker Bonus Deutschland<\/title>\n<meta name=\"description\" content=\"Finden Sie die besten Pokerturniere. Verwenden Sie unsere Pokerturnier Liste, um die besten Online Poker Turniere zu finden.\" \/>\n<meta name=\"robots\" content=\"index, follow, max-snippet:-1, max-image-preview:large, max-video-preview:-1\" \/>\n<link rel=\"canonical\" href=\"https:\/\/www.maxpokerbonus.com\/de\/online-poker-turniere\/\" \/>\n<meta property=\"og:locale\" content=\"de_DE\" \/>\n<meta property=\"og:type\" content=\"article\" \/>\n<meta property=\"og:title\" content=\"Online Poker Turniere | die besten Pokerturniere | Max Poker Bonus Deutschland\" \/>\n<meta property=\"og:description\" content=\"Finden Sie die besten Pokerturniere. Verwenden Sie unsere Pokerturnier Liste, um die besten Online Poker Turniere zu finden.\" \/>\n<meta property=\"og:url\" content=\"https:\/\/www.maxpokerbonus.com\/de\/online-poker-turniere\/\" \/>\n<meta property=\"og:site_name\" content=\"Max Poker Bonus Deutschland\" \/>\n<meta property=\"article:modified_time\" content=\"2018-11-30T14:13:10+00:00\" \/>\n<meta name=\"twitter:card\" content=\"summary_large_image\" \/>\n<meta name=\"twitter:label1\" content=\"Gesch\u00e4tzte Lesezeit\" \/>\n\t<meta name=\"twitter:data1\" content=\"1\u00a0Minute\" \/>\n<script type=\"application\/ld+json\" class=\"yoast-schema-graph\">{\"@context\":\"https:\\\/\\\/schema.org\",\"@graph\":[{\"@type\":\"WebPage\",\"@id\":\"https:\\\/\\\/www.maxpokerbonus.com\\\/de\\\/online-poker-turniere\\\/\",\"url\":\"https:\\\/\\\/www.maxpokerbonus.com\\\/de\\\/online-poker-turniere\\\/\",\"name\":\"Online Poker Turniere | die besten Pokerturniere | Max Poker Bonus Deutschland\",\"isPartOf\":{\"@id\":\"https:\\\/\\\/www.maxpokerbonus.com\\\/de\\\/#website\"},\"datePublished\":\"2018-11-26T13:32:31+00:00\",\"dateModified\":\"2018-11-30T14:13:10+00:00\",\"description\":\"Finden Sie die besten Pokerturniere. Verwenden Sie unsere Pokerturnier Liste, um die besten Online Poker Turniere zu finden.\",\"breadcrumb\":{\"@id\":\"https:\\\/\\\/www.maxpokerbonus.com\\\/de\\\/online-poker-turniere\\\/#breadcrumb\"},\"inLanguage\":\"de\",\"potentialAction\":[{\"@type\":\"ReadAction\",\"target\":[\"https:\\\/\\\/www.maxpokerbonus.com\\\/de\\\/online-poker-turniere\\\/\"]}]},{\"@type\":\"BreadcrumbList\",\"@id\":\"https:\\\/\\\/www.maxpokerbonus.com\\\/de\\\/online-poker-turniere\\\/#breadcrumb\",\"itemListElement\":[{\"@type\":\"ListItem\",\"position\":1,\"name\":\"Startseite\",\"item\":\"https:\\\/\\\/www.maxpokerbonus.com\\\/de\\\/\"},{\"@type\":\"ListItem\",\"position\":2,\"name\":\"Online Poker Turniere\"}]},{\"@type\":\"WebSite\",\"@id\":\"https:\\\/\\\/www.maxpokerbonus.com\\\/de\\\/#website\",\"url\":\"https:\\\/\\\/www.maxpokerbonus.com\\\/de\\\/\",\"name\":\"Max Poker Bonus Deutschland\",\"description\":\"\",\"potentialAction\":[{\"@type\":\"SearchAction\",\"target\":{\"@type\":\"EntryPoint\",\"urlTemplate\":\"https:\\\/\\\/www.maxpokerbonus.com\\\/de\\\/?s={search_term_string}\"},\"query-input\":{\"@type\":\"PropertyValueSpecification\",\"valueRequired\":true,\"valueName\":\"search_term_string\"}}],\"inLanguage\":\"de\"}]}<\/script>\n<!-- \/ Yoast SEO plugin. -->","yoast_head_json":{"title":"Online Poker Turniere | die besten Pokerturniere | Max Poker Bonus Deutschland","description":"Finden Sie die besten Pokerturniere. Verwenden Sie unsere Pokerturnier Liste, um die besten Online Poker Turniere zu finden.","robots":{"index":"index","follow":"follow","max-snippet":"max-snippet:-1","max-image-preview":"max-image-preview:large","max-video-preview":"max-video-preview:-1"},"canonical":"https:\/\/www.maxpokerbonus.com\/de\/online-poker-turniere\/","og_locale":"de_DE","og_type":"article","og_title":"Online Poker Turniere | die besten Pokerturniere | Max Poker Bonus Deutschland","og_description":"Finden Sie die besten Pokerturniere. Verwenden Sie unsere Pokerturnier Liste, um die besten Online Poker Turniere zu finden.","og_url":"https:\/\/www.maxpokerbonus.com\/de\/online-poker-turniere\/","og_site_name":"Max Poker Bonus Deutschland","article_modified_time":"2018-11-30T14:13:10+00:00","twitter_card":"summary_large_image","twitter_misc":{"Gesch\u00e4tzte Lesezeit":"1\u00a0Minute"},"schema":{"@context":"https:\/\/schema.org","@graph":[{"@type":"WebPage","@id":"https:\/\/www.maxpokerbonus.com\/de\/online-poker-turniere\/","url":"https:\/\/www.maxpokerbonus.com\/de\/online-poker-turniere\/","name":"Online Poker Turniere | die besten Pokerturniere | Max Poker Bonus Deutschland","isPartOf":{"@id":"https:\/\/www.maxpokerbonus.com\/de\/#website"},"datePublished":"2018-11-26T13:32:31+00:00","dateModified":"2018-11-30T14:13:10+00:00","description":"Finden Sie die besten Pokerturniere. Verwenden Sie unsere Pokerturnier Liste, um die besten Online Poker Turniere zu finden.","breadcrumb":{"@id":"https:\/\/www.maxpokerbonus.com\/de\/online-poker-turniere\/#breadcrumb"},"inLanguage":"de","potentialAction":[{"@type":"ReadAction","target":["https:\/\/www.maxpokerbonus.com\/de\/online-poker-turniere\/"]}]},{"@type":"BreadcrumbList","@id":"https:\/\/www.maxpokerbonus.com\/de\/online-poker-turniere\/#breadcrumb","itemListElement":[{"@type":"ListItem","position":1,"name":"Startseite","item":"https:\/\/www.maxpokerbonus.com\/de\/"},{"@type":"ListItem","position":2,"name":"Online Poker Turniere"}]},{"@type":"WebSite","@id":"https:\/\/www.maxpokerbonus.com\/de\/#website","url":"https:\/\/www.maxpokerbonus.com\/de\/","name":"Max Poker Bonus Deutschland","description":"","potentialAction":[{"@type":"SearchAction","target":{"@type":"EntryPoint","urlTemplate":"https:\/\/www.maxpokerbonus.com\/de\/?s={search_term_string}"},"query-input":{"@type":"PropertyValueSpecification","valueRequired":true,"valueName":"search_term_string"}}],"inLanguage":"de"}]}},"_links":{"self":[{"href":"https:\/\/www.maxpokerbonus.com\/de\/wp-json\/wp\/v2\/pages\/19","targetHints":{"allow":["GET"]}}],"collection":[{"href":"https:\/\/www.maxpokerbonus.com\/de\/wp-json\/wp\/v2\/pages"}],"about":[{"href":"https:\/\/www.maxpokerbonus.com\/de\/wp-json\/wp\/v2\/types\/page"}],"author":[{"embeddable":true,"href":"https:\/\/www.maxpokerbonus.com\/de\/wp-json\/wp\/v2\/users\/1"}],"replies":[{"embeddable":true,"href":"https:\/\/www.maxpokerbonus.com\/de\/wp-json\/wp\/v2\/comments?post=19"}],"version-history":[{"count":0,"href":"https:\/\/www.maxpokerbonus.com\/de\/wp-json\/wp\/v2\/pages\/19\/revisions"}],"wp:attachment":[{"href":"https:\/\/www.maxpokerbonus.com\/de\/wp-json\/wp\/v2\/media?parent=19"}],"curies":[{"name":"wp","href":"https:\/\/api.w.org\/{rel}","templated":true}]}}