{"id":2,"date":"2018-11-26T10:55:30","date_gmt":"2018-11-26T10:55:30","guid":{"rendered":"https:\/\/www.maxpokerbonus.com\/de\/?page_id=2"},"modified":"2021-11-02T10:35:21","modified_gmt":"2021-11-02T10:35:21","slug":"https-www-maxpokerbonus-com-de","status":"publish","type":"page","link":"https:\/\/www.maxpokerbonus.com\/de\/","title":{"rendered":"Die Besten Poker Bonus Und Mehr"},"content":{"rendered":"<p><img loading=\"lazy\" decoding=\"async\" class=\"alignright wp-image-78 size-full\" src=\"https:\/\/www.maxpokerbonus.com\/de\/wp-content\/uploads\/de\/keep-calm-get-max.jpg\" alt=\"Bleiben Sie ruhig und holen Sie sich den besten Poker Bonus\" width=\"240\" height=\"240\" \/>Wie schon der Name unserer Website, Max Poker Bonus, andeutet, versuchen wir immer, Ihren\u00a0Poker Bonus\u00a0bei dem Poker Seite Ihrer Wahl zu maximieren. Durch jahrelange Erfahrung und ein gro\u00dfes Netzwerk in der Online-Pokerindustrie sind wir auch f\u00fcr gew\u00f6hnlich in der Lage, f\u00fcr jeden beliebigen unserer\u00a0<a href=\"https:\/\/www.maxpokerbonus.com\/de\/online-poker-seiten\/\">Poker Seiten<\/a>\u00a0stets verbesserte Bonus Angebote machen zu k\u00f6nnen.<\/p>\n<p>Im Moment wird unsere Seite komplett neu aufgebaut. Neben einem v\u00f6llig neuen Look-and-Feel, das mobilefreundlich ist, werden auch neue Tools eingef\u00fchrt, mit denen Sie die richtige Pokerseite und den richtigen Bonus ausw\u00e4hlen k\u00f6nnen. Sie k\u00f6nnen unsere Bonus-Tools aus der Vergangenheit kennen. Wir entwickeln diese neu und verbessern wo n\u00f6tig.<\/p>\n<div class=\"gallery\"><div class=\"gallery-columns-2\"><div class=\"gallery-item\">\n<p>Ohne uns selbst gro\u00dfartig loben zu wollen, aber zahlreiche Online Poker Seiten suchen bei uns Tag f\u00fcr Tag darum an, in unsere Liste aufgenommen zu werden. Hier bei Max Poker Bonus haben wir jedoch strikte Grundregeln (<a href=\"https:\/\/www.maxpokerbonus.com\/de\/uber-uns\/\">\u00dcber uns<\/a>), welche und wie viele Poker Seiten wir pr\u00e4sentieren. Sicherheit und ein guter Ruf spielen hierbei eine gro\u00dfe Rolle &#8211; aber auch die Bereitschaft unserer zuk\u00fcnftigen Partner, unseren Spielern den besten Bonus zu bieten.\u00a0Bester Ersteinzahlungsbonus\u00a0&#8211; das bedeutet nicht immer nur die H\u00f6he eines Bonus Angebots sondern auch, wie leicht man den Poker Bonus tats\u00e4chlich l\u00f6sen kann.<\/p>\n<p>Jeder einzelne Pokeranbieter wird von uns sorgf\u00e4ltig \u00fcberpr\u00fcft und ausgesucht. Dabei gehen wir st\u00e4ndig vom Gesichtspunkt eines Pokerspielers aus und akzeptieren nicht etwa jeden Poker Seite, der uns gutes Gesch\u00e4ft verspricht, wie das bei vielen der gr\u00f6\u00dferen Pokerportale der Fall ist. Bei Max Poker Bonus kommt immer der Spieler zuerst.<\/p>\n<\/div><div class=\"gallery-item\">\n<p><table class=\"client-table\"><caption>Top 3 Poker Seiten<\/caption><thead><tr><th>Type<\/th><th colspan=\"2\">Gambling Site<\/th><th>Bonus<\/th><th>Review<\/th><th>Visit<\/th><\/tr><\/thead><tbody><tr class=\"restricted\"><td>Poker<\/td><td class=\"logo\"><img loading=\"lazy\" decoding=\"async\" class=\"restricted\" src=\"https:\/\/www.maxpokerbonus.com\/de\/wp-content\/uploads\/de\/icon-partypoker-80x40.jpg\" alt=\"partypoker\" width=\"80\" height=\"40\" \/><\/td><td class=\"flag\"><img loading=\"lazy\" decoding=\"async\" src=\"https:\/\/www.maxpokerbonus.com\/de\/wp-content\/themes\/max-poker-bonus\/images\/flags\/united-states.png\" alt=\"United States\" width=\"40\" height=\"40\" \/><\/td><td>100% up to $500<\/td><td><a href=\"https:\/\/www.maxpokerbonus.com\/de\/online-poker-rooms\/partypoker\/\">Review<\/a><\/td><td><\/td><\/tr><tr class=\"restricted\"><td>Poker<\/td><td class=\"logo\"><img loading=\"lazy\" decoding=\"async\" class=\"restricted\" src=\"https:\/\/www.maxpokerbonus.com\/de\/wp-content\/uploads\/de\/icon-bet365-poker-80x40.jpg\" alt=\"bet365 Poker\" width=\"80\" height=\"40\" \/><\/td><td class=\"flag\"><img loading=\"lazy\" decoding=\"async\" src=\"https:\/\/www.maxpokerbonus.com\/de\/wp-content\/themes\/max-poker-bonus\/images\/flags\/united-states.png\" alt=\"United States\" width=\"40\" height=\"40\" \/><\/td><td>100% up to \u00a3100<\/td><td><a href=\"https:\/\/www.maxpokerbonus.com\/de\/online-poker-rooms\/bet365-poker\/\">Review<\/a><\/td><td><\/td><\/tr><tr><td colspan=\"6\" class=\"terms\">Bet365 Poker - Welcome Package of up to \u20ac365. \u20ac365 bonus is redeemed in installments based on Status Points earned. Tickets and prize wheel spins expire after seven days. Time limits, exclusions and T&C\/s apply. For more information about this offer please visit the website.<\/td><\/tr><tr class=\"restricted\"><td>Poker<\/td><td class=\"logo\"><img loading=\"lazy\" decoding=\"async\" class=\"restricted\" src=\"https:\/\/www.maxpokerbonus.com\/de\/wp-content\/uploads\/de\/icon-888poker-80x40.jpg\" alt=\"888poker\" width=\"80\" height=\"40\" \/><\/td><td class=\"flag\"><img loading=\"lazy\" decoding=\"async\" src=\"https:\/\/www.maxpokerbonus.com\/de\/wp-content\/themes\/max-poker-bonus\/images\/flags\/united-states.png\" alt=\"United States\" width=\"40\" height=\"40\" \/><\/td><td>100% up to $400<\/td><td><a href=\"https:\/\/www.maxpokerbonus.com\/de\/online-poker-rooms\/888poker\/\">Review<\/a><\/td><td><\/td><\/tr><\/tbody><\/table><\/p><p class=\"wrapper-18plus\"><span class=\"icon-18plus\">18+<\/span> T\/C's Apply<\/p>\n<\/div><\/div><\/div>\n<p>Bitte nehmen Sie sich auch im eigenen Interesse die Zeit, sich mit unseren einzigartigen Features wie beispielsweise dem\u00a0<a href=\"https:\/\/www.maxpokerbonus.com\/de\/poker-wahrscheinlichkeiten\/m-rechner\/\">M-Rechner<\/a> vertraut zu machen. Finden Sie den f\u00fcr Sie am besten geeigneten Einzahlungsbonus und n\u00fctzen Sie unsere Seite zu Ihrem Vorteil. Ihr pers\u00f6nlicher bester Ersteinzahlungsbonus kann f\u00fcr jemand anderen durchaus nicht die beste L\u00f6sung sein, also \u00fcberlegen Sie bitte immer genau, welcher Bonus f\u00fcr Ihr Spiel am geeignetsten ist.<\/p>\n<div class=\"highlight\">\n<h2>Immer der neueste Poker Bonus<\/h2>\n<p>Aufgrund unserer Richtlinie, nie mehr als 10 Poker Seiten zu pr\u00e4sentieren, k\u00f6nnen wir beste Qualit\u00e4t und stets aktuelle Information bieten. Das beinhaltet selbstverst\u00e4ndlich auch die st\u00e4ndig wechselnden\u00a0Poker Bonus\u00a0Angebote der Poker Seite. Sobald also ein Anbieter seinen Poker Bonus oder die Voraussetzungen, um diesen frei zu spielen, \u00e4ndert, wird die entsprechende Bonus Information auf unserer Seite umgehend aktualisiert.<\/p>\n<p>Sobald einer unserer empfohlenen PokerSeiten einen neuen Poker Bonus anbietet oder ein Einzahlungsbonus ge\u00e4ndert wird, werden Sie auf Max Poker Bonus genauestens informiert. Daf\u00fcr bieten wir sowohl individuelle Bonus Informationen, als auch Blogbeitr\u00e4ge, die Sie nochmals extra darauf hinweisen. Sie k\u00f6nnen all unsere Pokerbonus Angebote auf unserer\u00a0<a href=\"https:\/\/www.maxpokerbonus.com\/de\/poker-boni\/\">Poker Boni<\/a>\u00a0Seite vergleichen und beliebig sortieren. Somit ist f\u00fcr Sie der beste Ersteinzahlungsbonus immer nur wenige Klicks entfernt. Wir haben leider, in diesen Moment, keine\u00a0<a href=\"https:\/\/www.mergepoker.org\/\" target=\"_blank\" rel=\"noopener\">Merge<\/a>\u00a0Poker Seite im Angebot.<br \/>\n<\/p><\/div>\n<h3>Party Poker<\/h3>\n<p>Party Poker bietet von Neuling bis Profi f\u00fcr alle etwas und z\u00e4hlt seit langem zu den gr\u00f6\u00dften Online Poker Seiten der Welt. Hier findet man jederzeit einen Tisch, der den pers\u00f6nlichen Vorlieben entspricht. Messen Sie sich mit den Besten. Und das auf allen Computern egal welches Betriebssystem. Party Poker bietet auch eine mobile version.<\/p>\n<a class=\"cta\" href=\"https:\/\/www.maxpokerbonus.com\/go\/partypoker\/\">Jetzt Zum Party Poker<\/a>\n<p style=\"text-align: center;\"><a href=\"https:\/\/www.maxpokerbonus.com\/online-poker-rooms\/party-poker\/\">Lesen Sie unsere Party Poker Test hier<\/a><\/p>\n","protected":false},"excerpt":{"rendered":"<p>Wie schon der Name unserer Website, Max Poker Bonus, andeutet, versuchen wir immer, Ihren\u00a0Poker Bonus\u00a0bei dem Poker Seite Ihrer Wahl zu maximieren. Durch jahrelange Erfahrung und ein gro\u00dfes Netzwerk in der Online-Pokerindustrie sind wir auch f\u00fcr gew\u00f6hnlich in der Lage, f\u00fcr jeden beliebigen unserer\u00a0Poker Seiten\u00a0stets verbesserte Bonus Angebote machen zu k\u00f6nnen. Im Moment wird unsere [&hellip;]<\/p>\n","protected":false},"author":1,"featured_media":0,"parent":0,"menu_order":0,"comment_status":"closed","ping_status":"open","template":"","meta":{"_monsterinsights_skip_tracking":false,"_monsterinsights_sitenote_active":false,"_monsterinsights_sitenote_note":"","_monsterinsights_sitenote_category":0,"footnotes":""},"class_list":["post-2","page","type-page","status-publish","hentry"],"yoast_head":"<!-- This site is optimized with the Yoast SEO plugin v27.4 - https:\/\/yoast.com\/product\/yoast-seo-wordpress\/ -->\n<title>Max Poker Bonus | Der Besten Seiten (10) und Boni f\u00fcr Online Poker<\/title>\n<meta name=\"description\" content=\"Bester Ersteinzahlungsbonus mit Max Poker Bonus. Finden Sie mit uns der Besten Seite, den besten Poker Bonus, und gutte Promozionen, f\u00fcr Online Poker.\" \/>\n<meta name=\"robots\" content=\"index, follow, max-snippet:-1, max-image-preview:large, max-video-preview:-1\" \/>\n<link rel=\"canonical\" href=\"https:\/\/www.maxpokerbonus.com\/de\/\" \/>\n<meta property=\"og:locale\" content=\"de_DE\" \/>\n<meta property=\"og:type\" content=\"article\" \/>\n<meta property=\"og:title\" content=\"Max Poker Bonus | Der Besten Seiten (10) und Boni f\u00fcr Online Poker\" \/>\n<meta property=\"og:description\" content=\"Bester Ersteinzahlungsbonus mit Max Poker Bonus. Finden Sie mit uns der Besten Seite, den besten Poker Bonus, und gutte Promozionen, f\u00fcr Online Poker.\" \/>\n<meta property=\"og:url\" content=\"https:\/\/www.maxpokerbonus.com\/de\/\" \/>\n<meta property=\"og:site_name\" content=\"Max Poker Bonus Deutschland\" \/>\n<meta property=\"article:modified_time\" content=\"2021-11-02T10:35:21+00:00\" \/>\n<meta property=\"og:image\" content=\"https:\/\/www.maxpokerbonus.com\/de\/wp-content\/uploads\/de\/keep-calm-get-max.jpg\" \/>\n<meta name=\"twitter:card\" content=\"summary_large_image\" \/>\n<meta name=\"twitter:label1\" content=\"Gesch\u00e4tzte Lesezeit\" \/>\n\t<meta name=\"twitter:data1\" content=\"3\u00a0Minuten\" \/>\n<script type=\"application\/ld+json\" class=\"yoast-schema-graph\">{\"@context\":\"https:\\\/\\\/schema.org\",\"@graph\":[{\"@type\":\"WebPage\",\"@id\":\"https:\\\/\\\/www.maxpokerbonus.com\\\/de\\\/\",\"url\":\"https:\\\/\\\/www.maxpokerbonus.com\\\/de\\\/\",\"name\":\"Max Poker Bonus | Der Besten Seiten (10) und Boni f\u00fcr Online Poker\",\"isPartOf\":{\"@id\":\"https:\\\/\\\/www.maxpokerbonus.com\\\/de\\\/#website\"},\"primaryImageOfPage\":{\"@id\":\"https:\\\/\\\/www.maxpokerbonus.com\\\/de\\\/#primaryimage\"},\"image\":{\"@id\":\"https:\\\/\\\/www.maxpokerbonus.com\\\/de\\\/#primaryimage\"},\"thumbnailUrl\":\"https:\\\/\\\/www.maxpokerbonus.com\\\/de\\\/wp-content\\\/uploads\\\/de\\\/keep-calm-get-max.jpg\",\"datePublished\":\"2018-11-26T10:55:30+00:00\",\"dateModified\":\"2021-11-02T10:35:21+00:00\",\"description\":\"Bester Ersteinzahlungsbonus mit Max Poker Bonus. Finden Sie mit uns der Besten Seite, den besten Poker Bonus, und gutte Promozionen, f\u00fcr Online Poker.\",\"breadcrumb\":{\"@id\":\"https:\\\/\\\/www.maxpokerbonus.com\\\/de\\\/#breadcrumb\"},\"inLanguage\":\"de\",\"potentialAction\":[{\"@type\":\"ReadAction\",\"target\":[\"https:\\\/\\\/www.maxpokerbonus.com\\\/de\\\/\"]}]},{\"@type\":\"ImageObject\",\"inLanguage\":\"de\",\"@id\":\"https:\\\/\\\/www.maxpokerbonus.com\\\/de\\\/#primaryimage\",\"url\":\"https:\\\/\\\/www.maxpokerbonus.com\\\/de\\\/wp-content\\\/uploads\\\/de\\\/keep-calm-get-max.jpg\",\"contentUrl\":\"https:\\\/\\\/www.maxpokerbonus.com\\\/de\\\/wp-content\\\/uploads\\\/de\\\/keep-calm-get-max.jpg\"},{\"@type\":\"BreadcrumbList\",\"@id\":\"https:\\\/\\\/www.maxpokerbonus.com\\\/de\\\/#breadcrumb\",\"itemListElement\":[{\"@type\":\"ListItem\",\"position\":1,\"name\":\"Startseite\",\"item\":\"https:\\\/\\\/www.maxpokerbonus.com\\\/de\\\/\"},{\"@type\":\"ListItem\",\"position\":2,\"name\":\"Die Besten Poker Bonus Und Mehr\"}]},{\"@type\":\"WebSite\",\"@id\":\"https:\\\/\\\/www.maxpokerbonus.com\\\/de\\\/#website\",\"url\":\"https:\\\/\\\/www.maxpokerbonus.com\\\/de\\\/\",\"name\":\"Max Poker Bonus Deutschland\",\"description\":\"\",\"potentialAction\":[{\"@type\":\"SearchAction\",\"target\":{\"@type\":\"EntryPoint\",\"urlTemplate\":\"https:\\\/\\\/www.maxpokerbonus.com\\\/de\\\/?s={search_term_string}\"},\"query-input\":{\"@type\":\"PropertyValueSpecification\",\"valueRequired\":true,\"valueName\":\"search_term_string\"}}],\"inLanguage\":\"de\"}]}<\/script>\n<!-- \/ Yoast SEO plugin. -->","yoast_head_json":{"title":"Max Poker Bonus | Der Besten Seiten (10) und Boni f\u00fcr Online Poker","description":"Bester Ersteinzahlungsbonus mit Max Poker Bonus. Finden Sie mit uns der Besten Seite, den besten Poker Bonus, und gutte Promozionen, f\u00fcr Online Poker.","robots":{"index":"index","follow":"follow","max-snippet":"max-snippet:-1","max-image-preview":"max-image-preview:large","max-video-preview":"max-video-preview:-1"},"canonical":"https:\/\/www.maxpokerbonus.com\/de\/","og_locale":"de_DE","og_type":"article","og_title":"Max Poker Bonus | Der Besten Seiten (10) und Boni f\u00fcr Online Poker","og_description":"Bester Ersteinzahlungsbonus mit Max Poker Bonus. Finden Sie mit uns der Besten Seite, den besten Poker Bonus, und gutte Promozionen, f\u00fcr Online Poker.","og_url":"https:\/\/www.maxpokerbonus.com\/de\/","og_site_name":"Max Poker Bonus Deutschland","article_modified_time":"2021-11-02T10:35:21+00:00","og_image":[{"url":"https:\/\/www.maxpokerbonus.com\/de\/wp-content\/uploads\/de\/keep-calm-get-max.jpg","type":"","width":"","height":""}],"twitter_card":"summary_large_image","twitter_misc":{"Gesch\u00e4tzte Lesezeit":"3\u00a0Minuten"},"schema":{"@context":"https:\/\/schema.org","@graph":[{"@type":"WebPage","@id":"https:\/\/www.maxpokerbonus.com\/de\/","url":"https:\/\/www.maxpokerbonus.com\/de\/","name":"Max Poker Bonus | Der Besten Seiten (10) und Boni f\u00fcr Online Poker","isPartOf":{"@id":"https:\/\/www.maxpokerbonus.com\/de\/#website"},"primaryImageOfPage":{"@id":"https:\/\/www.maxpokerbonus.com\/de\/#primaryimage"},"image":{"@id":"https:\/\/www.maxpokerbonus.com\/de\/#primaryimage"},"thumbnailUrl":"https:\/\/www.maxpokerbonus.com\/de\/wp-content\/uploads\/de\/keep-calm-get-max.jpg","datePublished":"2018-11-26T10:55:30+00:00","dateModified":"2021-11-02T10:35:21+00:00","description":"Bester Ersteinzahlungsbonus mit Max Poker Bonus. Finden Sie mit uns der Besten Seite, den besten Poker Bonus, und gutte Promozionen, f\u00fcr Online Poker.","breadcrumb":{"@id":"https:\/\/www.maxpokerbonus.com\/de\/#breadcrumb"},"inLanguage":"de","potentialAction":[{"@type":"ReadAction","target":["https:\/\/www.maxpokerbonus.com\/de\/"]}]},{"@type":"ImageObject","inLanguage":"de","@id":"https:\/\/www.maxpokerbonus.com\/de\/#primaryimage","url":"https:\/\/www.maxpokerbonus.com\/de\/wp-content\/uploads\/de\/keep-calm-get-max.jpg","contentUrl":"https:\/\/www.maxpokerbonus.com\/de\/wp-content\/uploads\/de\/keep-calm-get-max.jpg"},{"@type":"BreadcrumbList","@id":"https:\/\/www.maxpokerbonus.com\/de\/#breadcrumb","itemListElement":[{"@type":"ListItem","position":1,"name":"Startseite","item":"https:\/\/www.maxpokerbonus.com\/de\/"},{"@type":"ListItem","position":2,"name":"Die Besten Poker Bonus Und Mehr"}]},{"@type":"WebSite","@id":"https:\/\/www.maxpokerbonus.com\/de\/#website","url":"https:\/\/www.maxpokerbonus.com\/de\/","name":"Max Poker Bonus Deutschland","description":"","potentialAction":[{"@type":"SearchAction","target":{"@type":"EntryPoint","urlTemplate":"https:\/\/www.maxpokerbonus.com\/de\/?s={search_term_string}"},"query-input":{"@type":"PropertyValueSpecification","valueRequired":true,"valueName":"search_term_string"}}],"inLanguage":"de"}]}},"_links":{"self":[{"href":"https:\/\/www.maxpokerbonus.com\/de\/wp-json\/wp\/v2\/pages\/2","targetHints":{"allow":["GET"]}}],"collection":[{"href":"https:\/\/www.maxpokerbonus.com\/de\/wp-json\/wp\/v2\/pages"}],"about":[{"href":"https:\/\/www.maxpokerbonus.com\/de\/wp-json\/wp\/v2\/types\/page"}],"author":[{"embeddable":true,"href":"https:\/\/www.maxpokerbonus.com\/de\/wp-json\/wp\/v2\/users\/1"}],"replies":[{"embeddable":true,"href":"https:\/\/www.maxpokerbonus.com\/de\/wp-json\/wp\/v2\/comments?post=2"}],"version-history":[{"count":2,"href":"https:\/\/www.maxpokerbonus.com\/de\/wp-json\/wp\/v2\/pages\/2\/revisions"}],"predecessor-version":[{"id":409,"href":"https:\/\/www.maxpokerbonus.com\/de\/wp-json\/wp\/v2\/pages\/2\/revisions\/409"}],"wp:attachment":[{"href":"https:\/\/www.maxpokerbonus.com\/de\/wp-json\/wp\/v2\/media?parent=2"}],"curies":[{"name":"wp","href":"https:\/\/api.w.org\/{rel}","templated":true}]}}