{"id":21,"date":"2018-11-26T13:34:13","date_gmt":"2018-11-26T13:34:13","guid":{"rendered":"https:\/\/www.maxpokerbonus.com\/de\/?page_id=21"},"modified":"2018-12-05T22:48:18","modified_gmt":"2018-12-05T22:48:18","slug":"poker-wahrscheinlichkeiten","status":"publish","type":"page","link":"https:\/\/www.maxpokerbonus.com\/de\/poker-wahrscheinlichkeiten\/","title":{"rendered":"Poker Wahrscheinlichkeiten"},"content":{"rendered":"<p>Unter diesem Men\u00fcpunkt wollen wir Ihnen die Welt der\u00a0<strong>Wahrscheinlichkeiten<\/strong>\u00a0ein wenig n\u00e4her bringen, um die sich im Poker fast alles dreht. Wer seine Chancen auf einen m\u00f6glichen Gewinn richtig einsch\u00e4tzen kann, wird am Schlu\u00df mit mehr Geld dastehen als zuvor. Wenngleich auch das Gl\u00fcck immer eine Rolle spielen wird, kann man beim Pokern seine Chancen immer bis zu einem gewissen Grad selber bestimmen und w\u00e4hrend ein guter Spieler wei\u00df, wann die Wahrscheinlichkeiten f\u00fcr ihn sprechen, wei\u00df ein wirklich guter Pokerspieler, wann sie gegen ihn stehen und akzeptiert den Verlust seines bisherigen Einsatzes anstatt noch mehr aufs Spiel zu setzen.<\/p>\n<p>Ob Sie nun wissen wollen, wie gro\u00df die\u00a0<strong>Wahrscheinlichkeit<\/strong>\u00a0einer bestimmten Hand ist, oder wie Ihre Chancen gegen eine andere Hand stehen, werden Sie hier f\u00fcndig. Es ist eine der wichtigsten Lektionen f\u00fcr Spieler, zu lernen, wann man aussteigt &#8211; und hierzu ist ein Basiswissen \u00fcber die Wahrscheinlichkeiten im Poker unbedingt notwendig. Da\u00df nichtsdestotrotz jemand eine Hand gewinnen kann, bei der er gerade einmal 5% Wahrscheinlichkeit auf einen Sieg hatte, ist jedem bewu\u00dft. Aber Tatsache ist, da\u00df er auf lange Sicht gesehen f\u00fcr jeden solchen Sieg 9mal verlieren wird. W\u00e4hrend das vielleicht zu dem Zeitpunkt ein schwacher Trost sein mag, mu\u00df man sich vor Augen halten, da\u00df man schlu\u00dfendlich nur dann ein erfolgreicher Pokerspieler sein wird, wenn man die Wahrscheinlichkeiten zu seinen Gunsten zu nutzen wei\u00df.<\/p>\n<p>Ein besonderes Augenmerk sollten Sie deshalb auf unseren\u00a0Poker Wahrscheinlichkeitsrechner\u00a0legen, der Ihnen dabei helfen soll, Ihre Karten besser zu bewerten und ein Gesp\u00fcr daf\u00fcr zu entwickeln, wie gut Ihre Hand tats\u00e4chlich ist. Wer lernt, seine Karten richtig zu bewerten, wird im Spiel weit mehr Erfolg haben und mit ungl\u00fccklichen Niederlagen leichter umzugehen lernen, da sie insgesamt gesehen die Ausnahme sein werden.<\/p>\n<p>Wenn wir Ihnen nun &#8222;Viel Gl\u00fcck&#8220; w\u00fcnschen, meinen wir eigentlich &#8222;Viele gute Wahrscheinlichkeiten&#8220;.<\/p>\n<p>Viel Gl\u00fcck!<\/p>\n","protected":false},"excerpt":{"rendered":"<p>Unter diesem Men\u00fcpunkt wollen wir Ihnen die Welt der\u00a0Wahrscheinlichkeiten\u00a0ein wenig n\u00e4her bringen, um die sich im Poker fast alles dreht. Wer seine Chancen auf einen m\u00f6glichen Gewinn richtig einsch\u00e4tzen kann, wird am Schlu\u00df mit mehr Geld dastehen als zuvor. Wenngleich auch das Gl\u00fcck immer eine Rolle spielen wird, kann man beim Pokern seine Chancen immer [&hellip;]<\/p>\n","protected":false},"author":1,"featured_media":0,"parent":0,"menu_order":0,"comment_status":"closed","ping_status":"closed","template":"","meta":{"_monsterinsights_skip_tracking":false,"_monsterinsights_sitenote_active":false,"_monsterinsights_sitenote_note":"","_monsterinsights_sitenote_category":0,"footnotes":""},"class_list":["post-21","page","type-page","status-publish","hentry"],"yoast_head":"<!-- This site is optimized with the Yoast SEO plugin v27.4 - https:\/\/yoast.com\/product\/yoast-seo-wordpress\/ -->\n<title>Poker Wahrscheinlichkeiten | Wahrscheinlichkeiten beim Pokern | Max Poker Bonus Deutschland<\/title>\n<meta name=\"description\" content=\"Hier finden Sie eine Einf\u00fchrung in die Wahrscheinlichkeiten beim Pokerspiel. Nutzen Sie die Wahrscheinlichkeiten zu Ihren Gunsten.\" \/>\n<meta name=\"robots\" content=\"index, follow, max-snippet:-1, max-image-preview:large, max-video-preview:-1\" \/>\n<link rel=\"canonical\" href=\"https:\/\/www.maxpokerbonus.com\/de\/poker-wahrscheinlichkeiten\/\" \/>\n<meta property=\"og:locale\" content=\"de_DE\" \/>\n<meta property=\"og:type\" content=\"article\" \/>\n<meta property=\"og:title\" content=\"Poker Wahrscheinlichkeiten | Wahrscheinlichkeiten beim Pokern | Max Poker Bonus Deutschland\" \/>\n<meta property=\"og:description\" content=\"Hier finden Sie eine Einf\u00fchrung in die Wahrscheinlichkeiten beim Pokerspiel. Nutzen Sie die Wahrscheinlichkeiten zu Ihren Gunsten.\" \/>\n<meta property=\"og:url\" content=\"https:\/\/www.maxpokerbonus.com\/de\/poker-wahrscheinlichkeiten\/\" \/>\n<meta property=\"og:site_name\" content=\"Max Poker Bonus Deutschland\" \/>\n<meta property=\"article:modified_time\" content=\"2018-12-05T22:48:18+00:00\" \/>\n<meta name=\"twitter:card\" content=\"summary_large_image\" \/>\n<meta name=\"twitter:label1\" content=\"Gesch\u00e4tzte Lesezeit\" \/>\n\t<meta name=\"twitter:data1\" content=\"2\u00a0Minuten\" \/>\n<script type=\"application\/ld+json\" class=\"yoast-schema-graph\">{\"@context\":\"https:\\\/\\\/schema.org\",\"@graph\":[{\"@type\":\"WebPage\",\"@id\":\"https:\\\/\\\/www.maxpokerbonus.com\\\/de\\\/poker-wahrscheinlichkeiten\\\/\",\"url\":\"https:\\\/\\\/www.maxpokerbonus.com\\\/de\\\/poker-wahrscheinlichkeiten\\\/\",\"name\":\"Poker Wahrscheinlichkeiten | Wahrscheinlichkeiten beim Pokern | Max Poker Bonus Deutschland\",\"isPartOf\":{\"@id\":\"https:\\\/\\\/www.maxpokerbonus.com\\\/de\\\/#website\"},\"datePublished\":\"2018-11-26T13:34:13+00:00\",\"dateModified\":\"2018-12-05T22:48:18+00:00\",\"description\":\"Hier finden Sie eine Einf\u00fchrung in die Wahrscheinlichkeiten beim Pokerspiel. Nutzen Sie die Wahrscheinlichkeiten zu Ihren Gunsten.\",\"breadcrumb\":{\"@id\":\"https:\\\/\\\/www.maxpokerbonus.com\\\/de\\\/poker-wahrscheinlichkeiten\\\/#breadcrumb\"},\"inLanguage\":\"de\",\"potentialAction\":[{\"@type\":\"ReadAction\",\"target\":[\"https:\\\/\\\/www.maxpokerbonus.com\\\/de\\\/poker-wahrscheinlichkeiten\\\/\"]}]},{\"@type\":\"BreadcrumbList\",\"@id\":\"https:\\\/\\\/www.maxpokerbonus.com\\\/de\\\/poker-wahrscheinlichkeiten\\\/#breadcrumb\",\"itemListElement\":[{\"@type\":\"ListItem\",\"position\":1,\"name\":\"Startseite\",\"item\":\"https:\\\/\\\/www.maxpokerbonus.com\\\/de\\\/\"},{\"@type\":\"ListItem\",\"position\":2,\"name\":\"Poker Wahrscheinlichkeiten\"}]},{\"@type\":\"WebSite\",\"@id\":\"https:\\\/\\\/www.maxpokerbonus.com\\\/de\\\/#website\",\"url\":\"https:\\\/\\\/www.maxpokerbonus.com\\\/de\\\/\",\"name\":\"Max Poker Bonus Deutschland\",\"description\":\"\",\"potentialAction\":[{\"@type\":\"SearchAction\",\"target\":{\"@type\":\"EntryPoint\",\"urlTemplate\":\"https:\\\/\\\/www.maxpokerbonus.com\\\/de\\\/?s={search_term_string}\"},\"query-input\":{\"@type\":\"PropertyValueSpecification\",\"valueRequired\":true,\"valueName\":\"search_term_string\"}}],\"inLanguage\":\"de\"}]}<\/script>\n<!-- \/ Yoast SEO plugin. -->","yoast_head_json":{"title":"Poker Wahrscheinlichkeiten | Wahrscheinlichkeiten beim Pokern | Max Poker Bonus Deutschland","description":"Hier finden Sie eine Einf\u00fchrung in die Wahrscheinlichkeiten beim Pokerspiel. Nutzen Sie die Wahrscheinlichkeiten zu Ihren Gunsten.","robots":{"index":"index","follow":"follow","max-snippet":"max-snippet:-1","max-image-preview":"max-image-preview:large","max-video-preview":"max-video-preview:-1"},"canonical":"https:\/\/www.maxpokerbonus.com\/de\/poker-wahrscheinlichkeiten\/","og_locale":"de_DE","og_type":"article","og_title":"Poker Wahrscheinlichkeiten | Wahrscheinlichkeiten beim Pokern | Max Poker Bonus Deutschland","og_description":"Hier finden Sie eine Einf\u00fchrung in die Wahrscheinlichkeiten beim Pokerspiel. Nutzen Sie die Wahrscheinlichkeiten zu Ihren Gunsten.","og_url":"https:\/\/www.maxpokerbonus.com\/de\/poker-wahrscheinlichkeiten\/","og_site_name":"Max Poker Bonus Deutschland","article_modified_time":"2018-12-05T22:48:18+00:00","twitter_card":"summary_large_image","twitter_misc":{"Gesch\u00e4tzte Lesezeit":"2\u00a0Minuten"},"schema":{"@context":"https:\/\/schema.org","@graph":[{"@type":"WebPage","@id":"https:\/\/www.maxpokerbonus.com\/de\/poker-wahrscheinlichkeiten\/","url":"https:\/\/www.maxpokerbonus.com\/de\/poker-wahrscheinlichkeiten\/","name":"Poker Wahrscheinlichkeiten | Wahrscheinlichkeiten beim Pokern | Max Poker Bonus Deutschland","isPartOf":{"@id":"https:\/\/www.maxpokerbonus.com\/de\/#website"},"datePublished":"2018-11-26T13:34:13+00:00","dateModified":"2018-12-05T22:48:18+00:00","description":"Hier finden Sie eine Einf\u00fchrung in die Wahrscheinlichkeiten beim Pokerspiel. Nutzen Sie die Wahrscheinlichkeiten zu Ihren Gunsten.","breadcrumb":{"@id":"https:\/\/www.maxpokerbonus.com\/de\/poker-wahrscheinlichkeiten\/#breadcrumb"},"inLanguage":"de","potentialAction":[{"@type":"ReadAction","target":["https:\/\/www.maxpokerbonus.com\/de\/poker-wahrscheinlichkeiten\/"]}]},{"@type":"BreadcrumbList","@id":"https:\/\/www.maxpokerbonus.com\/de\/poker-wahrscheinlichkeiten\/#breadcrumb","itemListElement":[{"@type":"ListItem","position":1,"name":"Startseite","item":"https:\/\/www.maxpokerbonus.com\/de\/"},{"@type":"ListItem","position":2,"name":"Poker Wahrscheinlichkeiten"}]},{"@type":"WebSite","@id":"https:\/\/www.maxpokerbonus.com\/de\/#website","url":"https:\/\/www.maxpokerbonus.com\/de\/","name":"Max Poker Bonus Deutschland","description":"","potentialAction":[{"@type":"SearchAction","target":{"@type":"EntryPoint","urlTemplate":"https:\/\/www.maxpokerbonus.com\/de\/?s={search_term_string}"},"query-input":{"@type":"PropertyValueSpecification","valueRequired":true,"valueName":"search_term_string"}}],"inLanguage":"de"}]}},"_links":{"self":[{"href":"https:\/\/www.maxpokerbonus.com\/de\/wp-json\/wp\/v2\/pages\/21","targetHints":{"allow":["GET"]}}],"collection":[{"href":"https:\/\/www.maxpokerbonus.com\/de\/wp-json\/wp\/v2\/pages"}],"about":[{"href":"https:\/\/www.maxpokerbonus.com\/de\/wp-json\/wp\/v2\/types\/page"}],"author":[{"embeddable":true,"href":"https:\/\/www.maxpokerbonus.com\/de\/wp-json\/wp\/v2\/users\/1"}],"replies":[{"embeddable":true,"href":"https:\/\/www.maxpokerbonus.com\/de\/wp-json\/wp\/v2\/comments?post=21"}],"version-history":[{"count":0,"href":"https:\/\/www.maxpokerbonus.com\/de\/wp-json\/wp\/v2\/pages\/21\/revisions"}],"wp:attachment":[{"href":"https:\/\/www.maxpokerbonus.com\/de\/wp-json\/wp\/v2\/media?parent=21"}],"curies":[{"name":"wp","href":"https:\/\/api.w.org\/{rel}","templated":true}]}}