{"id":23,"date":"2018-11-26T13:35:13","date_gmt":"2018-11-26T13:35:13","guid":{"rendered":"https:\/\/www.maxpokerbonus.com\/de\/?page_id=23"},"modified":"2018-12-05T22:47:48","modified_gmt":"2018-12-05T22:47:48","slug":"odds-und-outs","status":"publish","type":"page","link":"https:\/\/www.maxpokerbonus.com\/de\/poker-wahrscheinlichkeiten\/odds-und-outs\/","title":{"rendered":"Odds und Outs"},"content":{"rendered":"<p>Eine der wichtigsten Lektionen beim Pokerspiel ist das Erkennen und Berechnen von Outs und Odds (hier unterscheiden wir noch zwischen Hand Odds und Pot Odds). F\u00fcr die Neulinge unter uns seien hier die beiden Begriffe erst einmal erkl\u00e4rt:<\/p>\n<h2>Outs<\/h2>\n<p>Hiermit bezeichnen wir die Anzahl der Karten, die unsere derzeitige Hand verbessern k\u00f6nnen.<\/p>\n<p>Beispiel:<\/p>\n<ul>\n<li><em>Sie spielen Texas Hold&#8217;em und haben 67 in Ihren Pocket Cards, beim Flop werden 45J aufgedeckt. Wenn nun eine 3 oder eine 8 kommen, haben Sie eine Stra\u00dfe. Im Deck befinden sich jeweils viermal die 3 und die 8, Sie haben also insgesamt 8 Outs.<\/em><\/li>\n<\/ul>\n<h2>Hand Odds<\/h2>\n<p>Dies bezeichnet das Verh\u00e4ltnis der Anzahl der Karten, die noch verdeckt sind und Ihnen nicht helfen w\u00fcrden zu den Outs.<\/p>\n<p>Im obigen Beispiel:<\/p>\n<ul>\n<li><em>Wir haben 5 aufgedeckte Karten (unsere Pocket Cards und die 3 Karten am Flop) also noch 47 unbekannte Karten. Davon sind 8 unsere Outs. Die Odds stehen nun also (47 &#8211; 8) : 8 = 39:8. Wir runden dies nun der Einfachheit halber auf 40:8 und k\u00fcrzen durch 8 auf 5:1. Dies w\u00fcrde hei\u00dfen, da\u00df wir, wenn wir diese Kombination sechsmal haben, statistisch gesehen genau einmal unsere Stra\u00dfe fertig bekommen.<\/em><\/li>\n<\/ul>\n<h2>Pot Odds<\/h2>\n<p>Beschreibt das Verh\u00e4ltnis von vorhandenem Pot und verlangtem Einsatz, um einen Call zu machen. Umso h\u00f6her dieses Verh\u00e4ltnis (also je kleiner der Call im Vergleich zum Pot), desto besser.<\/p>\n<p>Beispiel:<\/p>\n<ul>\n<li><em>Der Pot betr\u00e4gt \u20ac70 und Sie m\u00fcssen f\u00fcr einen Call \u20ac10 bezahlen &#8211; das entspricht Pot Odds von 70:10 oder 7:1 &#8211; wenn Sie diese Hand also genau einmal in 8 Versuchen gewinnen, stehen Sie im Endeffekt ohne Gewinn oder Verlust da.<\/em><\/li>\n<\/ul>\n<h2>Mathematik im Pokerspiel<\/h2>\n<p>Viele Spieler lassen sich durch die Tatsache, da\u00df Mathematik im Spiel ist, davon abschrecken, sich mit Odds zu besch\u00e4ftigen. Tats\u00e4chlich ist es aber viel einfacher als man auf den ersten Blick vermuten mag und w\u00e4hrend viele erfolgreiche Spieler behaupten, ihre Entscheidungen aus dem Bauchgef\u00fchl heraus zu treffen, schw\u00f6ren die meisten Profis auf eben jene Odds. Und auch diejenigen, die aus Gef\u00fchl entscheiden, haben im Lauf der Zeit durch ihre Erfahrung abzusch\u00e4tzen gelernt, wann die\u00a0Chancen\u00a0gut f\u00fcr sie stehen.<\/p>\n<p>Tatsache ist, da\u00df Poker eben nicht ein Gl\u00fccksspiel im eigentlichen Sinne ist. Nat\u00fcrlich spielt Gl\u00fcck eine Rolle, keine Frage, aber nicht umsonst finden wir immer wieder dieselben Spieler ganz weit vorne. Warum? Weil sie das Spiel mit der Wahrscheinlichkeit und den Odds am besten beherrschen. Und weil sie die Hand Odds und die Pot Odds richtig gegeneinander ausspielen.<\/p>\n<p>Was macht nun Pot Odds und Hand Odds so wichtig? Und in welchem Verh\u00e4ltnis stehen sie zueinander? Mu\u00df ich \u00fcberhaupt beide Odds kennen? Nun, um uns dar\u00fcber im Klaren zu sein, m\u00fcssen wir kurz wieder ein wenig in der Theorie schwelgen. Pokern ist &#8211; wie erw\u00e4hnt &#8211; nicht nur ein Gl\u00fccksspiel, es ist ein Spiel der\u00a0Wahrscheinlichkeiten. Wenn man also auf Dauer gewinnbringend spielen m\u00f6chte, mu\u00df man die Wahrscheinlichkeit auf seine Seite bringen. Sobald man das schafft, wird man unter dem Schlu\u00dfstrich eine positive Bilanz ziehen k\u00f6nnen. Und zwar deshalb weil sich viele Spieler das Konzept der Outs und Odds nie angeeignet haben.<\/p>\n<p>Gehen wir doch einfach zu unserem oben erw\u00e4hnten Beispiel zur\u00fcck und verbinden Hand Odds und Poker Odds:<\/p>\n<ul>\n<li><em>Wir haben also Hand Odds von 39:8 oder grob gesagt 5:1. Unsere Pot Odds betragen 7:1. Was nun? Nun, laut Wahrscheinlichkeit k\u00f6nnen wir beruhigt einen Call wagen solange unsere Hand Odds unter unseren Pot Odds liegen. Denn das hei\u00dft nichts anderes als da\u00df wir statistisch gesehen zwar f\u00fcnfmal verlieren und nur einmal gewinnen, aber da\u00df wir bei diesem einen Sieg unseren Einsatz 8fach hereinbekommen. Wir k\u00f6nnten uns also in der Theorie sogar noch 2 zus\u00e4tzliche &#8222;ungl\u00fcckliche&#8220; Niederlagen leisten. Die Wahrscheinlichkeit ist also auf unserer Seite.<\/em><\/li>\n<\/ul>\n<h2>Auf Dauer siegt Mathematik immer \u00fcber Gl\u00fcck<\/h2>\n<p>Bei dieser Theorie geht man nat\u00fcrlich davon aus, da\u00df man jedesmal dieselben Hand und Pot Odds hat, was in den seltensten F\u00e4llen vorkommen wird. Aber Tatsache ist, da\u00df man so auf Dauer gewinnbringend spielen wird. Sie m\u00fcssen sich im Klaren sein, da\u00df bei unserem Beispiel statistisch gesehen einem Sieg f\u00fcnf Niederlagen gegen\u00fcberstehen. Wenn Sie nun f\u00fcnfmal in Folge Ihre \u20ac10 Einsatz verlieren und dadurch beim n\u00e4chsten mal kneifen, wird diese\u00a0Strategie\u00a0nicht aufgehen. Selbst wenn Sie das Pech haben sollten, zehnmal in Folge bei diesen Chancen zu verlieren, ja auch bei zwanzigmal&#8230; Sie m\u00fcssen die Z\u00e4hne zusammenbei\u00dfen und die Wahrscheinlichkeit weiterhin zu Ihren Gunsten zu nutzen verstehen.<\/p>\n<p><strong>Wichtig:<\/strong>\u00a0Bitte beachten Sie, da\u00df wir bisher der Einfachheit halber die Tatsache vernachl\u00e4ssigt haben, da\u00df wir nach dem Flop nicht nur eine Chance auf unsere Outs haben, sondern zuerst einmal am Turn und danach noch einmal am River! Die korrekte Formel zum Berechnen unserer tats\u00e4chlichen Hand Odds w\u00e4re in unserem obigen Beispiel wie folgt:<\/p>\n<p><em>Wir machen eine Umkehr und ziehen die Wahrscheinlichkeit, weder auf Turn noch auf River ein Out zu ziehen, von 100% ab. Die Formel daf\u00fcr lautet:<\/em><\/p>\n<p><small><strong>1 &#8211; [((47 &#8211; Outs) \/ 47) x ((46 &#8211; Outs) \/ 46)]<\/strong><\/small><\/p>\n<p><small>In unserem Fall also:<\/small><\/p>\n<p><small>1 &#8211; [(39 \/ 47) x (38 \/ 46)] = 1 &#8211; [0,830 x 0,826] = 1 &#8211; 0,686 = 0,314 -&gt; 31,4% Chance auf eine Stra\u00dfe.<\/small><\/p>\n<p><em>Um diese % Chance nun wieder in Hand Odds umzuwandeln (damit wir diese mit den Pot Odds vergleichen k\u00f6nnen) rechnen wir:<\/em><\/p>\n<p><small><strong>Hand Odds = [(1 \/ %) &#8211; 1]<\/strong><\/small><\/p>\n<p><small>Also:<\/small><\/p>\n<p><small>[(1 \/ 0,314) &#8211; 1] = [3,18 &#8211; 1] = 2,18 -&gt; also ann\u00e4hernd 2,2:1<\/small><\/p>\n<p><em>Wenn Sie sich das vor Augen halten, dann werden Sie verstehen, da\u00df Sie oben erw\u00e4hnte Hand selbst bei Pot Odds von 3:1 spielen sollten, also selbst wenn der Pot lediglich \u20ac30 betr\u00e4gt w\u00fcrden Sie mit \u20ac10 callen.<\/em><\/p>\n<p>Und zum Abschlu\u00df f\u00fcr alle, die sich so flei\u00dfig bis hierher durchgelesen haben, eine gro\u00dfe Belohnung, um das Berechnen der Hand Odds vom Flop respektive Turn weg zu erleichtern. Am Flop nehmen Sie die Outs und multiplizieren Sie sie mit 4, das ergibt in etwa die prozentuelle Wahrscheinlichkeit. Danach nehmen Sie die schon erw\u00e4hnte Formel\u00a0<strong>Hand Odds = [(1 \/ %) &#8211; 1]<\/strong>\u00a0oder wenn Sie sich damit leichter tun\u00a0<strong>Hand Odds = [(100 \/ Ganzzahlige %) &#8211; 1]<\/strong>.\u00a0<em>Wenn Sie die Hand Odds vom Turn weg berechnen wollen, beginnen Sie diesen Vorgang, indem Sie die Outs mit 2 multiplizieren statt mit 4.<\/em><\/p>\n<p>Gehen wir wieder zu unserem Beispiel:<\/p>\n<ul>\n<li><em>Wir haben 8 Outs, also multiplizieren wir diese mit 4 und erhalten 32. Wir sehen, da\u00df die so gesch\u00e4tzten 32% knapp an den errechneten 31,4% liegen. Nun rechnen wir 100\/32 und k\u00f6nnen schnell sehen, da\u00df das Ergebnis in etwa bei 3 liegt. Nun noch schnell 3-1 gerechnet und unsere Hand Odds liegen mit 2:1 sehr nahe an den vorher noch m\u00fchevoll errechneten.<\/em><\/li>\n<\/ul>\n","protected":false},"excerpt":{"rendered":"<p>Eine der wichtigsten Lektionen beim Pokerspiel ist das Erkennen und Berechnen von Outs und Odds (hier unterscheiden wir noch zwischen Hand Odds und Pot Odds). F\u00fcr die Neulinge unter uns seien hier die beiden Begriffe erst einmal erkl\u00e4rt: Outs Hiermit bezeichnen wir die Anzahl der Karten, die unsere derzeitige Hand verbessern k\u00f6nnen. Beispiel: Sie spielen [&hellip;]<\/p>\n","protected":false},"author":1,"featured_media":0,"parent":21,"menu_order":0,"comment_status":"closed","ping_status":"closed","template":"","meta":{"_monsterinsights_skip_tracking":false,"_monsterinsights_sitenote_active":false,"_monsterinsights_sitenote_note":"","_monsterinsights_sitenote_category":0,"footnotes":""},"class_list":["post-23","page","type-page","status-publish","hentry"],"yoast_head":"<!-- This site is optimized with the Yoast SEO plugin v27.4 - https:\/\/yoast.com\/product\/yoast-seo-wordpress\/ -->\n<title>Odds und Outs | Hand Odds, Pot Odds und Outs | Max Poker Bonus Deutschland<\/title>\n<meta name=\"description\" content=\"Eine Erkl\u00e4rung der Begriffe Hand Odds, Pot Odds und Outs anhand eines Beispiels in Texas Hold&#039;em. Erkennen Sie Outs und berechnen Sie Ihre Odds im Detail oder \u00fcberschlagm\u00e4\u00dfig.\" \/>\n<meta name=\"robots\" content=\"index, follow, max-snippet:-1, max-image-preview:large, max-video-preview:-1\" \/>\n<link rel=\"canonical\" href=\"https:\/\/www.maxpokerbonus.com\/de\/poker-wahrscheinlichkeiten\/odds-und-outs\/\" \/>\n<meta property=\"og:locale\" content=\"de_DE\" \/>\n<meta property=\"og:type\" content=\"article\" \/>\n<meta property=\"og:title\" content=\"Odds und Outs | Hand Odds, Pot Odds und Outs | Max Poker Bonus Deutschland\" \/>\n<meta property=\"og:description\" content=\"Eine Erkl\u00e4rung der Begriffe Hand Odds, Pot Odds und Outs anhand eines Beispiels in Texas Hold&#039;em. Erkennen Sie Outs und berechnen Sie Ihre Odds im Detail oder \u00fcberschlagm\u00e4\u00dfig.\" \/>\n<meta property=\"og:url\" content=\"https:\/\/www.maxpokerbonus.com\/de\/poker-wahrscheinlichkeiten\/odds-und-outs\/\" \/>\n<meta property=\"og:site_name\" content=\"Max Poker Bonus Deutschland\" \/>\n<meta property=\"article:modified_time\" content=\"2018-12-05T22:47:48+00:00\" \/>\n<meta name=\"twitter:card\" content=\"summary_large_image\" \/>\n<meta name=\"twitter:label1\" content=\"Gesch\u00e4tzte Lesezeit\" \/>\n\t<meta name=\"twitter:data1\" content=\"5\u00a0Minuten\" \/>\n<script type=\"application\/ld+json\" class=\"yoast-schema-graph\">{\"@context\":\"https:\\\/\\\/schema.org\",\"@graph\":[{\"@type\":\"WebPage\",\"@id\":\"https:\\\/\\\/www.maxpokerbonus.com\\\/de\\\/poker-wahrscheinlichkeiten\\\/odds-und-outs\\\/\",\"url\":\"https:\\\/\\\/www.maxpokerbonus.com\\\/de\\\/poker-wahrscheinlichkeiten\\\/odds-und-outs\\\/\",\"name\":\"Odds und Outs | Hand Odds, Pot Odds und Outs | Max Poker Bonus Deutschland\",\"isPartOf\":{\"@id\":\"https:\\\/\\\/www.maxpokerbonus.com\\\/de\\\/#website\"},\"datePublished\":\"2018-11-26T13:35:13+00:00\",\"dateModified\":\"2018-12-05T22:47:48+00:00\",\"description\":\"Eine Erkl\u00e4rung der Begriffe Hand Odds, Pot Odds und Outs anhand eines Beispiels in Texas Hold'em. Erkennen Sie Outs und berechnen Sie Ihre Odds im Detail oder \u00fcberschlagm\u00e4\u00dfig.\",\"breadcrumb\":{\"@id\":\"https:\\\/\\\/www.maxpokerbonus.com\\\/de\\\/poker-wahrscheinlichkeiten\\\/odds-und-outs\\\/#breadcrumb\"},\"inLanguage\":\"de\",\"potentialAction\":[{\"@type\":\"ReadAction\",\"target\":[\"https:\\\/\\\/www.maxpokerbonus.com\\\/de\\\/poker-wahrscheinlichkeiten\\\/odds-und-outs\\\/\"]}]},{\"@type\":\"BreadcrumbList\",\"@id\":\"https:\\\/\\\/www.maxpokerbonus.com\\\/de\\\/poker-wahrscheinlichkeiten\\\/odds-und-outs\\\/#breadcrumb\",\"itemListElement\":[{\"@type\":\"ListItem\",\"position\":1,\"name\":\"Startseite\",\"item\":\"https:\\\/\\\/www.maxpokerbonus.com\\\/de\\\/\"},{\"@type\":\"ListItem\",\"position\":2,\"name\":\"Poker Wahrscheinlichkeiten\",\"item\":\"https:\\\/\\\/www.maxpokerbonus.com\\\/de\\\/poker-wahrscheinlichkeiten\\\/\"},{\"@type\":\"ListItem\",\"position\":3,\"name\":\"Odds und Outs\"}]},{\"@type\":\"WebSite\",\"@id\":\"https:\\\/\\\/www.maxpokerbonus.com\\\/de\\\/#website\",\"url\":\"https:\\\/\\\/www.maxpokerbonus.com\\\/de\\\/\",\"name\":\"Max Poker Bonus Deutschland\",\"description\":\"\",\"potentialAction\":[{\"@type\":\"SearchAction\",\"target\":{\"@type\":\"EntryPoint\",\"urlTemplate\":\"https:\\\/\\\/www.maxpokerbonus.com\\\/de\\\/?s={search_term_string}\"},\"query-input\":{\"@type\":\"PropertyValueSpecification\",\"valueRequired\":true,\"valueName\":\"search_term_string\"}}],\"inLanguage\":\"de\"}]}<\/script>\n<!-- \/ Yoast SEO plugin. -->","yoast_head_json":{"title":"Odds und Outs | Hand Odds, Pot Odds und Outs | Max Poker Bonus Deutschland","description":"Eine Erkl\u00e4rung der Begriffe Hand Odds, Pot Odds und Outs anhand eines Beispiels in Texas Hold'em. Erkennen Sie Outs und berechnen Sie Ihre Odds im Detail oder \u00fcberschlagm\u00e4\u00dfig.","robots":{"index":"index","follow":"follow","max-snippet":"max-snippet:-1","max-image-preview":"max-image-preview:large","max-video-preview":"max-video-preview:-1"},"canonical":"https:\/\/www.maxpokerbonus.com\/de\/poker-wahrscheinlichkeiten\/odds-und-outs\/","og_locale":"de_DE","og_type":"article","og_title":"Odds und Outs | Hand Odds, Pot Odds und Outs | Max Poker Bonus Deutschland","og_description":"Eine Erkl\u00e4rung der Begriffe Hand Odds, Pot Odds und Outs anhand eines Beispiels in Texas Hold'em. Erkennen Sie Outs und berechnen Sie Ihre Odds im Detail oder \u00fcberschlagm\u00e4\u00dfig.","og_url":"https:\/\/www.maxpokerbonus.com\/de\/poker-wahrscheinlichkeiten\/odds-und-outs\/","og_site_name":"Max Poker Bonus Deutschland","article_modified_time":"2018-12-05T22:47:48+00:00","twitter_card":"summary_large_image","twitter_misc":{"Gesch\u00e4tzte Lesezeit":"5\u00a0Minuten"},"schema":{"@context":"https:\/\/schema.org","@graph":[{"@type":"WebPage","@id":"https:\/\/www.maxpokerbonus.com\/de\/poker-wahrscheinlichkeiten\/odds-und-outs\/","url":"https:\/\/www.maxpokerbonus.com\/de\/poker-wahrscheinlichkeiten\/odds-und-outs\/","name":"Odds und Outs | Hand Odds, Pot Odds und Outs | Max Poker Bonus Deutschland","isPartOf":{"@id":"https:\/\/www.maxpokerbonus.com\/de\/#website"},"datePublished":"2018-11-26T13:35:13+00:00","dateModified":"2018-12-05T22:47:48+00:00","description":"Eine Erkl\u00e4rung der Begriffe Hand Odds, Pot Odds und Outs anhand eines Beispiels in Texas Hold'em. Erkennen Sie Outs und berechnen Sie Ihre Odds im Detail oder \u00fcberschlagm\u00e4\u00dfig.","breadcrumb":{"@id":"https:\/\/www.maxpokerbonus.com\/de\/poker-wahrscheinlichkeiten\/odds-und-outs\/#breadcrumb"},"inLanguage":"de","potentialAction":[{"@type":"ReadAction","target":["https:\/\/www.maxpokerbonus.com\/de\/poker-wahrscheinlichkeiten\/odds-und-outs\/"]}]},{"@type":"BreadcrumbList","@id":"https:\/\/www.maxpokerbonus.com\/de\/poker-wahrscheinlichkeiten\/odds-und-outs\/#breadcrumb","itemListElement":[{"@type":"ListItem","position":1,"name":"Startseite","item":"https:\/\/www.maxpokerbonus.com\/de\/"},{"@type":"ListItem","position":2,"name":"Poker Wahrscheinlichkeiten","item":"https:\/\/www.maxpokerbonus.com\/de\/poker-wahrscheinlichkeiten\/"},{"@type":"ListItem","position":3,"name":"Odds und Outs"}]},{"@type":"WebSite","@id":"https:\/\/www.maxpokerbonus.com\/de\/#website","url":"https:\/\/www.maxpokerbonus.com\/de\/","name":"Max Poker Bonus Deutschland","description":"","potentialAction":[{"@type":"SearchAction","target":{"@type":"EntryPoint","urlTemplate":"https:\/\/www.maxpokerbonus.com\/de\/?s={search_term_string}"},"query-input":{"@type":"PropertyValueSpecification","valueRequired":true,"valueName":"search_term_string"}}],"inLanguage":"de"}]}},"_links":{"self":[{"href":"https:\/\/www.maxpokerbonus.com\/de\/wp-json\/wp\/v2\/pages\/23","targetHints":{"allow":["GET"]}}],"collection":[{"href":"https:\/\/www.maxpokerbonus.com\/de\/wp-json\/wp\/v2\/pages"}],"about":[{"href":"https:\/\/www.maxpokerbonus.com\/de\/wp-json\/wp\/v2\/types\/page"}],"author":[{"embeddable":true,"href":"https:\/\/www.maxpokerbonus.com\/de\/wp-json\/wp\/v2\/users\/1"}],"replies":[{"embeddable":true,"href":"https:\/\/www.maxpokerbonus.com\/de\/wp-json\/wp\/v2\/comments?post=23"}],"version-history":[{"count":0,"href":"https:\/\/www.maxpokerbonus.com\/de\/wp-json\/wp\/v2\/pages\/23\/revisions"}],"up":[{"embeddable":true,"href":"https:\/\/www.maxpokerbonus.com\/de\/wp-json\/wp\/v2\/pages\/21"}],"wp:attachment":[{"href":"https:\/\/www.maxpokerbonus.com\/de\/wp-json\/wp\/v2\/media?parent=23"}],"curies":[{"name":"wp","href":"https:\/\/api.w.org\/{rel}","templated":true}]}}