{"id":32,"date":"2018-11-26T13:43:06","date_gmt":"2018-11-26T13:43:06","guid":{"rendered":"https:\/\/www.maxpokerbonus.com\/de\/?page_id=32"},"modified":"2018-11-26T13:46:18","modified_gmt":"2018-11-26T13:46:18","slug":"poker-glossar","status":"publish","type":"page","link":"https:\/\/www.maxpokerbonus.com\/de\/poker-glossar\/","title":{"rendered":"Poker Glossar"},"content":{"rendered":"<p>Sind Sie ein Bubble Boy &#8211; und wissen Sie, was das ist? Kennen Sie den Begriff Connectors? K\u00f6nnen Sie mit Outs etwas anfangen? Ist Ihnen der Ausdruck Three Bet gel\u00e4ufig? Wenn nicht, k\u00f6nnen Sie diese und noch viele andere typischen Ausdr\u00fccke hier in unserem Poker Glossar nachschlagen. Der Fachjargon im Poker ist sehr umfangreich und nicht immer sind diese Pokerbegriffe f\u00fcr einen Neuling einfach zu verstehen. Damit Sie stets wissen, was gespielt wird, wenn im Chat beipsielsweise jemand von Aces Full redet, haben wir f\u00fcr Sie ein umfangreiches Poker Glossar erstellt. Wenn Ihnen noch Pokerbegriffe unklar sind, die wir hier nicht erw\u00e4hnt haben, kontaktieren Sie uns doch einfach mit diesen unklaren Begriffen und wir werden diese mit entsprechender Erkl\u00e4rung gerne in unser Poker Glossar aufnehmen.<\/p>\n<p>W\u00e4hrend die angesprochenen Pokerbegriffe ein sehr wichtiger Bestandteil der Pokersprache sind, sollten Sie zuerst die untenstehenden Abk\u00fcrzungen f\u00fcr die Karten lernen. Das geht allerdings sehr schnell, das Prinzip ist denkbar einfach. Und mithilfe dieser wenigen Abk\u00fcrzungen werden Sie auch alle Erkl\u00e4rungen in unserem Poker Glossar viel leichter verstehen.<\/p>\n<ul class=\"glossary-index\"><li><a href=\"\/de\/3\/\">3<\/a><\/li><li><a href=\"\/de\/4\/\">4<\/a><\/li><li><a href=\"\/de\/5\/\">5<\/a><\/li><li><a href=\"\/de\/7\/\">7<\/a><\/li><li><a href=\"\/de\/a\/\">A<\/a><\/li><li><a href=\"\/de\/b\/\">B<\/a><\/li><li><a href=\"\/de\/c\/\">C<\/a><\/li><li><a href=\"\/de\/d\/\">D<\/a><\/li><li><a href=\"\/de\/e\/\">E<\/a><\/li><li><a href=\"\/de\/f\/\">F<\/a><\/li><li><a href=\"\/de\/g\/\">G<\/a><\/li><li><a href=\"\/de\/h\/\">H<\/a><\/li><li><a href=\"\/de\/i\/\">I<\/a><\/li><li><a href=\"\/de\/k\/\">K<\/a><\/li><li><a href=\"\/de\/l\/\">L<\/a><\/li><li><a href=\"\/de\/m\/\">M<\/a><\/li><li><a href=\"\/de\/n\/\">N<\/a><\/li><li><a href=\"\/de\/o\/\">O<\/a><\/li><li><a href=\"\/de\/p\/\">P<\/a><\/li><li><a href=\"\/de\/q\/\">Q<\/a><\/li><li><a href=\"\/de\/r\/\">R<\/a><\/li><li><a href=\"\/de\/s\/\">S<\/a><\/li><li><a href=\"\/de\/t\/\">T<\/a><\/li><li><a href=\"\/de\/u\/\">U<\/a><\/li><li><a href=\"\/de\/v\/\">V<\/a><\/li><li><a href=\"\/de\/w\/\">W<\/a><\/li> <\/ul>\n<h3>Poker Glossar &#8211; Abk\u00fcrzungen<\/h3>\n<ul>\n<li><strong>A<\/strong> As (Ace)<\/li>\n<li><strong>K<\/strong> K\u00f6nig (King)<\/li>\n<li><strong>Q<\/strong> Dame (Queen)<\/li>\n<li><strong>J<\/strong> Bub (Jack)<\/li>\n<li><strong>T<\/strong> 10 (Ten)<\/li>\n<li><strong>2-9<\/strong> Die restlichen Karten mit den Werten 2-9<\/li>\n<li><strong>h<\/strong> Herz (Hearts)<\/li>\n<li><strong>d<\/strong> Karo (Diamonds)<\/li>\n<li><strong>s<\/strong> Pik (Spades) &#8211; Vorsicht: bedeuted nicht Pik, sondern &#8222;suited&#8220;, wenn es nach einer Kartenkombination steht (z.B. AQs)<\/li>\n<li><strong>c<\/strong> Kreuz (Clubs)<\/li>\n<li><strong>o<\/strong> offsuit<\/li>\n<\/ul>\n<p>Aus den oben erw\u00e4hnten Karten werden durch Aneinanderreihung die H\u00e4nde gebildet, beispielweise w\u00e4re eine Starthand von K\u00f6nig und Bub mit KJ abgek\u00fcrzt. Die h\u00f6here Karte wird hierbei immer als erste genannt. Wenn nun die Farbe der Karten von Bedeutung ist, und man im genannten Beispiel einen Herz K\u00f6nig und Kreuz Buben hat, w\u00e4re die Abk\u00fcrzung KhJc. Wenn nun beide dieselbe Farbe haben (beispielsweise also Herz K\u00f6nig und Herz Bube) wird auch gern einfach ein &#8222;s&#8220; hintangestellt, statt beiden einzeln einen Farbwert zuzuweisen. In unserem Falle also KJs statt KhJh. Im Gegensatz dazu gibt es noch &#8222;o&#8220; f\u00fcr offsuit, also wird beispielsweise KhJd auch gerne also KJo angegeben.<\/p>\n<p>Mithilfe dieser wenigen Abk\u00fcrzungen werden Sie sich in unserem Poker Glossar schnell zurecht finden und selber in K\u00fcrze alle m\u00f6glichen Pokerbegriffe um sich werfen, wenn Sie beispielsweise trotz Pocket Rockets einen Bad Beat hinnehmen mu\u00dften und von einem Maniac vom Tisch genommen wurden.<\/p>\n","protected":false},"excerpt":{"rendered":"<p>Sind Sie ein Bubble Boy &#8211; und wissen Sie, was das ist? Kennen Sie den Begriff Connectors? K\u00f6nnen Sie mit Outs etwas anfangen? Ist Ihnen der Ausdruck Three Bet gel\u00e4ufig? Wenn nicht, k\u00f6nnen Sie diese und noch viele andere typischen Ausdr\u00fccke hier in unserem Poker Glossar nachschlagen. Der Fachjargon im Poker ist sehr umfangreich und [&hellip;]<\/p>\n","protected":false},"author":1,"featured_media":0,"parent":0,"menu_order":0,"comment_status":"closed","ping_status":"closed","template":"","meta":{"_monsterinsights_skip_tracking":false,"_monsterinsights_sitenote_active":false,"_monsterinsights_sitenote_note":"","_monsterinsights_sitenote_category":0,"footnotes":""},"class_list":["post-32","page","type-page","status-publish","hentry"],"yoast_head":"<!-- This site is optimized with the Yoast SEO plugin v27.4 - https:\/\/yoast.com\/product\/yoast-seo-wordpress\/ -->\n<title>Poker Glossar | Pokerbegriffe | Max Poker Bonus Deutschland<\/title>\n<meta name=\"description\" content=\"In unserem Poker Glossar finden Sie die wichtigsten Pokebegriffe erkl\u00e4rt - und einige Pokerbegriffe, die Sie vermutlich noch nie geh\u00f6rt haben.\" \/>\n<meta name=\"robots\" content=\"index, follow, max-snippet:-1, max-image-preview:large, max-video-preview:-1\" \/>\n<link rel=\"canonical\" href=\"https:\/\/www.maxpokerbonus.com\/de\/poker-glossar\/\" \/>\n<meta property=\"og:locale\" content=\"de_DE\" \/>\n<meta property=\"og:type\" content=\"article\" \/>\n<meta property=\"og:title\" content=\"Poker Glossar | Pokerbegriffe | Max Poker Bonus Deutschland\" \/>\n<meta property=\"og:description\" content=\"In unserem Poker Glossar finden Sie die wichtigsten Pokebegriffe erkl\u00e4rt - und einige Pokerbegriffe, die Sie vermutlich noch nie geh\u00f6rt haben.\" \/>\n<meta property=\"og:url\" content=\"https:\/\/www.maxpokerbonus.com\/de\/poker-glossar\/\" \/>\n<meta property=\"og:site_name\" content=\"Max Poker Bonus Deutschland\" \/>\n<meta property=\"article:modified_time\" content=\"2018-11-26T13:46:18+00:00\" \/>\n<meta name=\"twitter:card\" content=\"summary_large_image\" \/>\n<meta name=\"twitter:label1\" content=\"Gesch\u00e4tzte Lesezeit\" \/>\n\t<meta name=\"twitter:data1\" content=\"2\u00a0Minuten\" \/>\n<script type=\"application\/ld+json\" class=\"yoast-schema-graph\">{\"@context\":\"https:\\\/\\\/schema.org\",\"@graph\":[{\"@type\":\"WebPage\",\"@id\":\"https:\\\/\\\/www.maxpokerbonus.com\\\/de\\\/poker-glossar\\\/\",\"url\":\"https:\\\/\\\/www.maxpokerbonus.com\\\/de\\\/poker-glossar\\\/\",\"name\":\"Poker Glossar | Pokerbegriffe | Max Poker Bonus Deutschland\",\"isPartOf\":{\"@id\":\"https:\\\/\\\/www.maxpokerbonus.com\\\/de\\\/#website\"},\"datePublished\":\"2018-11-26T13:43:06+00:00\",\"dateModified\":\"2018-11-26T13:46:18+00:00\",\"description\":\"In unserem Poker Glossar finden Sie die wichtigsten Pokebegriffe erkl\u00e4rt - und einige Pokerbegriffe, die Sie vermutlich noch nie geh\u00f6rt haben.\",\"breadcrumb\":{\"@id\":\"https:\\\/\\\/www.maxpokerbonus.com\\\/de\\\/poker-glossar\\\/#breadcrumb\"},\"inLanguage\":\"de\",\"potentialAction\":[{\"@type\":\"ReadAction\",\"target\":[\"https:\\\/\\\/www.maxpokerbonus.com\\\/de\\\/poker-glossar\\\/\"]}]},{\"@type\":\"BreadcrumbList\",\"@id\":\"https:\\\/\\\/www.maxpokerbonus.com\\\/de\\\/poker-glossar\\\/#breadcrumb\",\"itemListElement\":[{\"@type\":\"ListItem\",\"position\":1,\"name\":\"Startseite\",\"item\":\"https:\\\/\\\/www.maxpokerbonus.com\\\/de\\\/\"},{\"@type\":\"ListItem\",\"position\":2,\"name\":\"Poker Glossar\"}]},{\"@type\":\"WebSite\",\"@id\":\"https:\\\/\\\/www.maxpokerbonus.com\\\/de\\\/#website\",\"url\":\"https:\\\/\\\/www.maxpokerbonus.com\\\/de\\\/\",\"name\":\"Max Poker Bonus Deutschland\",\"description\":\"\",\"potentialAction\":[{\"@type\":\"SearchAction\",\"target\":{\"@type\":\"EntryPoint\",\"urlTemplate\":\"https:\\\/\\\/www.maxpokerbonus.com\\\/de\\\/?s={search_term_string}\"},\"query-input\":{\"@type\":\"PropertyValueSpecification\",\"valueRequired\":true,\"valueName\":\"search_term_string\"}}],\"inLanguage\":\"de\"}]}<\/script>\n<!-- \/ Yoast SEO plugin. -->","yoast_head_json":{"title":"Poker Glossar | Pokerbegriffe | Max Poker Bonus Deutschland","description":"In unserem Poker Glossar finden Sie die wichtigsten Pokebegriffe erkl\u00e4rt - und einige Pokerbegriffe, die Sie vermutlich noch nie geh\u00f6rt haben.","robots":{"index":"index","follow":"follow","max-snippet":"max-snippet:-1","max-image-preview":"max-image-preview:large","max-video-preview":"max-video-preview:-1"},"canonical":"https:\/\/www.maxpokerbonus.com\/de\/poker-glossar\/","og_locale":"de_DE","og_type":"article","og_title":"Poker Glossar | Pokerbegriffe | Max Poker Bonus Deutschland","og_description":"In unserem Poker Glossar finden Sie die wichtigsten Pokebegriffe erkl\u00e4rt - und einige Pokerbegriffe, die Sie vermutlich noch nie geh\u00f6rt haben.","og_url":"https:\/\/www.maxpokerbonus.com\/de\/poker-glossar\/","og_site_name":"Max Poker Bonus Deutschland","article_modified_time":"2018-11-26T13:46:18+00:00","twitter_card":"summary_large_image","twitter_misc":{"Gesch\u00e4tzte Lesezeit":"2\u00a0Minuten"},"schema":{"@context":"https:\/\/schema.org","@graph":[{"@type":"WebPage","@id":"https:\/\/www.maxpokerbonus.com\/de\/poker-glossar\/","url":"https:\/\/www.maxpokerbonus.com\/de\/poker-glossar\/","name":"Poker Glossar | Pokerbegriffe | Max Poker Bonus Deutschland","isPartOf":{"@id":"https:\/\/www.maxpokerbonus.com\/de\/#website"},"datePublished":"2018-11-26T13:43:06+00:00","dateModified":"2018-11-26T13:46:18+00:00","description":"In unserem Poker Glossar finden Sie die wichtigsten Pokebegriffe erkl\u00e4rt - und einige Pokerbegriffe, die Sie vermutlich noch nie geh\u00f6rt haben.","breadcrumb":{"@id":"https:\/\/www.maxpokerbonus.com\/de\/poker-glossar\/#breadcrumb"},"inLanguage":"de","potentialAction":[{"@type":"ReadAction","target":["https:\/\/www.maxpokerbonus.com\/de\/poker-glossar\/"]}]},{"@type":"BreadcrumbList","@id":"https:\/\/www.maxpokerbonus.com\/de\/poker-glossar\/#breadcrumb","itemListElement":[{"@type":"ListItem","position":1,"name":"Startseite","item":"https:\/\/www.maxpokerbonus.com\/de\/"},{"@type":"ListItem","position":2,"name":"Poker Glossar"}]},{"@type":"WebSite","@id":"https:\/\/www.maxpokerbonus.com\/de\/#website","url":"https:\/\/www.maxpokerbonus.com\/de\/","name":"Max Poker Bonus Deutschland","description":"","potentialAction":[{"@type":"SearchAction","target":{"@type":"EntryPoint","urlTemplate":"https:\/\/www.maxpokerbonus.com\/de\/?s={search_term_string}"},"query-input":{"@type":"PropertyValueSpecification","valueRequired":true,"valueName":"search_term_string"}}],"inLanguage":"de"}]}},"_links":{"self":[{"href":"https:\/\/www.maxpokerbonus.com\/de\/wp-json\/wp\/v2\/pages\/32","targetHints":{"allow":["GET"]}}],"collection":[{"href":"https:\/\/www.maxpokerbonus.com\/de\/wp-json\/wp\/v2\/pages"}],"about":[{"href":"https:\/\/www.maxpokerbonus.com\/de\/wp-json\/wp\/v2\/types\/page"}],"author":[{"embeddable":true,"href":"https:\/\/www.maxpokerbonus.com\/de\/wp-json\/wp\/v2\/users\/1"}],"replies":[{"embeddable":true,"href":"https:\/\/www.maxpokerbonus.com\/de\/wp-json\/wp\/v2\/comments?post=32"}],"version-history":[{"count":0,"href":"https:\/\/www.maxpokerbonus.com\/de\/wp-json\/wp\/v2\/pages\/32\/revisions"}],"wp:attachment":[{"href":"https:\/\/www.maxpokerbonus.com\/de\/wp-json\/wp\/v2\/media?parent=32"}],"curies":[{"name":"wp","href":"https:\/\/api.w.org\/{rel}","templated":true}]}}