{"id":38,"date":"2018-11-26T13:49:51","date_gmt":"2018-11-26T13:49:51","guid":{"rendered":"https:\/\/www.maxpokerbonus.com\/de\/?page_id=38"},"modified":"2018-11-30T14:14:05","modified_gmt":"2018-11-30T14:14:05","slug":"uber-uns","status":"publish","type":"page","link":"https:\/\/www.maxpokerbonus.com\/de\/uber-uns\/","title":{"rendered":"\u00dcber Uns"},"content":{"rendered":"<p>Wenn Sie den Bonus f\u00fcr Ihre Einzahlung und in Folge Ihre Gewinne maximieren wollen, sind Sie bei Max Poker Bonus (MPB) genau richtig.<\/p>\n<p>Max Poker Bonus (MPB) wurde im Mai 2008 mit dem Ziel gegr\u00fcndet, Pokerspielern bessere Deals mit\u00a0<a href=\"https:\/\/www.maxpokerbonus.com\/de\/online-poker-seiten\/\">Poker Seiten<\/a>\u00a0zu erm\u00f6glichen. Wir stehen in dauerhaften Verhandlungen f\u00fcr bessere Boni f\u00fcr Einzahlungen sowie spezielle Turniere f\u00fcr unsere Mitglieder und sind st\u00e4ndig bem\u00fcht, neue Ideen aufzugreifen, die unseren Mitgliedern Vorteile bringen.<\/p>\n<h3>GPWA G\u00fctesiegel<\/h3>\n<p><img loading=\"lazy\" decoding=\"async\" class=\"alignright size-full wp-image-92\" src=\"https:\/\/www.maxpokerbonus.com\/de\/wp-content\/uploads\/de\/gpwa-gutesiegel.jpg\" alt=\"GPWA G\u00fctesiegel\" width=\"240\" height=\"240\" \/>Um Ihnen unsere Integrit\u00e4t zu garantieren, lassen wir durch au\u00dfenstehende Parteien unsere Qualit\u00e4t und unsere Inhalte \u00fcberpr\u00fcfen. GPWA, der internationale Webmasterverband der Gl\u00fcckspielportale, hat Max Poker Bonus sein G\u00fctesiegel verliehen. Dadurch ist f\u00fcr Sie gew\u00e4hrleistet, da\u00df wir die strengen Standards von GPWA erf\u00fcllen und auch weiterhin laufend kontrolliert werden.<\/p>\n<h3>Qualit\u00e4t<\/h3>\n<p>Wir sind der \u00dcberzeugung, da\u00df mit Qualit\u00e4t auch noch in der heutigen Welt viel mehr zu erreichen ist als mit purer Quantit\u00e4t. Deshalb kontrollieren wir genau, welche Poker Seiten wir anbieten: wenn wir Grund zur Annahme haben, da\u00df ein Poker Seite nicht seri\u00f6s ist, es ungekl\u00e4rte Sicherheitsfragen gibt, wiederholt Probleme bei Auszahlungen vorkommen, Beschwerden von verschiedenen Leuten bekannt werden oder Verprechungen nicht eingehalten werden, hat der entsprechende Poker Seite bei uns nichts verloren. Es ist uns lieber, statt 50 Poker Seiten nur 5 zu pr\u00e4sentieren, da weder Ihnen noch uns damit geholfen ist, wenn zwielichtige Poker Seiten sich auf Kosten anderer bereichern.<\/p>\n<p>Wir sind jederzeit f\u00fcr Kritik und Beschwerden offen, ob diese nun uns oder einen Poker Seite betreffen. Nur durch ehrliches Feedback k\u00f6nnen wir die Qualit\u00e4t dieser Seite noch weiter steigern &#8211; und das ist das erkl\u00e4rte Ziel unseres Teams. Wir wollen, da\u00df Sie das meiste aus Ihrem Geld herausholen und dabei Spa\u00df haben und sich entspannen k\u00f6nnen, ohne sich \u00fcber Hintert\u00fcrchen und Abzockerei \u00e4rgern zu m\u00fcssen. Schlie\u00dflich soll Poker &#8211; Geld hin oder her &#8211; immer eines sein und bleiben: ein Spiel, und zwar eines der interessantesten und spannendsten der Welt.<\/p>\n<p>Wir sind auch sehr bedacht darauf, da\u00df Sie \u00fcber all dies niemals Gefahr laufen, Ihre Grenzen zu \u00fcberschreiten. Wenn Sie jemals das Gef\u00fchl haben, Sie (oder jemand, den Sie kennen) beginnen eine Spielsucht zu entwickeln,\u00a0<a href=\"https:\/\/www.maxpokerbonus.com\/de\/kontakt-und-support\/\">kontaktieren Sie uns<\/a>\u00a0&#8211; wir werden gerne gemeinsam mit Ihnen nach Auswegen suchen. Spielen soll niemals zur Sucht werden!<\/p>\n","protected":false},"excerpt":{"rendered":"<p>Wenn Sie den Bonus f\u00fcr Ihre Einzahlung und in Folge Ihre Gewinne maximieren wollen, sind Sie bei Max Poker Bonus (MPB) genau richtig. Max Poker Bonus (MPB) wurde im Mai 2008 mit dem Ziel gegr\u00fcndet, Pokerspielern bessere Deals mit\u00a0Poker Seiten\u00a0zu erm\u00f6glichen. Wir stehen in dauerhaften Verhandlungen f\u00fcr bessere Boni f\u00fcr Einzahlungen sowie spezielle Turniere f\u00fcr [&hellip;]<\/p>\n","protected":false},"author":1,"featured_media":0,"parent":0,"menu_order":0,"comment_status":"closed","ping_status":"closed","template":"","meta":{"_monsterinsights_skip_tracking":false,"_monsterinsights_sitenote_active":false,"_monsterinsights_sitenote_note":"","_monsterinsights_sitenote_category":0,"footnotes":""},"class_list":["post-38","page","type-page","status-publish","hentry"],"yoast_head":"<!-- This site is optimized with the Yoast SEO plugin v27.3 - https:\/\/yoast.com\/product\/yoast-seo-wordpress\/ -->\n<title>\u00dcber Uns | Max Poker Bonus Deutschland<\/title>\n<meta name=\"robots\" content=\"index, follow, max-snippet:-1, max-image-preview:large, max-video-preview:-1\" \/>\n<link rel=\"canonical\" href=\"https:\/\/www.maxpokerbonus.com\/de\/uber-uns\/\" \/>\n<meta property=\"og:locale\" content=\"de_DE\" \/>\n<meta property=\"og:type\" content=\"article\" \/>\n<meta property=\"og:title\" content=\"\u00dcber Uns | Max Poker Bonus Deutschland\" \/>\n<meta property=\"og:description\" content=\"Wenn Sie den Bonus f\u00fcr Ihre Einzahlung und in Folge Ihre Gewinne maximieren wollen, sind Sie bei Max Poker Bonus (MPB) genau richtig. Max Poker Bonus (MPB) wurde im Mai 2008 mit dem Ziel gegr\u00fcndet, Pokerspielern bessere Deals mit\u00a0Poker Seiten\u00a0zu erm\u00f6glichen. Wir stehen in dauerhaften Verhandlungen f\u00fcr bessere Boni f\u00fcr Einzahlungen sowie spezielle Turniere f\u00fcr [&hellip;]\" \/>\n<meta property=\"og:url\" content=\"https:\/\/www.maxpokerbonus.com\/de\/uber-uns\/\" \/>\n<meta property=\"og:site_name\" content=\"Max Poker Bonus Deutschland\" \/>\n<meta property=\"article:modified_time\" content=\"2018-11-30T14:14:05+00:00\" \/>\n<meta property=\"og:image\" content=\"https:\/\/www.maxpokerbonus.com\/de\/wp-content\/uploads\/de\/2018\/11\/gpwa-gutesiegel.jpg\" \/>\n\t<meta property=\"og:image:width\" content=\"240\" \/>\n\t<meta property=\"og:image:height\" content=\"240\" \/>\n\t<meta property=\"og:image:type\" content=\"image\/jpeg\" \/>\n<meta name=\"twitter:card\" content=\"summary_large_image\" \/>\n<meta name=\"twitter:label1\" content=\"Gesch\u00e4tzte Lesezeit\" \/>\n\t<meta name=\"twitter:data1\" content=\"2\u00a0Minuten\" \/>\n<script type=\"application\/ld+json\" class=\"yoast-schema-graph\">{\"@context\":\"https:\\\/\\\/schema.org\",\"@graph\":[{\"@type\":\"WebPage\",\"@id\":\"https:\\\/\\\/www.maxpokerbonus.com\\\/de\\\/uber-uns\\\/\",\"url\":\"https:\\\/\\\/www.maxpokerbonus.com\\\/de\\\/uber-uns\\\/\",\"name\":\"\u00dcber Uns | Max Poker Bonus Deutschland\",\"isPartOf\":{\"@id\":\"https:\\\/\\\/www.maxpokerbonus.com\\\/de\\\/#website\"},\"primaryImageOfPage\":{\"@id\":\"https:\\\/\\\/www.maxpokerbonus.com\\\/de\\\/uber-uns\\\/#primaryimage\"},\"image\":{\"@id\":\"https:\\\/\\\/www.maxpokerbonus.com\\\/de\\\/uber-uns\\\/#primaryimage\"},\"thumbnailUrl\":\"https:\\\/\\\/www.maxpokerbonus.com\\\/de\\\/wp-content\\\/uploads\\\/de\\\/gpwa-gutesiegel.jpg\",\"datePublished\":\"2018-11-26T13:49:51+00:00\",\"dateModified\":\"2018-11-30T14:14:05+00:00\",\"breadcrumb\":{\"@id\":\"https:\\\/\\\/www.maxpokerbonus.com\\\/de\\\/uber-uns\\\/#breadcrumb\"},\"inLanguage\":\"de\",\"potentialAction\":[{\"@type\":\"ReadAction\",\"target\":[\"https:\\\/\\\/www.maxpokerbonus.com\\\/de\\\/uber-uns\\\/\"]}]},{\"@type\":\"ImageObject\",\"inLanguage\":\"de\",\"@id\":\"https:\\\/\\\/www.maxpokerbonus.com\\\/de\\\/uber-uns\\\/#primaryimage\",\"url\":\"https:\\\/\\\/www.maxpokerbonus.com\\\/de\\\/wp-content\\\/uploads\\\/de\\\/2018\\\/11\\\/gpwa-gutesiegel.jpg\",\"contentUrl\":\"https:\\\/\\\/www.maxpokerbonus.com\\\/de\\\/wp-content\\\/uploads\\\/de\\\/2018\\\/11\\\/gpwa-gutesiegel.jpg\",\"width\":240,\"height\":240,\"caption\":\"GPWA G\u00fctesiegel\"},{\"@type\":\"BreadcrumbList\",\"@id\":\"https:\\\/\\\/www.maxpokerbonus.com\\\/de\\\/uber-uns\\\/#breadcrumb\",\"itemListElement\":[{\"@type\":\"ListItem\",\"position\":1,\"name\":\"Startseite\",\"item\":\"https:\\\/\\\/www.maxpokerbonus.com\\\/de\\\/\"},{\"@type\":\"ListItem\",\"position\":2,\"name\":\"\u00dcber Uns\"}]},{\"@type\":\"WebSite\",\"@id\":\"https:\\\/\\\/www.maxpokerbonus.com\\\/de\\\/#website\",\"url\":\"https:\\\/\\\/www.maxpokerbonus.com\\\/de\\\/\",\"name\":\"Max Poker Bonus Deutschland\",\"description\":\"\",\"potentialAction\":[{\"@type\":\"SearchAction\",\"target\":{\"@type\":\"EntryPoint\",\"urlTemplate\":\"https:\\\/\\\/www.maxpokerbonus.com\\\/de\\\/?s={search_term_string}\"},\"query-input\":{\"@type\":\"PropertyValueSpecification\",\"valueRequired\":true,\"valueName\":\"search_term_string\"}}],\"inLanguage\":\"de\"}]}<\/script>\n<!-- \/ Yoast SEO plugin. -->","yoast_head_json":{"title":"\u00dcber Uns | Max Poker Bonus Deutschland","robots":{"index":"index","follow":"follow","max-snippet":"max-snippet:-1","max-image-preview":"max-image-preview:large","max-video-preview":"max-video-preview:-1"},"canonical":"https:\/\/www.maxpokerbonus.com\/de\/uber-uns\/","og_locale":"de_DE","og_type":"article","og_title":"\u00dcber Uns | Max Poker Bonus Deutschland","og_description":"Wenn Sie den Bonus f\u00fcr Ihre Einzahlung und in Folge Ihre Gewinne maximieren wollen, sind Sie bei Max Poker Bonus (MPB) genau richtig. Max Poker Bonus (MPB) wurde im Mai 2008 mit dem Ziel gegr\u00fcndet, Pokerspielern bessere Deals mit\u00a0Poker Seiten\u00a0zu erm\u00f6glichen. Wir stehen in dauerhaften Verhandlungen f\u00fcr bessere Boni f\u00fcr Einzahlungen sowie spezielle Turniere f\u00fcr [&hellip;]","og_url":"https:\/\/www.maxpokerbonus.com\/de\/uber-uns\/","og_site_name":"Max Poker Bonus Deutschland","article_modified_time":"2018-11-30T14:14:05+00:00","og_image":[{"width":240,"height":240,"url":"https:\/\/www.maxpokerbonus.com\/de\/wp-content\/uploads\/de\/2018\/11\/gpwa-gutesiegel.jpg","type":"image\/jpeg"}],"twitter_card":"summary_large_image","twitter_misc":{"Gesch\u00e4tzte Lesezeit":"2\u00a0Minuten"},"schema":{"@context":"https:\/\/schema.org","@graph":[{"@type":"WebPage","@id":"https:\/\/www.maxpokerbonus.com\/de\/uber-uns\/","url":"https:\/\/www.maxpokerbonus.com\/de\/uber-uns\/","name":"\u00dcber Uns | Max Poker Bonus Deutschland","isPartOf":{"@id":"https:\/\/www.maxpokerbonus.com\/de\/#website"},"primaryImageOfPage":{"@id":"https:\/\/www.maxpokerbonus.com\/de\/uber-uns\/#primaryimage"},"image":{"@id":"https:\/\/www.maxpokerbonus.com\/de\/uber-uns\/#primaryimage"},"thumbnailUrl":"https:\/\/www.maxpokerbonus.com\/de\/wp-content\/uploads\/de\/gpwa-gutesiegel.jpg","datePublished":"2018-11-26T13:49:51+00:00","dateModified":"2018-11-30T14:14:05+00:00","breadcrumb":{"@id":"https:\/\/www.maxpokerbonus.com\/de\/uber-uns\/#breadcrumb"},"inLanguage":"de","potentialAction":[{"@type":"ReadAction","target":["https:\/\/www.maxpokerbonus.com\/de\/uber-uns\/"]}]},{"@type":"ImageObject","inLanguage":"de","@id":"https:\/\/www.maxpokerbonus.com\/de\/uber-uns\/#primaryimage","url":"https:\/\/www.maxpokerbonus.com\/de\/wp-content\/uploads\/de\/2018\/11\/gpwa-gutesiegel.jpg","contentUrl":"https:\/\/www.maxpokerbonus.com\/de\/wp-content\/uploads\/de\/2018\/11\/gpwa-gutesiegel.jpg","width":240,"height":240,"caption":"GPWA G\u00fctesiegel"},{"@type":"BreadcrumbList","@id":"https:\/\/www.maxpokerbonus.com\/de\/uber-uns\/#breadcrumb","itemListElement":[{"@type":"ListItem","position":1,"name":"Startseite","item":"https:\/\/www.maxpokerbonus.com\/de\/"},{"@type":"ListItem","position":2,"name":"\u00dcber Uns"}]},{"@type":"WebSite","@id":"https:\/\/www.maxpokerbonus.com\/de\/#website","url":"https:\/\/www.maxpokerbonus.com\/de\/","name":"Max Poker Bonus Deutschland","description":"","potentialAction":[{"@type":"SearchAction","target":{"@type":"EntryPoint","urlTemplate":"https:\/\/www.maxpokerbonus.com\/de\/?s={search_term_string}"},"query-input":{"@type":"PropertyValueSpecification","valueRequired":true,"valueName":"search_term_string"}}],"inLanguage":"de"}]}},"_links":{"self":[{"href":"https:\/\/www.maxpokerbonus.com\/de\/wp-json\/wp\/v2\/pages\/38","targetHints":{"allow":["GET"]}}],"collection":[{"href":"https:\/\/www.maxpokerbonus.com\/de\/wp-json\/wp\/v2\/pages"}],"about":[{"href":"https:\/\/www.maxpokerbonus.com\/de\/wp-json\/wp\/v2\/types\/page"}],"author":[{"embeddable":true,"href":"https:\/\/www.maxpokerbonus.com\/de\/wp-json\/wp\/v2\/users\/1"}],"replies":[{"embeddable":true,"href":"https:\/\/www.maxpokerbonus.com\/de\/wp-json\/wp\/v2\/comments?post=38"}],"version-history":[{"count":0,"href":"https:\/\/www.maxpokerbonus.com\/de\/wp-json\/wp\/v2\/pages\/38\/revisions"}],"wp:attachment":[{"href":"https:\/\/www.maxpokerbonus.com\/de\/wp-json\/wp\/v2\/media?parent=38"}],"curies":[{"name":"wp","href":"https:\/\/api.w.org\/{rel}","templated":true}]}}