{"id":42,"date":"2018-11-26T13:51:32","date_gmt":"2018-11-26T13:51:32","guid":{"rendered":"https:\/\/www.maxpokerbonus.com\/de\/?page_id=42"},"modified":"2018-11-28T11:37:50","modified_gmt":"2018-11-28T11:37:50","slug":"kontakt-und-support","status":"publish","type":"page","link":"https:\/\/www.maxpokerbonus.com\/de\/kontakt-und-support\/","title":{"rendered":"Kontakt und Support"},"content":{"rendered":"<p><img loading=\"lazy\" decoding=\"async\" class=\"alignright size-full wp-image-100\" src=\"https:\/\/www.maxpokerbonus.com\/de\/wp-content\/uploads\/de\/support.jpg\" alt=\"Support\" width=\"240\" height=\"240\" \/>Sie k\u00f6nnen uns jederzeit mit Fragen, Anregungen oder Problemen kontaktieren (wir nehmen nat\u00fcrlich auch gerne einfach nur Lob entgegen&#8230;), ob es nun uns oder aber einen Poker Seite betrifft.<\/p>\n<p>Wir werden Ihre Anfrage alsbald m\u00f6glich behandeln. Versuchen Sie bitte, den Grund f\u00fcr Ihre Kontaktaufnahme genau zu schildern, damit wir Ihnen am effektivsten helfen k\u00f6nnen. Wir ben\u00f6tigen von Ihnen zu keinem Zeitpunkt irgendwelche Passw\u00f6rter oder andere Zugangsdaten zu irgendwelchen Spieleraccounts und dergleichen. Bei Problemen mit einem Poker Seite geben Sie bitte Ihren Nickname in diesem Seite an und beschreiben uns das Problem und Ihre bisherigen Schritte diesbez\u00fcglich. Wir werden uns dann um Kl\u00e4rung des Problems bem\u00fchen und den Poker Seite mit dieser Information kontaktieren.<\/p>\n<p><strong>Unsere E-mail Adresse lautet:<\/strong><\/p>\n<p>info [at] maxpokerbonus [dot] com\u00a0(oder nutzen Sie unsere E-mail-Formular.)<\/p>\n","protected":false},"excerpt":{"rendered":"<p>Sie k\u00f6nnen uns jederzeit mit Fragen, Anregungen oder Problemen kontaktieren (wir nehmen nat\u00fcrlich auch gerne einfach nur Lob entgegen&#8230;), ob es nun uns oder aber einen Poker Seite betrifft. Wir werden Ihre Anfrage alsbald m\u00f6glich behandeln. Versuchen Sie bitte, den Grund f\u00fcr Ihre Kontaktaufnahme genau zu schildern, damit wir Ihnen am effektivsten helfen k\u00f6nnen. Wir [&hellip;]<\/p>\n","protected":false},"author":1,"featured_media":0,"parent":0,"menu_order":0,"comment_status":"closed","ping_status":"closed","template":"","meta":{"_monsterinsights_skip_tracking":false,"_monsterinsights_sitenote_active":false,"_monsterinsights_sitenote_note":"","_monsterinsights_sitenote_category":0,"footnotes":""},"class_list":["post-42","page","type-page","status-publish","hentry"],"yoast_head":"<!-- This site is optimized with the Yoast SEO plugin v27.5 - https:\/\/yoast.com\/product\/yoast-seo-wordpress\/ -->\n<title>Kontakt und Support | Max Poker Bonus Deutschland<\/title>\n<meta name=\"robots\" content=\"index, follow, max-snippet:-1, max-image-preview:large, max-video-preview:-1\" \/>\n<link rel=\"canonical\" href=\"https:\/\/www.maxpokerbonus.com\/de\/kontakt-und-support\/\" \/>\n<meta property=\"og:locale\" content=\"de_DE\" \/>\n<meta property=\"og:type\" content=\"article\" \/>\n<meta property=\"og:title\" content=\"Kontakt und Support | Max Poker Bonus Deutschland\" \/>\n<meta property=\"og:description\" content=\"Sie k\u00f6nnen uns jederzeit mit Fragen, Anregungen oder Problemen kontaktieren (wir nehmen nat\u00fcrlich auch gerne einfach nur Lob entgegen&#8230;), ob es nun uns oder aber einen Poker Seite betrifft. Wir werden Ihre Anfrage alsbald m\u00f6glich behandeln. Versuchen Sie bitte, den Grund f\u00fcr Ihre Kontaktaufnahme genau zu schildern, damit wir Ihnen am effektivsten helfen k\u00f6nnen. Wir [&hellip;]\" \/>\n<meta property=\"og:url\" content=\"https:\/\/www.maxpokerbonus.com\/de\/kontakt-und-support\/\" \/>\n<meta property=\"og:site_name\" content=\"Max Poker Bonus Deutschland\" \/>\n<meta property=\"article:modified_time\" content=\"2018-11-28T11:37:50+00:00\" \/>\n<meta property=\"og:image\" content=\"https:\/\/www.maxpokerbonus.com\/de\/wp-content\/uploads\/de\/2018\/11\/support.jpg\" \/>\n\t<meta property=\"og:image:width\" content=\"240\" \/>\n\t<meta property=\"og:image:height\" content=\"240\" \/>\n\t<meta property=\"og:image:type\" content=\"image\/jpeg\" \/>\n<meta name=\"twitter:card\" content=\"summary_large_image\" \/>\n<meta name=\"twitter:label1\" content=\"Gesch\u00e4tzte Lesezeit\" \/>\n\t<meta name=\"twitter:data1\" content=\"1\u00a0Minute\" \/>\n<script type=\"application\/ld+json\" class=\"yoast-schema-graph\">{\"@context\":\"https:\\\/\\\/schema.org\",\"@graph\":[{\"@type\":\"WebPage\",\"@id\":\"https:\\\/\\\/www.maxpokerbonus.com\\\/de\\\/kontakt-und-support\\\/\",\"url\":\"https:\\\/\\\/www.maxpokerbonus.com\\\/de\\\/kontakt-und-support\\\/\",\"name\":\"Kontakt und Support | Max Poker Bonus Deutschland\",\"isPartOf\":{\"@id\":\"https:\\\/\\\/www.maxpokerbonus.com\\\/de\\\/#website\"},\"primaryImageOfPage\":{\"@id\":\"https:\\\/\\\/www.maxpokerbonus.com\\\/de\\\/kontakt-und-support\\\/#primaryimage\"},\"image\":{\"@id\":\"https:\\\/\\\/www.maxpokerbonus.com\\\/de\\\/kontakt-und-support\\\/#primaryimage\"},\"thumbnailUrl\":\"https:\\\/\\\/www.maxpokerbonus.com\\\/de\\\/wp-content\\\/uploads\\\/de\\\/support.jpg\",\"datePublished\":\"2018-11-26T13:51:32+00:00\",\"dateModified\":\"2018-11-28T11:37:50+00:00\",\"breadcrumb\":{\"@id\":\"https:\\\/\\\/www.maxpokerbonus.com\\\/de\\\/kontakt-und-support\\\/#breadcrumb\"},\"inLanguage\":\"de\",\"potentialAction\":[{\"@type\":\"ReadAction\",\"target\":[\"https:\\\/\\\/www.maxpokerbonus.com\\\/de\\\/kontakt-und-support\\\/\"]}]},{\"@type\":\"ImageObject\",\"inLanguage\":\"de\",\"@id\":\"https:\\\/\\\/www.maxpokerbonus.com\\\/de\\\/kontakt-und-support\\\/#primaryimage\",\"url\":\"https:\\\/\\\/www.maxpokerbonus.com\\\/de\\\/wp-content\\\/uploads\\\/de\\\/2018\\\/11\\\/support.jpg\",\"contentUrl\":\"https:\\\/\\\/www.maxpokerbonus.com\\\/de\\\/wp-content\\\/uploads\\\/de\\\/2018\\\/11\\\/support.jpg\",\"width\":240,\"height\":240,\"caption\":\"Support\"},{\"@type\":\"BreadcrumbList\",\"@id\":\"https:\\\/\\\/www.maxpokerbonus.com\\\/de\\\/kontakt-und-support\\\/#breadcrumb\",\"itemListElement\":[{\"@type\":\"ListItem\",\"position\":1,\"name\":\"Startseite\",\"item\":\"https:\\\/\\\/www.maxpokerbonus.com\\\/de\\\/\"},{\"@type\":\"ListItem\",\"position\":2,\"name\":\"Kontakt und Support\"}]},{\"@type\":\"WebSite\",\"@id\":\"https:\\\/\\\/www.maxpokerbonus.com\\\/de\\\/#website\",\"url\":\"https:\\\/\\\/www.maxpokerbonus.com\\\/de\\\/\",\"name\":\"Max Poker Bonus Deutschland\",\"description\":\"\",\"potentialAction\":[{\"@type\":\"SearchAction\",\"target\":{\"@type\":\"EntryPoint\",\"urlTemplate\":\"https:\\\/\\\/www.maxpokerbonus.com\\\/de\\\/?s={search_term_string}\"},\"query-input\":{\"@type\":\"PropertyValueSpecification\",\"valueRequired\":true,\"valueName\":\"search_term_string\"}}],\"inLanguage\":\"de\"}]}<\/script>\n<!-- \/ Yoast SEO plugin. -->","yoast_head_json":{"title":"Kontakt und Support | Max Poker Bonus Deutschland","robots":{"index":"index","follow":"follow","max-snippet":"max-snippet:-1","max-image-preview":"max-image-preview:large","max-video-preview":"max-video-preview:-1"},"canonical":"https:\/\/www.maxpokerbonus.com\/de\/kontakt-und-support\/","og_locale":"de_DE","og_type":"article","og_title":"Kontakt und Support | Max Poker Bonus Deutschland","og_description":"Sie k\u00f6nnen uns jederzeit mit Fragen, Anregungen oder Problemen kontaktieren (wir nehmen nat\u00fcrlich auch gerne einfach nur Lob entgegen&#8230;), ob es nun uns oder aber einen Poker Seite betrifft. Wir werden Ihre Anfrage alsbald m\u00f6glich behandeln. Versuchen Sie bitte, den Grund f\u00fcr Ihre Kontaktaufnahme genau zu schildern, damit wir Ihnen am effektivsten helfen k\u00f6nnen. Wir [&hellip;]","og_url":"https:\/\/www.maxpokerbonus.com\/de\/kontakt-und-support\/","og_site_name":"Max Poker Bonus Deutschland","article_modified_time":"2018-11-28T11:37:50+00:00","og_image":[{"width":240,"height":240,"url":"https:\/\/www.maxpokerbonus.com\/de\/wp-content\/uploads\/de\/2018\/11\/support.jpg","type":"image\/jpeg"}],"twitter_card":"summary_large_image","twitter_misc":{"Gesch\u00e4tzte Lesezeit":"1\u00a0Minute"},"schema":{"@context":"https:\/\/schema.org","@graph":[{"@type":"WebPage","@id":"https:\/\/www.maxpokerbonus.com\/de\/kontakt-und-support\/","url":"https:\/\/www.maxpokerbonus.com\/de\/kontakt-und-support\/","name":"Kontakt und Support | Max Poker Bonus Deutschland","isPartOf":{"@id":"https:\/\/www.maxpokerbonus.com\/de\/#website"},"primaryImageOfPage":{"@id":"https:\/\/www.maxpokerbonus.com\/de\/kontakt-und-support\/#primaryimage"},"image":{"@id":"https:\/\/www.maxpokerbonus.com\/de\/kontakt-und-support\/#primaryimage"},"thumbnailUrl":"https:\/\/www.maxpokerbonus.com\/de\/wp-content\/uploads\/de\/support.jpg","datePublished":"2018-11-26T13:51:32+00:00","dateModified":"2018-11-28T11:37:50+00:00","breadcrumb":{"@id":"https:\/\/www.maxpokerbonus.com\/de\/kontakt-und-support\/#breadcrumb"},"inLanguage":"de","potentialAction":[{"@type":"ReadAction","target":["https:\/\/www.maxpokerbonus.com\/de\/kontakt-und-support\/"]}]},{"@type":"ImageObject","inLanguage":"de","@id":"https:\/\/www.maxpokerbonus.com\/de\/kontakt-und-support\/#primaryimage","url":"https:\/\/www.maxpokerbonus.com\/de\/wp-content\/uploads\/de\/2018\/11\/support.jpg","contentUrl":"https:\/\/www.maxpokerbonus.com\/de\/wp-content\/uploads\/de\/2018\/11\/support.jpg","width":240,"height":240,"caption":"Support"},{"@type":"BreadcrumbList","@id":"https:\/\/www.maxpokerbonus.com\/de\/kontakt-und-support\/#breadcrumb","itemListElement":[{"@type":"ListItem","position":1,"name":"Startseite","item":"https:\/\/www.maxpokerbonus.com\/de\/"},{"@type":"ListItem","position":2,"name":"Kontakt und Support"}]},{"@type":"WebSite","@id":"https:\/\/www.maxpokerbonus.com\/de\/#website","url":"https:\/\/www.maxpokerbonus.com\/de\/","name":"Max Poker Bonus Deutschland","description":"","potentialAction":[{"@type":"SearchAction","target":{"@type":"EntryPoint","urlTemplate":"https:\/\/www.maxpokerbonus.com\/de\/?s={search_term_string}"},"query-input":{"@type":"PropertyValueSpecification","valueRequired":true,"valueName":"search_term_string"}}],"inLanguage":"de"}]}},"_links":{"self":[{"href":"https:\/\/www.maxpokerbonus.com\/de\/wp-json\/wp\/v2\/pages\/42","targetHints":{"allow":["GET"]}}],"collection":[{"href":"https:\/\/www.maxpokerbonus.com\/de\/wp-json\/wp\/v2\/pages"}],"about":[{"href":"https:\/\/www.maxpokerbonus.com\/de\/wp-json\/wp\/v2\/types\/page"}],"author":[{"embeddable":true,"href":"https:\/\/www.maxpokerbonus.com\/de\/wp-json\/wp\/v2\/users\/1"}],"replies":[{"embeddable":true,"href":"https:\/\/www.maxpokerbonus.com\/de\/wp-json\/wp\/v2\/comments?post=42"}],"version-history":[{"count":0,"href":"https:\/\/www.maxpokerbonus.com\/de\/wp-json\/wp\/v2\/pages\/42\/revisions"}],"wp:attachment":[{"href":"https:\/\/www.maxpokerbonus.com\/de\/wp-json\/wp\/v2\/media?parent=42"}],"curies":[{"name":"wp","href":"https:\/\/api.w.org\/{rel}","templated":true}]}}