{"id":7,"date":"2018-11-26T13:17:49","date_gmt":"2018-11-26T13:17:49","guid":{"rendered":"https:\/\/www.maxpokerbonus.com\/de\/?page_id=7"},"modified":"2018-12-11T20:58:09","modified_gmt":"2018-12-11T20:58:09","slug":"online-poker-seiten","status":"publish","type":"page","link":"https:\/\/www.maxpokerbonus.com\/de\/online-poker-seiten\/","title":{"rendered":"Online Poker Seiten"},"content":{"rendered":"<table class=\"client-table\"><caption>Der Besten Poker Seiten<\/caption><thead><tr><th>Type<\/th><th colspan=\"2\">Gambling Site<\/th><th>Bonus<\/th><th>Review<\/th><th>Visit<\/th><\/tr><\/thead><tbody><tr class=\"restricted\"><td>Poker<\/td><td class=\"logo\"><img loading=\"lazy\" decoding=\"async\" class=\"restricted\" src=\"https:\/\/www.maxpokerbonus.com\/de\/wp-content\/uploads\/de\/icon-partypoker-80x40.jpg\" alt=\"partypoker\" width=\"80\" height=\"40\" \/><\/td><td class=\"flag\"><img loading=\"lazy\" decoding=\"async\" src=\"https:\/\/www.maxpokerbonus.com\/de\/wp-content\/themes\/max-poker-bonus\/images\/flags\/united-states.png\" alt=\"United States\" width=\"40\" height=\"40\" \/><\/td><td>100% up to $500<\/td><td><a href=\"https:\/\/www.maxpokerbonus.com\/de\/online-poker-rooms\/partypoker\/\">Review<\/a><\/td><td><\/td><\/tr><tr class=\"restricted\"><td>Poker<\/td><td class=\"logo\"><img loading=\"lazy\" decoding=\"async\" class=\"restricted\" src=\"https:\/\/www.maxpokerbonus.com\/de\/wp-content\/uploads\/de\/icon-bet365-poker-80x40.jpg\" alt=\"bet365 Poker\" width=\"80\" height=\"40\" \/><\/td><td class=\"flag\"><img loading=\"lazy\" decoding=\"async\" src=\"https:\/\/www.maxpokerbonus.com\/de\/wp-content\/themes\/max-poker-bonus\/images\/flags\/united-states.png\" alt=\"United States\" width=\"40\" height=\"40\" \/><\/td><td>100% up to \u00a3100<\/td><td><a href=\"https:\/\/www.maxpokerbonus.com\/de\/online-poker-rooms\/bet365-poker\/\">Review<\/a><\/td><td><\/td><\/tr><tr><td colspan=\"6\" class=\"terms\">Bet365 Poker - Welcome Package of up to \u20ac365. \u20ac365 bonus is redeemed in installments based on Status Points earned. Tickets and prize wheel spins expire after seven days. Time limits, exclusions and T&C\/s apply. For more information about this offer please visit the website.<\/td><\/tr><tr class=\"restricted\"><td>Poker<\/td><td class=\"logo\"><img loading=\"lazy\" decoding=\"async\" class=\"restricted\" src=\"https:\/\/www.maxpokerbonus.com\/de\/wp-content\/uploads\/de\/icon-bwin-poker-80x40.jpg\" alt=\"bwin Poker\" width=\"80\" height=\"40\" \/><\/td><td class=\"flag\"><img loading=\"lazy\" decoding=\"async\" src=\"https:\/\/www.maxpokerbonus.com\/de\/wp-content\/themes\/max-poker-bonus\/images\/flags\/united-states.png\" alt=\"United States\" width=\"40\" height=\"40\" \/><\/td><td>100% up to \u20ac100<\/td><td><a href=\"https:\/\/www.maxpokerbonus.com\/de\/online-poker-rooms\/bwin-poker\/\">Review<\/a><\/td><td><\/td><\/tr><tr class=\"restricted\"><td>Poker<\/td><td class=\"logo\"><img loading=\"lazy\" decoding=\"async\" class=\"restricted\" src=\"https:\/\/www.maxpokerbonus.com\/de\/wp-content\/uploads\/de\/icon-888poker-80x40.jpg\" alt=\"888poker\" width=\"80\" height=\"40\" \/><\/td><td class=\"flag\"><img loading=\"lazy\" decoding=\"async\" src=\"https:\/\/www.maxpokerbonus.com\/de\/wp-content\/themes\/max-poker-bonus\/images\/flags\/united-states.png\" alt=\"United States\" width=\"40\" height=\"40\" \/><\/td><td>100% up to $400<\/td><td><a href=\"https:\/\/www.maxpokerbonus.com\/de\/online-poker-rooms\/888poker\/\">Review<\/a><\/td><td><\/td><\/tr><\/tbody><\/table><p class=\"wrapper-18plus\"><span class=\"icon-18plus\">18+<\/span> T\/C's Apply<\/p>\n<p><img loading=\"lazy\" decoding=\"async\" class=\"alignright size-full wp-image-85\" src=\"https:\/\/www.maxpokerbonus.com\/de\/wp-content\/uploads\/de\/online-poker-seiten.jpg\" alt=\"Online Poker Seiten\" width=\"240\" height=\"240\"\/>Im Gegensatz zu vielen anderen Websites haben wir uns dazu entschlossen, bei Max Poker Bonus nie mehr als 10 <strong>Online Poker Seiten<\/strong> gleichzeitig anzubieten. Jeder neue Poker Seite wird von uns ausgesucht, nicht umgekehrt.<\/p>\n<h3>Was ist eine gutte Poker Seite?<\/h3>\n<p>Wir haben bei all unseren Pokerseiten sehr hohe Standards, was Sicherheit und Qualit\u00e4t angeht. Also pr\u00fcfen wir alle potentiellen neuen Poker Seiten zuerst auf Herz und Nieren.<\/p>\n<p>Um Ihnen die Wahl ein wenig zu vereinfachen, machen wir bei allen neuen Seiten einen ausf\u00fchrlichen <strong>Poker Seiten Test<\/strong>. Wir haben alle Online Poker Seiten genau unter die Lupe genommen und im Detail die Vorz\u00fcge aber auch Nachteile ausgeleuchtet, damit Sie sich vor einer Anmeldung informieren k\u00f6nnen, ob der jeweilige Poker Seite und der <a href=\"https:\/\/www.maxpokerbonus.com\/de\/poker-boni\/\">dazugeh\u00f6rige Bonus<\/a> auch Ihren Vorstellungen entspricht.<\/p>\n<h2>Poker Seiten Test<\/h2>\n<p>Wir sind stolz darauf, da\u00df unser Team sich immer die Zeit nimmt, neue<strong> Seiten <\/strong>gewissenhaft zu testen, bevor wir sie in unsere Liste der besten Poker Seiten aufnehmen. Uns ist klar, da\u00df es einige Seiten gibt, die aufgrund Ihrer Werbung einen guten Ruf genie\u00dfen. Wenn wir aber nicht von der Qualit\u00e4t des Poker Seiten \u00fcberzeugt sind, kommt er nicht auf Max Poker Bonus.<\/p>\n<div class=\"gallery\"><div class=\"gallery-columns-4\"><div class=\"gallery-item\">\n<p><img loading=\"lazy\" decoding=\"async\" class=\"aligncenter size-full wp-image-107\" src=\"https:\/\/www.maxpokerbonus.com\/de\/wp-content\/uploads\/de\/party-poker-logo-200x100.jpg\" alt=\"Party Poker\" width=\"200\" height=\"100\"\/><\/p>\n<p style=\"text-align: center;\"><a href=\"https:\/\/www.maxpokerbonus.com\/online-poker-rooms\/party-poker\/\">Party Poker Review<\/a><\/p>\n<\/div><div class=\"gallery-item\">\n<p><img loading=\"lazy\" decoding=\"async\" class=\"aligncenter size-full wp-image-105\" src=\"https:\/\/www.maxpokerbonus.com\/de\/wp-content\/uploads\/de\/pokerstars-logo-200x100.jpg\" alt=\"PokerStars\" width=\"200\" height=\"100\"\/><\/p>\n<p style=\"text-align: center;\"><a href=\"https:\/\/www.maxpokerbonus.com\/online-poker-rooms\/pokerstars\/\">PokerStars Review<\/a><\/p>\n<\/div><div class=\"gallery-item\">\n<p><img loading=\"lazy\" decoding=\"async\" class=\"aligncenter size-full wp-image-104\" src=\"https:\/\/www.maxpokerbonus.com\/de\/wp-content\/uploads\/de\/bwin-poker-logo-200x100.jpg\" alt=\"Bwin Poker\" width=\"200\" height=\"100\"\/><\/p>\n<p style=\"text-align: center;\"><a href=\"https:\/\/www.maxpokerbonus.com\/online-poker-rooms\/bwin-poker\/\">Bwin Poker Review<\/a><\/p>\n<\/div><div class=\"gallery-item\">\n<p><img loading=\"lazy\" decoding=\"async\" class=\"aligncenter size-full wp-image-103\" src=\"https:\/\/www.maxpokerbonus.com\/de\/wp-content\/uploads\/de\/titan-poker-logo-200x100.jpg\" alt=\"Titan Poker\" width=\"200\" height=\"100\"\/><\/p>\n<p style=\"text-align: center;\"><a href=\"https:\/\/www.maxpokerbonus.com\/online-poker-rooms\/titan-poker\/\">Titan Poker Review<\/a><\/p>\n<\/div><\/div><\/div>\n","protected":false},"excerpt":{"rendered":"<p>Im Gegensatz zu vielen anderen Websites haben wir uns dazu entschlossen, bei Max Poker Bonus nie mehr als 10 Online Poker Seiten gleichzeitig anzubieten. Jeder neue Poker Seite wird von uns ausgesucht, nicht umgekehrt. Was ist eine gutte Poker Seite? Wir haben bei all unseren Pokerseiten sehr hohe Standards, was Sicherheit und Qualit\u00e4t angeht. Also [&hellip;]<\/p>\n","protected":false},"author":1,"featured_media":0,"parent":0,"menu_order":0,"comment_status":"closed","ping_status":"closed","template":"","meta":{"_monsterinsights_skip_tracking":false,"_monsterinsights_sitenote_active":false,"_monsterinsights_sitenote_note":"","_monsterinsights_sitenote_category":0,"footnotes":""},"class_list":["post-7","page","type-page","status-publish","hentry"],"yoast_head":"<!-- This site is optimized with the Yoast SEO plugin v27.3 - https:\/\/yoast.com\/product\/yoast-seo-wordpress\/ -->\n<title>Der (10) Besten Online Poker Seiten und Poker Seite Tests<\/title>\n<meta name=\"description\" content=\"Hier finden Sie die Liste der besten Online Poker Seiten. Jeder Poker Seite mu\u00df sich unserem Poker Seiten Test unterziehen.\" \/>\n<meta name=\"robots\" content=\"index, follow, max-snippet:-1, max-image-preview:large, max-video-preview:-1\" \/>\n<link rel=\"canonical\" href=\"https:\/\/www.maxpokerbonus.com\/de\/online-poker-seiten\/\" \/>\n<meta property=\"og:locale\" content=\"de_DE\" \/>\n<meta property=\"og:type\" content=\"article\" \/>\n<meta property=\"og:title\" content=\"Der (10) Besten Online Poker Seiten und Poker Seite Tests\" \/>\n<meta property=\"og:description\" content=\"Hier finden Sie die Liste der besten Online Poker Seiten. Jeder Poker Seite mu\u00df sich unserem Poker Seiten Test unterziehen.\" \/>\n<meta property=\"og:url\" content=\"https:\/\/www.maxpokerbonus.com\/de\/online-poker-seiten\/\" \/>\n<meta property=\"og:site_name\" content=\"Max Poker Bonus Deutschland\" \/>\n<meta property=\"article:modified_time\" content=\"2018-12-11T20:58:09+00:00\" \/>\n<meta property=\"og:image\" content=\"https:\/\/www.maxpokerbonus.com\/de\/wp-content\/uploads\/de\/online-poker-seiten.jpg\" \/>\n<meta name=\"twitter:card\" content=\"summary_large_image\" \/>\n<meta name=\"twitter:label1\" content=\"Gesch\u00e4tzte Lesezeit\" \/>\n\t<meta name=\"twitter:data1\" content=\"1\u00a0Minute\" \/>\n<script type=\"application\/ld+json\" class=\"yoast-schema-graph\">{\"@context\":\"https:\\\/\\\/schema.org\",\"@graph\":[{\"@type\":\"WebPage\",\"@id\":\"https:\\\/\\\/www.maxpokerbonus.com\\\/de\\\/online-poker-seiten\\\/\",\"url\":\"https:\\\/\\\/www.maxpokerbonus.com\\\/de\\\/online-poker-seiten\\\/\",\"name\":\"Der (10) Besten Online Poker Seiten und Poker Seite Tests\",\"isPartOf\":{\"@id\":\"https:\\\/\\\/www.maxpokerbonus.com\\\/de\\\/#website\"},\"primaryImageOfPage\":{\"@id\":\"https:\\\/\\\/www.maxpokerbonus.com\\\/de\\\/online-poker-seiten\\\/#primaryimage\"},\"image\":{\"@id\":\"https:\\\/\\\/www.maxpokerbonus.com\\\/de\\\/online-poker-seiten\\\/#primaryimage\"},\"thumbnailUrl\":\"https:\\\/\\\/www.maxpokerbonus.com\\\/de\\\/wp-content\\\/uploads\\\/de\\\/online-poker-seiten.jpg\",\"datePublished\":\"2018-11-26T13:17:49+00:00\",\"dateModified\":\"2018-12-11T20:58:09+00:00\",\"description\":\"Hier finden Sie die Liste der besten Online Poker Seiten. Jeder Poker Seite mu\u00df sich unserem Poker Seiten Test unterziehen.\",\"breadcrumb\":{\"@id\":\"https:\\\/\\\/www.maxpokerbonus.com\\\/de\\\/online-poker-seiten\\\/#breadcrumb\"},\"inLanguage\":\"de\",\"potentialAction\":[{\"@type\":\"ReadAction\",\"target\":[\"https:\\\/\\\/www.maxpokerbonus.com\\\/de\\\/online-poker-seiten\\\/\"]}]},{\"@type\":\"ImageObject\",\"inLanguage\":\"de\",\"@id\":\"https:\\\/\\\/www.maxpokerbonus.com\\\/de\\\/online-poker-seiten\\\/#primaryimage\",\"url\":\"https:\\\/\\\/www.maxpokerbonus.com\\\/de\\\/wp-content\\\/uploads\\\/de\\\/2018\\\/11\\\/online-poker-seiten.jpg\",\"contentUrl\":\"https:\\\/\\\/www.maxpokerbonus.com\\\/de\\\/wp-content\\\/uploads\\\/de\\\/2018\\\/11\\\/online-poker-seiten.jpg\",\"width\":240,\"height\":240,\"caption\":\"Online Poker Seiten\"},{\"@type\":\"BreadcrumbList\",\"@id\":\"https:\\\/\\\/www.maxpokerbonus.com\\\/de\\\/online-poker-seiten\\\/#breadcrumb\",\"itemListElement\":[{\"@type\":\"ListItem\",\"position\":1,\"name\":\"Startseite\",\"item\":\"https:\\\/\\\/www.maxpokerbonus.com\\\/de\\\/\"},{\"@type\":\"ListItem\",\"position\":2,\"name\":\"Online Poker Seiten\"}]},{\"@type\":\"WebSite\",\"@id\":\"https:\\\/\\\/www.maxpokerbonus.com\\\/de\\\/#website\",\"url\":\"https:\\\/\\\/www.maxpokerbonus.com\\\/de\\\/\",\"name\":\"Max Poker Bonus Deutschland\",\"description\":\"\",\"potentialAction\":[{\"@type\":\"SearchAction\",\"target\":{\"@type\":\"EntryPoint\",\"urlTemplate\":\"https:\\\/\\\/www.maxpokerbonus.com\\\/de\\\/?s={search_term_string}\"},\"query-input\":{\"@type\":\"PropertyValueSpecification\",\"valueRequired\":true,\"valueName\":\"search_term_string\"}}],\"inLanguage\":\"de\"}]}<\/script>\n<!-- \/ Yoast SEO plugin. -->","yoast_head_json":{"title":"Der (10) Besten Online Poker Seiten und Poker Seite Tests","description":"Hier finden Sie die Liste der besten Online Poker Seiten. Jeder Poker Seite mu\u00df sich unserem Poker Seiten Test unterziehen.","robots":{"index":"index","follow":"follow","max-snippet":"max-snippet:-1","max-image-preview":"max-image-preview:large","max-video-preview":"max-video-preview:-1"},"canonical":"https:\/\/www.maxpokerbonus.com\/de\/online-poker-seiten\/","og_locale":"de_DE","og_type":"article","og_title":"Der (10) Besten Online Poker Seiten und Poker Seite Tests","og_description":"Hier finden Sie die Liste der besten Online Poker Seiten. Jeder Poker Seite mu\u00df sich unserem Poker Seiten Test unterziehen.","og_url":"https:\/\/www.maxpokerbonus.com\/de\/online-poker-seiten\/","og_site_name":"Max Poker Bonus Deutschland","article_modified_time":"2018-12-11T20:58:09+00:00","og_image":[{"url":"https:\/\/www.maxpokerbonus.com\/de\/wp-content\/uploads\/de\/online-poker-seiten.jpg","type":"","width":"","height":""}],"twitter_card":"summary_large_image","twitter_misc":{"Gesch\u00e4tzte Lesezeit":"1\u00a0Minute"},"schema":{"@context":"https:\/\/schema.org","@graph":[{"@type":"WebPage","@id":"https:\/\/www.maxpokerbonus.com\/de\/online-poker-seiten\/","url":"https:\/\/www.maxpokerbonus.com\/de\/online-poker-seiten\/","name":"Der (10) Besten Online Poker Seiten und Poker Seite Tests","isPartOf":{"@id":"https:\/\/www.maxpokerbonus.com\/de\/#website"},"primaryImageOfPage":{"@id":"https:\/\/www.maxpokerbonus.com\/de\/online-poker-seiten\/#primaryimage"},"image":{"@id":"https:\/\/www.maxpokerbonus.com\/de\/online-poker-seiten\/#primaryimage"},"thumbnailUrl":"https:\/\/www.maxpokerbonus.com\/de\/wp-content\/uploads\/de\/online-poker-seiten.jpg","datePublished":"2018-11-26T13:17:49+00:00","dateModified":"2018-12-11T20:58:09+00:00","description":"Hier finden Sie die Liste der besten Online Poker Seiten. Jeder Poker Seite mu\u00df sich unserem Poker Seiten Test unterziehen.","breadcrumb":{"@id":"https:\/\/www.maxpokerbonus.com\/de\/online-poker-seiten\/#breadcrumb"},"inLanguage":"de","potentialAction":[{"@type":"ReadAction","target":["https:\/\/www.maxpokerbonus.com\/de\/online-poker-seiten\/"]}]},{"@type":"ImageObject","inLanguage":"de","@id":"https:\/\/www.maxpokerbonus.com\/de\/online-poker-seiten\/#primaryimage","url":"https:\/\/www.maxpokerbonus.com\/de\/wp-content\/uploads\/de\/2018\/11\/online-poker-seiten.jpg","contentUrl":"https:\/\/www.maxpokerbonus.com\/de\/wp-content\/uploads\/de\/2018\/11\/online-poker-seiten.jpg","width":240,"height":240,"caption":"Online Poker Seiten"},{"@type":"BreadcrumbList","@id":"https:\/\/www.maxpokerbonus.com\/de\/online-poker-seiten\/#breadcrumb","itemListElement":[{"@type":"ListItem","position":1,"name":"Startseite","item":"https:\/\/www.maxpokerbonus.com\/de\/"},{"@type":"ListItem","position":2,"name":"Online Poker Seiten"}]},{"@type":"WebSite","@id":"https:\/\/www.maxpokerbonus.com\/de\/#website","url":"https:\/\/www.maxpokerbonus.com\/de\/","name":"Max Poker Bonus Deutschland","description":"","potentialAction":[{"@type":"SearchAction","target":{"@type":"EntryPoint","urlTemplate":"https:\/\/www.maxpokerbonus.com\/de\/?s={search_term_string}"},"query-input":{"@type":"PropertyValueSpecification","valueRequired":true,"valueName":"search_term_string"}}],"inLanguage":"de"}]}},"_links":{"self":[{"href":"https:\/\/www.maxpokerbonus.com\/de\/wp-json\/wp\/v2\/pages\/7","targetHints":{"allow":["GET"]}}],"collection":[{"href":"https:\/\/www.maxpokerbonus.com\/de\/wp-json\/wp\/v2\/pages"}],"about":[{"href":"https:\/\/www.maxpokerbonus.com\/de\/wp-json\/wp\/v2\/types\/page"}],"author":[{"embeddable":true,"href":"https:\/\/www.maxpokerbonus.com\/de\/wp-json\/wp\/v2\/users\/1"}],"replies":[{"embeddable":true,"href":"https:\/\/www.maxpokerbonus.com\/de\/wp-json\/wp\/v2\/comments?post=7"}],"version-history":[{"count":0,"href":"https:\/\/www.maxpokerbonus.com\/de\/wp-json\/wp\/v2\/pages\/7\/revisions"}],"wp:attachment":[{"href":"https:\/\/www.maxpokerbonus.com\/de\/wp-json\/wp\/v2\/media?parent=7"}],"curies":[{"name":"wp","href":"https:\/\/api.w.org\/{rel}","templated":true}]}}