{"id":29,"date":"2018-11-27T09:13:38","date_gmt":"2018-11-27T09:13:38","guid":{"rendered":"https:\/\/www.maxpokerbonus.com\/nl\/?page_id=29"},"modified":"2018-11-28T11:38:08","modified_gmt":"2018-11-28T11:38:08","slug":"contact-opnemen","status":"publish","type":"page","link":"https:\/\/www.maxpokerbonus.com\/nl\/contact-opnemen\/","title":{"rendered":"Contact Opnemen"},"content":{"rendered":"<p><img loading=\"lazy\" decoding=\"async\" class=\"alignright size-full wp-image-82\" src=\"https:\/\/www.maxpokerbonus.com\/nl\/wp-content\/uploads\/nl\/support.jpg\" alt=\"Support\" width=\"240\" height=\"240\" \/>Je kunt ons altijd benaderen met vragen en idee\u00ebn, maar natuurlijk ook met problemen, waarbij het niets uitmaakt of het met ons &#8211; of met \u00e9\u00e9n van onze aanbevolen online pokersites te maken heeft. Uiteraard vinden wij het ook best leuk om zo nu en dan een complimentje te mogen ontvangen \ud83d\ude09<\/p>\n<p>Wij doen ons best om je verzoek zo vlug mogelijk te beantwoorden. Probeer de reden van je contact zo duidelijk en precies mogelijk te omschrijven, zodat wij je effici\u00ebnt kunnen helpen. Wij vragen nooit om wachtwoorden of om andere gevoelige gegevens m.b.t. je pokeraccount(s).<\/p>\n<p>Mocht je problemen hebben met een door ons geadverteerde online pokersite, stuur dan wel even je gebruikersnaam mee en stel ons mede op de hoogte van de stappen die je tot dus ver hebt genomen. Wij zullen op onze beurt contact opnemen met de desbetreffende pokersite en proberen je problemen zo snel mogelijk te verhelpen.<\/p>\n<p><strong>Gelieve alle\u00a0correspondentie via e-mail te sturen naar:<\/strong><\/p>\n<p>info [at] maxpokerbonus [dot] com\u00a0(of maak gebruik van het onderstaande e-mailformulier.)<\/p>\n","protected":false},"excerpt":{"rendered":"<p>Je kunt ons altijd benaderen met vragen en idee\u00ebn, maar natuurlijk ook met problemen, waarbij het niets uitmaakt of het met ons &#8211; of met \u00e9\u00e9n van onze aanbevolen online pokersites te maken heeft. Uiteraard vinden wij het ook best leuk om zo nu en dan een complimentje te mogen ontvangen \ud83d\ude09 Wij doen ons [&hellip;]<\/p>\n","protected":false},"author":1,"featured_media":0,"parent":0,"menu_order":0,"comment_status":"closed","ping_status":"closed","template":"","meta":{"_monsterinsights_skip_tracking":false,"_monsterinsights_sitenote_active":false,"_monsterinsights_sitenote_note":"","_monsterinsights_sitenote_category":0,"footnotes":""},"class_list":["post-29","page","type-page","status-publish","hentry"],"yoast_head":"<!-- This site is optimized with the Yoast SEO plugin v27.5 - https:\/\/yoast.com\/product\/yoast-seo-wordpress\/ -->\n<title>Contact Opnemen | Max Poker Bonus Nederland<\/title>\n<meta name=\"robots\" content=\"index, follow, max-snippet:-1, max-image-preview:large, max-video-preview:-1\" \/>\n<link rel=\"canonical\" href=\"https:\/\/www.maxpokerbonus.com\/nl\/contact-opnemen\/\" \/>\n<meta property=\"og:locale\" content=\"nl_NL\" \/>\n<meta property=\"og:type\" content=\"article\" \/>\n<meta property=\"og:title\" content=\"Contact Opnemen | Max Poker Bonus Nederland\" \/>\n<meta property=\"og:description\" content=\"Je kunt ons altijd benaderen met vragen en idee\u00ebn, maar natuurlijk ook met problemen, waarbij het niets uitmaakt of het met ons &#8211; of met \u00e9\u00e9n van onze aanbevolen online pokersites te maken heeft. Uiteraard vinden wij het ook best leuk om zo nu en dan een complimentje te mogen ontvangen \ud83d\ude09 Wij doen ons [&hellip;]\" \/>\n<meta property=\"og:url\" content=\"https:\/\/www.maxpokerbonus.com\/nl\/contact-opnemen\/\" \/>\n<meta property=\"og:site_name\" content=\"Max Poker Bonus Nederland\" \/>\n<meta property=\"article:modified_time\" content=\"2018-11-28T11:38:08+00:00\" \/>\n<meta property=\"og:image\" content=\"https:\/\/www.maxpokerbonus.com\/nl\/wp-content\/uploads\/nl\/support.jpg\" \/>\n<meta name=\"twitter:card\" content=\"summary_large_image\" \/>\n<meta name=\"twitter:label1\" content=\"Geschatte leestijd\" \/>\n\t<meta name=\"twitter:data1\" content=\"1 minuut\" \/>\n<script type=\"application\/ld+json\" class=\"yoast-schema-graph\">{\"@context\":\"https:\\\/\\\/schema.org\",\"@graph\":[{\"@type\":\"WebPage\",\"@id\":\"https:\\\/\\\/www.maxpokerbonus.com\\\/nl\\\/contact-opnemen\\\/\",\"url\":\"https:\\\/\\\/www.maxpokerbonus.com\\\/nl\\\/contact-opnemen\\\/\",\"name\":\"Contact Opnemen | Max Poker Bonus Nederland\",\"isPartOf\":{\"@id\":\"https:\\\/\\\/www.maxpokerbonus.com\\\/nl\\\/#website\"},\"primaryImageOfPage\":{\"@id\":\"https:\\\/\\\/www.maxpokerbonus.com\\\/nl\\\/contact-opnemen\\\/#primaryimage\"},\"image\":{\"@id\":\"https:\\\/\\\/www.maxpokerbonus.com\\\/nl\\\/contact-opnemen\\\/#primaryimage\"},\"thumbnailUrl\":\"https:\\\/\\\/www.maxpokerbonus.com\\\/nl\\\/wp-content\\\/uploads\\\/nl\\\/support.jpg\",\"datePublished\":\"2018-11-27T09:13:38+00:00\",\"dateModified\":\"2018-11-28T11:38:08+00:00\",\"breadcrumb\":{\"@id\":\"https:\\\/\\\/www.maxpokerbonus.com\\\/nl\\\/contact-opnemen\\\/#breadcrumb\"},\"inLanguage\":\"nl-NL\",\"potentialAction\":[{\"@type\":\"ReadAction\",\"target\":[\"https:\\\/\\\/www.maxpokerbonus.com\\\/nl\\\/contact-opnemen\\\/\"]}]},{\"@type\":\"ImageObject\",\"inLanguage\":\"nl-NL\",\"@id\":\"https:\\\/\\\/www.maxpokerbonus.com\\\/nl\\\/contact-opnemen\\\/#primaryimage\",\"url\":\"https:\\\/\\\/www.maxpokerbonus.com\\\/nl\\\/wp-content\\\/uploads\\\/nl\\\/support.jpg\",\"contentUrl\":\"https:\\\/\\\/www.maxpokerbonus.com\\\/nl\\\/wp-content\\\/uploads\\\/nl\\\/support.jpg\"},{\"@type\":\"BreadcrumbList\",\"@id\":\"https:\\\/\\\/www.maxpokerbonus.com\\\/nl\\\/contact-opnemen\\\/#breadcrumb\",\"itemListElement\":[{\"@type\":\"ListItem\",\"position\":1,\"name\":\"Home\",\"item\":\"https:\\\/\\\/www.maxpokerbonus.com\\\/nl\\\/\"},{\"@type\":\"ListItem\",\"position\":2,\"name\":\"Contact Opnemen\"}]},{\"@type\":\"WebSite\",\"@id\":\"https:\\\/\\\/www.maxpokerbonus.com\\\/nl\\\/#website\",\"url\":\"https:\\\/\\\/www.maxpokerbonus.com\\\/nl\\\/\",\"name\":\"Max Poker Bonus Nederland\",\"description\":\"\",\"potentialAction\":[{\"@type\":\"SearchAction\",\"target\":{\"@type\":\"EntryPoint\",\"urlTemplate\":\"https:\\\/\\\/www.maxpokerbonus.com\\\/nl\\\/?s={search_term_string}\"},\"query-input\":{\"@type\":\"PropertyValueSpecification\",\"valueRequired\":true,\"valueName\":\"search_term_string\"}}],\"inLanguage\":\"nl-NL\"}]}<\/script>\n<!-- \/ Yoast SEO plugin. -->","yoast_head_json":{"title":"Contact Opnemen | Max Poker Bonus Nederland","robots":{"index":"index","follow":"follow","max-snippet":"max-snippet:-1","max-image-preview":"max-image-preview:large","max-video-preview":"max-video-preview:-1"},"canonical":"https:\/\/www.maxpokerbonus.com\/nl\/contact-opnemen\/","og_locale":"nl_NL","og_type":"article","og_title":"Contact Opnemen | Max Poker Bonus Nederland","og_description":"Je kunt ons altijd benaderen met vragen en idee\u00ebn, maar natuurlijk ook met problemen, waarbij het niets uitmaakt of het met ons &#8211; of met \u00e9\u00e9n van onze aanbevolen online pokersites te maken heeft. Uiteraard vinden wij het ook best leuk om zo nu en dan een complimentje te mogen ontvangen \ud83d\ude09 Wij doen ons [&hellip;]","og_url":"https:\/\/www.maxpokerbonus.com\/nl\/contact-opnemen\/","og_site_name":"Max Poker Bonus Nederland","article_modified_time":"2018-11-28T11:38:08+00:00","og_image":[{"url":"https:\/\/www.maxpokerbonus.com\/nl\/wp-content\/uploads\/nl\/support.jpg","type":"","width":"","height":""}],"twitter_card":"summary_large_image","twitter_misc":{"Geschatte leestijd":"1 minuut"},"schema":{"@context":"https:\/\/schema.org","@graph":[{"@type":"WebPage","@id":"https:\/\/www.maxpokerbonus.com\/nl\/contact-opnemen\/","url":"https:\/\/www.maxpokerbonus.com\/nl\/contact-opnemen\/","name":"Contact Opnemen | Max Poker Bonus Nederland","isPartOf":{"@id":"https:\/\/www.maxpokerbonus.com\/nl\/#website"},"primaryImageOfPage":{"@id":"https:\/\/www.maxpokerbonus.com\/nl\/contact-opnemen\/#primaryimage"},"image":{"@id":"https:\/\/www.maxpokerbonus.com\/nl\/contact-opnemen\/#primaryimage"},"thumbnailUrl":"https:\/\/www.maxpokerbonus.com\/nl\/wp-content\/uploads\/nl\/support.jpg","datePublished":"2018-11-27T09:13:38+00:00","dateModified":"2018-11-28T11:38:08+00:00","breadcrumb":{"@id":"https:\/\/www.maxpokerbonus.com\/nl\/contact-opnemen\/#breadcrumb"},"inLanguage":"nl-NL","potentialAction":[{"@type":"ReadAction","target":["https:\/\/www.maxpokerbonus.com\/nl\/contact-opnemen\/"]}]},{"@type":"ImageObject","inLanguage":"nl-NL","@id":"https:\/\/www.maxpokerbonus.com\/nl\/contact-opnemen\/#primaryimage","url":"https:\/\/www.maxpokerbonus.com\/nl\/wp-content\/uploads\/nl\/support.jpg","contentUrl":"https:\/\/www.maxpokerbonus.com\/nl\/wp-content\/uploads\/nl\/support.jpg"},{"@type":"BreadcrumbList","@id":"https:\/\/www.maxpokerbonus.com\/nl\/contact-opnemen\/#breadcrumb","itemListElement":[{"@type":"ListItem","position":1,"name":"Home","item":"https:\/\/www.maxpokerbonus.com\/nl\/"},{"@type":"ListItem","position":2,"name":"Contact Opnemen"}]},{"@type":"WebSite","@id":"https:\/\/www.maxpokerbonus.com\/nl\/#website","url":"https:\/\/www.maxpokerbonus.com\/nl\/","name":"Max Poker Bonus Nederland","description":"","potentialAction":[{"@type":"SearchAction","target":{"@type":"EntryPoint","urlTemplate":"https:\/\/www.maxpokerbonus.com\/nl\/?s={search_term_string}"},"query-input":{"@type":"PropertyValueSpecification","valueRequired":true,"valueName":"search_term_string"}}],"inLanguage":"nl-NL"}]}},"_links":{"self":[{"href":"https:\/\/www.maxpokerbonus.com\/nl\/wp-json\/wp\/v2\/pages\/29","targetHints":{"allow":["GET"]}}],"collection":[{"href":"https:\/\/www.maxpokerbonus.com\/nl\/wp-json\/wp\/v2\/pages"}],"about":[{"href":"https:\/\/www.maxpokerbonus.com\/nl\/wp-json\/wp\/v2\/types\/page"}],"author":[{"embeddable":true,"href":"https:\/\/www.maxpokerbonus.com\/nl\/wp-json\/wp\/v2\/users\/1"}],"replies":[{"embeddable":true,"href":"https:\/\/www.maxpokerbonus.com\/nl\/wp-json\/wp\/v2\/comments?post=29"}],"version-history":[{"count":0,"href":"https:\/\/www.maxpokerbonus.com\/nl\/wp-json\/wp\/v2\/pages\/29\/revisions"}],"wp:attachment":[{"href":"https:\/\/www.maxpokerbonus.com\/nl\/wp-json\/wp\/v2\/media?parent=29"}],"curies":[{"name":"wp","href":"https:\/\/api.w.org\/{rel}","templated":true}]}}